{"id":79572,"date":"2022-03-10T15:40:00","date_gmt":"2022-03-10T14:40:00","guid":{"rendered":"https:\/\/secureus.se\/produkt\/kabel-ea220-10m-for-el-402502-480-482-580582\/"},"modified":"2026-04-01T13:00:25","modified_gmt":"2026-04-01T11:00:25","slug":"kabel-ea220-10m-for-el-402502-480-482-580582","status":"publish","type":"product","link":"https:\/\/secureus.se\/dk\/kabel-ea220-10m-for-el-402502-480-482-580582\/","title":{"rendered":"Kabel EA220 10m til EL 402, 502, 480, 482, 580, 582"},"content":{"rendered":"<p>10 meter tilslutningskabler til Abloy ell\u00e5se.<\/p>\n<p>Flertr\u00e5dskabel til tilslutning af l\u00e5s til samled\u00e5se.<\/p>\n<p>Kablerne er 10 meter og udstyret med en hurtig forbindelse.<\/p>\n<p>Passer til EL402, EL502, EL480, EL482, EL580, EL582.<\/p>","protected":false},"excerpt":{"rendered":"<p>10 meter tilslutningskabler til Abloy ell\u00e5se. Flertr\u00e5dskabel til tilslutning af l\u00e5s til samled\u00e5se. Kablerne er 10 meter og udstyret med en hurtig forbindelse. Passer til EL402, EL502, EL480, EL482, EL580, EL582.<\/p>","protected":false},"featured_media":145102,"template":"","meta":{"_acf_changed":false},"product_brand":[],"product_cat":[2429,2834],"product_tag":[2931,2929,2930,2928,2927,2299,2417],"class_list":{"0":"post-79572","1":"product","2":"type-product","3":"status-publish","4":"has-post-thumbnail","6":"product_cat-ellas","7":"product_cat-ellas-motorlastillbehor","8":"product_tag-abloy-el480","9":"product_tag-abloy-el482","10":"product_tag-abloy-el502","11":"product_tag-abloy-el580","12":"product_tag-abloy-el582","13":"product_tag-ellas-tillbehor-anslutningskabel","14":"product_tag-rel-abloy-ellas","15":"product_shipping_class-postnord-varubrev","16":"pa_brands-abloy","17":"tm-no-options","19":"first","20":"instock","21":"sale","22":"featured","23":"taxable","24":"shipping-taxable","25":"purchasable","26":"product-type-simple"},"acf":[],"_links":{"self":[{"href":"https:\/\/secureus.se\/dk\/wp-json\/wp\/v2\/product\/79572","targetHints":{"allow":["GET"]}}],"collection":[{"href":"https:\/\/secureus.se\/dk\/wp-json\/wp\/v2\/product"}],"about":[{"href":"https:\/\/secureus.se\/dk\/wp-json\/wp\/v2\/types\/product"}],"wp:featuredmedia":[{"embeddable":true,"href":"https:\/\/secureus.se\/dk\/wp-json\/wp\/v2\/media\/145102"}],"wp:attachment":[{"href":"https:\/\/secureus.se\/dk\/wp-json\/wp\/v2\/media?parent=79572"}],"wp:term":[{"taxonomy":"product_brand","embeddable":true,"href":"https:\/\/secureus.se\/dk\/wp-json\/wp\/v2\/product_brand?post=79572"},{"taxonomy":"product_cat","embeddable":true,"href":"https:\/\/secureus.se\/dk\/wp-json\/wp\/v2\/product_cat?post=79572"},{"taxonomy":"product_tag","embeddable":true,"href":"https:\/\/secureus.se\/dk\/wp-json\/wp\/v2\/product_tag?post=79572"}],"curies":[{"name":"wp","href":"https:\/\/api.w.org\/{rel}","templated":true}]}}