{"id":79600,"date":"2022-03-10T15:40:00","date_gmt":"2022-03-10T14:40:00","guid":{"rendered":"https:\/\/secureus.se\/produkt\/abloy-el480-split-funktion-35-mm\/"},"modified":"2026-04-01T12:59:51","modified_gmt":"2026-04-01T10:59:51","slug":"abloy-el480-split-funktion-35-mm","status":"publish","type":"product","link":"https:\/\/secureus.se\/dk\/abloy-el480-split-funktion-35-mm\/","title":{"rendered":"Abloy EL480 split funktion 35 mm"},"content":{"rendered":"<div>\n<h3>Anvendelsesomr\u00e5de<\/h3>\n<p>Elektrisk trykl\u00e5s EL480 er en multifunktionsl\u00e5s tilpasset h\u00f8jfrekvensd\u00f8re i smalprofildesign.<\/p>\n<p>velegnet som dagafl\u00e5sning og indvendig afl\u00e5sning i handel, kontor og industri eller i indgange og offentlige arealer i flerfamiliehuse. ABLOY EL480 kan bruges i brandcellegr\u00e6nse.<\/p>\n<h3>Egenskaber<\/h3>\n<p>\u2022 Sammenl\u00e5st trykfald L\u00e5sen kan altid betjenes med cylinder \/ drejeknap<\/p>\n<p>\u2022 Multifunktionel<\/p>\n<p>\u2013 12-24VDC, stabil<\/p>\n<p>\u2013 let omskiftelig frem\/tilbage-funktion<\/p>\n<p>\u2013 let omskiftelig elektrisk \/ mekanisk betjent side<\/p>\n<p>2 mikrokontakter<\/p>\n<p>\u2013 Interlocking (d\u00f8rposition)<\/p>\n<p>\u2013 Presset bev\u00e6gelse 29 eller 35 mm dorndybde<\/p>\n<p>Alle kabler monteret med stik for nem installation med tilslutningskabel EA220 Fuldt tilpasset ASSA ABLOY fatningsstativer<\/p>\n<h3>Feature<\/h3>\n<p>EL480 med split funktion<\/p>\n<p>\u2013 Udvendigt tryk elektrisk betjent<\/p>\n<p>- Trykket p\u00e5 indersiden \u00e5bner altid l\u00e5sen mekanisk<\/p>\n<h3>Teknisk data<\/h3>\n<p>\u2022 Str\u00f8mforbrug Maks. 350mA<\/p>\n<p>\u2022 Hvile 120 mA<\/p>\n<p>\u2022 Mikroswitch 1-polet kobling Maks. 30 VDC, 400 mA<\/p>\n<\/div>","protected":false},"excerpt":{"rendered":"<p>Anvendelsesomr\u00e5de Elektrisk trykl\u00e5s EL480 er en multifunktionsl\u00e5s tilpasset h\u00f8jfrekvente d\u00f8re i et smalt profildesign. velegnet som dagafl\u00e5sning og indvendig afl\u00e5sning i handel, kontorer og industri eller i entre og offentlige arealer<\/p>","protected":false},"featured_media":145417,"template":"","meta":{"_acf_changed":false},"product_brand":[],"product_cat":[2429],"product_tag":[2931,2289,2417],"class_list":{"0":"post-79600","1":"product","2":"type-product","3":"status-publish","4":"has-post-thumbnail","6":"product_cat-ellas","7":"product_tag-abloy-el480","8":"product_tag-ellas-split-spindle","9":"product_tag-rel-abloy-ellas","10":"product_shipping_class-tunga-paket","11":"pa_brands-abloy","12":"tm-no-options","14":"first","15":"instock","16":"sale","17":"featured","18":"taxable","19":"shipping-taxable","20":"purchasable","21":"product-type-simple"},"acf":[],"_links":{"self":[{"href":"https:\/\/secureus.se\/dk\/wp-json\/wp\/v2\/product\/79600","targetHints":{"allow":["GET"]}}],"collection":[{"href":"https:\/\/secureus.se\/dk\/wp-json\/wp\/v2\/product"}],"about":[{"href":"https:\/\/secureus.se\/dk\/wp-json\/wp\/v2\/types\/product"}],"wp:featuredmedia":[{"embeddable":true,"href":"https:\/\/secureus.se\/dk\/wp-json\/wp\/v2\/media\/145417"}],"wp:attachment":[{"href":"https:\/\/secureus.se\/dk\/wp-json\/wp\/v2\/media?parent=79600"}],"wp:term":[{"taxonomy":"product_brand","embeddable":true,"href":"https:\/\/secureus.se\/dk\/wp-json\/wp\/v2\/product_brand?post=79600"},{"taxonomy":"product_cat","embeddable":true,"href":"https:\/\/secureus.se\/dk\/wp-json\/wp\/v2\/product_cat?post=79600"},{"taxonomy":"product_tag","embeddable":true,"href":"https:\/\/secureus.se\/dk\/wp-json\/wp\/v2\/product_tag?post=79600"}],"curies":[{"name":"wp","href":"https:\/\/api.w.org\/{rel}","templated":true}]}}