{"id":79602,"date":"2022-03-10T15:40:00","date_gmt":"2022-03-10T14:40:00","guid":{"rendered":"https:\/\/secureus.se\/produkt\/abloy-solenoidlas-el502-rattvand\/"},"modified":"2026-04-01T13:02:02","modified_gmt":"2026-04-01T11:02:02","slug":"abloy-solenoidlas-el502-rattvand","status":"publish","type":"product","link":"https:\/\/secureus.se\/dk\/abloy-solenoidlas-el502-rattvand\/","title":{"rendered":"Abloy magnetl\u00e5s EL502 H\u00f8jrevendt"},"content":{"rendered":"<p>Magnetl\u00e5s EL502 er tilpasset h\u00f8jfrekvente d\u00f8re med modul\u00e6re udsparinger. L\u00e5sen er velegnet som dagafl\u00e5sning og indvendig afl\u00e5sning i handel, kontorer og industri eller i indgange og offentlige arealer i flerfamiliehuse. Tilpasset til montage sammen med d\u00f8rautomatik. EL502 m\u00e5 IKKE bruges som brandd\u00e6mpningsfunktion i en brandcellegr\u00e6nse og m\u00e5 IKKE uds\u00e6ttes for strimmeltryk. H\u00f8jrevendt funktion. Sp\u00e6rringen oph\u00e6ves med elektrisk styring eller med cylinder\/knop. N\u00e5r l\u00e5sen udl\u00f8ses, kan d\u00f8ren tr\u00e6kkes\/skydes op. De dobbeltfunktionshuse tr\u00e6kkes ikke tilbage, men foldes i stedet v\u00e6k.<br \/>\nSp\u00e6nding: 12 \u2013 24 VDC (-10% +15%)<br \/>\nStr\u00f8mforbrug ved 24 VDC: hvile 0 mA, drift 110 mA, start 270 mA (start &lt;0,1 s)<br \/>\nTemperaturomr\u00e5de: -20 til +60\u00b0C<br \/>\nFaldlinealfremspring: 14 mm<br \/>\nDorndybde: 50 mm<br \/>\nStolpe: 22 mm<br \/>\nEndeplade: LP711<br \/>\nTilslutningskabel: EA220<br \/>\nD\u00f8rspalte: 3 \u2013 5 mm<\/p>\n<p>Leverand\u00f8rens artikelnummer: 1005020000<\/p>","protected":false},"excerpt":{"rendered":"<p>Magnetl\u00e5s EL502 er tilpasset h\u00f8jfrekvente d\u00f8re med modul\u00e6re udsparinger. L\u00e5sen er velegnet som dagafl\u00e5sning og indvendig afl\u00e5sning i handel, kontor og industri eller i indgange og offentlige arealer i flerfamiliehuse.<\/p>","protected":false},"featured_media":140894,"template":"","meta":{"_acf_changed":false},"product_brand":[],"product_cat":[2429],"product_tag":[2930,2287,2417],"class_list":{"0":"post-79602","1":"product","2":"type-product","3":"status-publish","4":"has-post-thumbnail","6":"product_cat-ellas","7":"product_tag-abloy-el502","8":"product_tag-ellas-solenoidlas","9":"product_tag-rel-abloy-ellas","10":"product_shipping_class-tunga-paket","11":"pa_brands-abloy","12":"tm-no-options","14":"first","15":"instock","16":"sale","17":"featured","18":"taxable","19":"shipping-taxable","20":"purchasable","21":"product-type-simple"},"acf":[],"_links":{"self":[{"href":"https:\/\/secureus.se\/dk\/wp-json\/wp\/v2\/product\/79602","targetHints":{"allow":["GET"]}}],"collection":[{"href":"https:\/\/secureus.se\/dk\/wp-json\/wp\/v2\/product"}],"about":[{"href":"https:\/\/secureus.se\/dk\/wp-json\/wp\/v2\/types\/product"}],"wp:featuredmedia":[{"embeddable":true,"href":"https:\/\/secureus.se\/dk\/wp-json\/wp\/v2\/media\/140894"}],"wp:attachment":[{"href":"https:\/\/secureus.se\/dk\/wp-json\/wp\/v2\/media?parent=79602"}],"wp:term":[{"taxonomy":"product_brand","embeddable":true,"href":"https:\/\/secureus.se\/dk\/wp-json\/wp\/v2\/product_brand?post=79602"},{"taxonomy":"product_cat","embeddable":true,"href":"https:\/\/secureus.se\/dk\/wp-json\/wp\/v2\/product_cat?post=79602"},{"taxonomy":"product_tag","embeddable":true,"href":"https:\/\/secureus.se\/dk\/wp-json\/wp\/v2\/product_tag?post=79602"}],"curies":[{"name":"wp","href":"https:\/\/api.w.org\/{rel}","templated":true}]}}