{"id":81561,"date":"2023-03-17T10:38:07","date_gmt":"2023-03-17T09:38:07","guid":{"rendered":"https:\/\/secureus.se\/produkt\/monteringsfaste-kameradetektor-svart\/"},"modified":"2026-03-10T11:03:27","modified_gmt":"2026-03-10T10:03:27","slug":"ajax-smart-bracket-svart","status":"publish","type":"product","link":"https:\/\/secureus.se\/dk\/ajax-smart-bracket-svart\/","title":{"rendered":"Ajax Smart Bracket Reservedel Monteringsbeslag Kameradetektor Sort"},"content":{"rendered":"<div class=\"flex max-w-full flex-col flex-grow\">\n<div class=\"min-h-8 text-message flex w-full flex-col items-end gap-2 whitespace-normal break-words [.text-message+&amp;]:mt-5\" dir=\"auto\" data-message-author-role=\"assistant\" data-message-id=\"420d9b7e-dd5f-49c6-9d41-c6ce62c99f39\" data-message-model-slug=\"gpt-4o-mini\">\n<div class=\"flex w-full flex-col gap-1 empty:hidden first:pt-[3px]\">\n<div class=\"markdown prose w-full break-words dark:prose-invert light\">\n<h3><strong>Ajax Smart Bracket Monteringsf\u00e4ste Kameradetektor Svart<\/strong> \u00e4r en innovativ l\u00f6sning designad f\u00f6r att s\u00e4kerst\u00e4lla en smidig och s\u00e4ker installation av Ajax kameradetektorer.<\/h3>\n<p>Detta f\u00e4ste g\u00f6r det enkelt att montera detektorn p\u00e5 en vertikal yta eller i ett h\u00f6rn av rummet, vilket ger full flexibilitet i installationen och m\u00f6jligg\u00f6r b\u00e4sta m\u00f6jliga detektering och signalmottagning.<\/p>\n<p><strong>F\u00f6rdelar med Ajax Smart Bracket Monteringsf\u00e4ste<\/strong><br \/>\nAjax Smart Bracket \u00e4r det perfekta tillbeh\u00f6ret f\u00f6r Ajax r\u00f6relsedetektorer som MotionCam. Med en design som g\u00f6r installationen snabb och enkel kan du justera monteringsh\u00f6jden, och det finns m\u00f6jlighet att anv\u00e4nda dubbelh\u00e4ftande tejp eller andra tillf\u00e4lliga f\u00e4sten f\u00f6r en snabbare installation.<\/p>\n<p>Monteringspanelen \u00e4r ocks\u00e5 f\u00f6rsedd med perforerade h\u00e5l, som g\u00f6r det l\u00e4tt att f\u00e4sta den med skruvar.<\/p>\n<p>Detta s\u00e4kerst\u00e4ller att du har en fast och stabil montering.<\/p>\n<p><strong>Optimerad Signalstyrka och Detektering<\/strong><br \/>\nN\u00e4r du installerar Smart Bracket rekommenderas det att k\u00f6ra signalstyrketester f\u00f6r att s\u00e4kerst\u00e4lla en bra kommunikation mellan detektorn och Ajax-systemet.<\/p>\n<p>En bra signalstyrka \u00e4r avg\u00f6rande f\u00f6r att s\u00e4kerst\u00e4lla stabil drift av systemet.<\/p>\n<p>Om signalstyrkan \u00e4r f\u00f6r l\u00e5g kan en enkel ompositionering f\u00f6rb\u00e4ttra mottagningen avsev\u00e4rt. I vissa fall, d\u00e4r signalen fortfarande \u00e4r svag, kan en ReX 2 r\u00e4ckviddsf\u00f6rl\u00e4ngare anv\u00e4ndas f\u00f6r att st\u00e4rka signalen och s\u00e4kerst\u00e4lla att systemet fungerar optimalt.<\/p>\n<p><strong>Justerbar Detektionszon och Flexibel Installation<\/strong><br \/>\nMed Smart Bracket kan du enkelt testa r\u00f6relsedektorns r\u00e4ckvidd och justera detektionszonen f\u00f6r att passa ditt rum.<\/p>\n<p>Detektorns maximala r\u00e4ckvidd \u00e4r 12 meter, och du kan enkelt flytta enheten om den inte reagerar korrekt under testet.<\/p>\n<p>Den flexibla installationen g\u00f6r det ocks\u00e5 enkelt att justera kamerans position f\u00f6r att s\u00e4kerst\u00e4lla att hela det \u00f6nskade omr\u00e5det t\u00e4cks.<\/p>\n<p><strong>S\u00e4ker och P\u00e5litlig Montering<\/strong><br \/>\nAjax Smart Bracket \u00e4r tillverkad f\u00f6r att ge p\u00e5litlig och s\u00e4ker montering av din kameradetektor.<\/p>\n<p>Med det smarta f\u00e4stsystemet kan du vara s\u00e4ker p\u00e5 att din detektor sitter fast ordentligt, och med de medf\u00f6ljande skruvarna f\u00e5r du en l\u00e5ngsiktig l\u00f6sning f\u00f6r s\u00e4kerhetssystemet.<\/p>\n<p>Detta g\u00f6r att installationen inte bara \u00e4r enkel, utan ocks\u00e5 s\u00e4ker och h\u00e5llbar.<\/p>\n<p><strong>Kompatibilitet och Enkel Installation<\/strong><br \/>\nSmart Bracket \u00e4r kompatibelt med Ajax r\u00f6relsedetektorer och kameror som anv\u00e4nder Jeweller och Wings-protokollen f\u00f6r att s\u00e4kerst\u00e4lla att din enhet fungerar perfekt tillsammans med systemet.<\/p>\n<p>Installationen av f\u00e4stet \u00e4r enkel och snabb, och alla n\u00f6dv\u00e4ndiga verktyg f\u00f6r montering f\u00f6ljer med i paketet, vilket g\u00f6r installationen till en smidig process.<\/p>\n<p><strong>Specifikationer<\/strong>:<\/p>\n<ul>\n<li><strong>Kompatibilitet<\/strong>: MotionCam, kameradetektorer och andra Ajax-enheter med Jeweller\/Wings<\/li>\n<li><strong>Material<\/strong>: Plast<\/li>\n<li><strong>F\u00e4rg<\/strong>: Svart<\/li>\n<li><strong>Montering<\/strong>: Vertikal yta eller h\u00f6rn<\/li>\n<li><strong>Installationsh\u00f6jd<\/strong>: Rekommenderad h\u00f6jd 2,4 meter<\/li>\n<li><strong>Signalstyrka<\/strong>: Test och justering f\u00f6r optimal kommunikation<\/li>\n<li><strong>Installation<\/strong>: Enkel att installera med skruvar eller dubbelh\u00e4ftande tejp<\/li>\n<\/ul>\n<p><strong>F\u00f6rpackningen Inneh\u00e5ller<\/strong>:<\/p>\n<ul>\n<li>1 x Ajax Smart Bracket Monteringsf\u00e4ste<\/li>\n<li>Skruvar f\u00f6r installation<\/li>\n<li>Snabbstartsguide<\/li>\n<\/ul>\n<p><strong>Slutsats<\/strong>:<br \/>\nAjax Smart Bracket Monteringsf\u00e4ste Kameradetektor Svart \u00e4r den perfekta l\u00f6sningen f\u00f6r att installera Ajax r\u00f6relsedetektorer och kameror p\u00e5 ett s\u00e4kert och enkelt s\u00e4tt.<\/p>\n<p>Med flexibla installationsm\u00f6jligheter, optimerad signalstyrka och s\u00e4ker montering, s\u00e4kerst\u00e4ller detta f\u00e4ste att ditt Ajax-larmsystem fungerar p\u00e5 b\u00e4sta m\u00f6jliga s\u00e4tt.<\/p>\n<\/div>\n<\/div>\n<\/div>\n<\/div>\n<div class=\"mb-2 flex gap-3 empty:hidden -ml-2\">\n<div class=\"items-center justify-start rounded-xl p-1 flex\">\n<div class=\"flex items-center\"><\/div>\n<\/div>\n<\/div>\n<p>&nbsp;<\/p>\n","protected":false},"excerpt":{"rendered":"<p>Ajax Smart Bracket Monteringsbeslag i sort er et brugervenligt beslag til nem og sikker montering af Ajax kameradetektorer.<\/p>\n<p>Med mulighed for justering af h\u00f8jde og placering af installationen sikres optimal signalstyrke og detektering.<\/p>\n<p>&nbsp;<\/p>","protected":false},"featured_media":0,"template":"","meta":{"_acf_changed":false},"product_brand":[],"product_cat":[3128],"product_tag":[],"class_list":{"0":"post-81561","1":"product","2":"type-product","3":"status-publish","5":"product_cat-ajax-reservdelar-fasten","6":"product_shipping_class-postnord-varubrev","7":"pa_brands-ajax-systems","8":"pa_color-svart","9":"pa_farg-svart","10":"tm-no-options","12":"first","13":"onbackorder","14":"sale","15":"featured","16":"taxable","17":"shipping-taxable","18":"purchasable","19":"product-type-simple"},"acf":[],"_links":{"self":[{"href":"https:\/\/secureus.se\/dk\/wp-json\/wp\/v2\/product\/81561","targetHints":{"allow":["GET"]}}],"collection":[{"href":"https:\/\/secureus.se\/dk\/wp-json\/wp\/v2\/product"}],"about":[{"href":"https:\/\/secureus.se\/dk\/wp-json\/wp\/v2\/types\/product"}],"wp:attachment":[{"href":"https:\/\/secureus.se\/dk\/wp-json\/wp\/v2\/media?parent=81561"}],"wp:term":[{"taxonomy":"product_brand","embeddable":true,"href":"https:\/\/secureus.se\/dk\/wp-json\/wp\/v2\/product_brand?post=81561"},{"taxonomy":"product_cat","embeddable":true,"href":"https:\/\/secureus.se\/dk\/wp-json\/wp\/v2\/product_cat?post=81561"},{"taxonomy":"product_tag","embeddable":true,"href":"https:\/\/secureus.se\/dk\/wp-json\/wp\/v2\/product_tag?post=81561"}],"curies":[{"name":"wp","href":"https:\/\/api.w.org\/{rel}","templated":true}]}}