{"id":81788,"date":"2022-11-28T13:13:05","date_gmt":"2022-11-28T12:13:05","guid":{"rendered":"https:\/\/secureus.se\/produkt\/ajax-motionprotect-plus-svart-kombidetektor-husdjur-12m-tradlos\/"},"modified":"2026-03-30T12:21:31","modified_gmt":"2026-03-30T10:21:31","slug":"ajax-motionprotect-plus-husdjur-svart","status":"publish","type":"product","link":"https:\/\/secureus.se\/dk\/ajax-motionprotect-plus-husdjur-svart\/","title":{"rendered":"Ajax MotionProtect Plus - Kombineret IR\/MV-detektor - Pet Immune - Til barskere milj\u00f8er - Sort"},"content":{"rendered":"<h3><strong>Ajax MotionProtect Plus \u2013 Den perfekte bev\u00e6gelsesdetektor til hjemmet og kontoret<\/strong><\/h3>\n<p>Ajax MotionProtect Plus er en innovativ og p\u00e5lidelig tr\u00e5dl\u00f8s bev\u00e6gelsesdetektor, der tilbyder overlegen sikkerhed til dit hjem eller din virksomhed.<\/p>\n<p>Udstyret med b\u00e5de en PIR-sensor (passiv infrar\u00f8d sensor) og en mikrob\u00f8lgesensor, kan MotionProtect Plus hurtigt og effektivt registrere bev\u00e6gelse, selv i udfordrende milj\u00f8er med forstyrrelser s\u00e5som aircondition, \u00e5ben ild eller flimrende lys.<\/p>\n<p>Dens avancerede teknologi g\u00f8r den til det perfekte valg til at sikre p\u00e5lidelig og pr\u00e6cis detektion uden at for\u00e5rsage falske alarmer.<\/p>\n<p><strong>Avanceret teknologi til overlegen detektion<\/strong><\/p>\n<p>MotionProtect Plus kombinerer to detektionssystemer \u2013 PIR-sensorer og mikrob\u00f8lgesensorer \u2013 som muligg\u00f8r meget h\u00f8j n\u00f8jagtighed, n\u00e5r det kommer til at detektere menneskelig bev\u00e6gelse.<\/p>\n<p>PIR-sensoren reagerer p\u00e5 temperaturforskelle, mens mikrob\u00f8lgesensoren bortfiltrerer forstyrrelser for\u00e5rsaget af aircondition, gardiner, bl\u00e6nding eller refleksioner.<\/p>\n<p>Denne kombination g\u00f8r det muligt for enheden at skelne mellem reelle trusler og potentielle forstyrrelser, hvilket reducerer risikoen for falske alarmer.<\/p>\n<p><strong>K\u00e6ledyrssikker detektion<\/strong><\/p>\n<p>En af de mest bem\u00e6rkelsesv\u00e6rdige egenskaber ved MotionProtect Plus er dens k\u00e6ledyrsimmunitet.<\/p>\n<p>Den er designet til at ignorere bev\u00e6gelser fra k\u00e6ledyr, der vejer op til 20 kg og op til 50 cm h\u00f8je, hvilket g\u00f8r den ideel til husholdninger med dyr.<\/p>\n<p>Dette mindsker risikoen for falske alarmer for\u00e5rsaget af k\u00e6ledyr, og g\u00f8r det muligt at bruge detektoren i hjem med b\u00e5de sm\u00e5 og store k\u00e6ledyr.<\/p>\n<p><strong>P\u00e5lidelig og langvarig ydeevne<\/strong><\/p>\n<p>MotionProtect Plus har en lang batterilevetid p\u00e5 op til 5 \u00e5r, hvilket betyder, at du kan indstille den og glemme den uden at skulle skifte batterier ofte.<\/p>\n<p>Detektoren er desuden udstyret med avanceret energistyring, som g\u00f8r den b\u00e5de holdbar og p\u00e5lidelig over l\u00e6ngere tid.<\/p>\n<p>Den er kompatibel med alle Ajax-hubs og fungerer problemfrit med resten af sikkerhedssystemet for at give omfattende beskyttelse.<\/p>\n<p><strong>Sikker kommunikation og sabotagebeskyttelse<\/strong><\/p>\n<p>For at sikre, at din sikkerhed ikke kompromitteres af interferens, bruger MotionProtect Plus Ajax&#039; Jeweller-radioteknologi.<\/p>\n<p>Dette g\u00f8r det muligt for den at kommunikere effektivt med Ajax-hubben og andre enheder, selv p\u00e5 afstand.<\/p>\n<p>Den er ogs\u00e5 udstyret med et sabotage- og sabotagedetekteringssystem, der straks advarer, hvis nogen fors\u00f8ger at manipulere med enheden.<\/p>\n<p>Al kommunikation er krypteret ved hj\u00e6lp af AES-algoritmen, hvilket betyder, at systemet er beskyttet mod uautoriseret adgang og aflytning.<\/p>\n<p><strong>Installation og konfiguration<\/strong><\/p>\n<p>Ajax MotionProtect Plus er nem at installere og konfigurere. Den kommer med et forudinstalleret CR123A-batteri og kan hurtigt forbindes til systemet via Ajax-applikationen ved at scanne QR-koden.<\/p>\n<p>Ved at bruge SmartBracket-monteringspanelet kan enheden fastg\u00f8res til en lodret overflade eller i et hj\u00f8rne, hvilket g\u00f8r installationen hurtig og fleksibel.<\/p>\n<p>For at sikre den bedst mulige ydeevne kan du ogs\u00e5 udf\u00f8re test af signalstyrke og justere detektorens detektionszone.<\/p>\n<p><strong>Tekniske specifikationer:<\/strong><\/p>\n<ul>\n<li><strong>Type detektor:<\/strong> Tr\u00e5dl\u00f8s kombidetektor med PIR og mikrob\u00f8lgesensor<\/li>\n<li><strong>Bev\u00e6gelsesdetekteringsafstand:<\/strong> Op til 12 meter<\/li>\n<li><strong>Detektionsvinkler:<\/strong> Vandret \u2013 88,5\u00b0, Lodret \u2013 80\u00b0<\/li>\n<li><strong>Alarm leveringstid:<\/strong> 0,15 sekunder<\/li>\n<li><strong>F\u00f8lsomhed:<\/strong> Justerbar, 3 niveauer<\/li>\n<li><strong>Sikkerhed for k\u00e6ledyr:<\/strong> Op til 20 kg, h\u00f8jde op til 50 cm<\/li>\n<li><strong>Str\u00f8mforsyning:<\/strong> CR123A batteri (forudinstalleret)<\/li>\n<li><strong>Batteri liv:<\/strong> Op til 5 \u00e5r<\/li>\n<li><strong>Kommunikationsprotokol:<\/strong> Guldsmed<\/li>\n<li><strong>Driftstemperatur:<\/strong> -10\u00b0C til +40\u00b0C<\/li>\n<li><strong>Fugtighed:<\/strong> Op til 75%<\/li>\n<li><strong>Dimensioner:<\/strong> 110 \u00d7 65 \u00d7 50 mm<\/li>\n<li><strong>V\u00e6gt:<\/strong> 96 g<\/li>\n<\/ul>\n<p><strong>Pakkens indhold:<\/strong><\/p>\n<ul>\n<li>MotionProtect Plus bev\u00e6gelsesdetektor<\/li>\n<li>SmartBracket monteringspanel<\/li>\n<li>CR123A batteri (forudinstalleret)<\/li>\n<li>Installationss\u00e6t<\/li>\n<li>Brugermanual<\/li>\n<\/ul>\n<p><strong>Konklusion:<\/strong><\/p>\n<p>Ajax MotionProtect Plus er en p\u00e5lidelig og fleksibel l\u00f8sning til at sikre bev\u00e6gelsesdetektion og k\u00e6ledyrsimmunitet i dit hjem eller din virksomhed.<\/p>\n<p>Med sine avancerede funktioner, lange batterilevetid og robuste sikkerhedsprotokoller giver den effektiv og langvarig beskyttelse mod ubudne g\u00e6ster.<\/p>\n<p>Ved at filtrere interferens fra og ignorere k\u00e6ledyr giver MotionProtect Plus n\u00f8jagtig og p\u00e5lidelig detektion til alle typer milj\u00f8er.<\/p>","protected":false},"excerpt":{"rendered":"<p>Ajax MotionProtect Plus er en avanceret tr\u00e5dl\u00f8s kombidetektor med mikrob\u00f8lgesensor og k\u00e6ledyrsimmunitet.<\/p>\n<p>Den registrerer bev\u00e6gelse og bortfiltrerer interferens fra aircondition og lysflimmer med en r\u00e6kkevidde p\u00e5 op til 12 meter.<\/p>","protected":false},"featured_media":155439,"template":"","meta":{"_acf_changed":false},"product_brand":[],"product_cat":[3156,1319],"product_tag":[3152,3127,4863],"class_list":{"0":"post-81788","1":"product","2":"type-product","3":"status-publish","4":"has-post-thumbnail","6":"product_cat-rorelse-och-kamera","7":"product_cat-ajax-larm","8":"product_tag-cr123-tillbehor","9":"product_tag-kontrollprodukt","10":"product_tag-pf","11":"product_shipping_class-postnord-varubrev","12":"pa_brands-ajax-systems","13":"pa_color-svart","14":"pa_farg-vit","15":"tm-no-options","17":"first","18":"instock","19":"sale","20":"featured","21":"taxable","22":"shipping-taxable","23":"purchasable","24":"product-type-simple"},"acf":[],"_links":{"self":[{"href":"https:\/\/secureus.se\/dk\/wp-json\/wp\/v2\/product\/81788","targetHints":{"allow":["GET"]}}],"collection":[{"href":"https:\/\/secureus.se\/dk\/wp-json\/wp\/v2\/product"}],"about":[{"href":"https:\/\/secureus.se\/dk\/wp-json\/wp\/v2\/types\/product"}],"wp:featuredmedia":[{"embeddable":true,"href":"https:\/\/secureus.se\/dk\/wp-json\/wp\/v2\/media\/155439"}],"wp:attachment":[{"href":"https:\/\/secureus.se\/dk\/wp-json\/wp\/v2\/media?parent=81788"}],"wp:term":[{"taxonomy":"product_brand","embeddable":true,"href":"https:\/\/secureus.se\/dk\/wp-json\/wp\/v2\/product_brand?post=81788"},{"taxonomy":"product_cat","embeddable":true,"href":"https:\/\/secureus.se\/dk\/wp-json\/wp\/v2\/product_cat?post=81788"},{"taxonomy":"product_tag","embeddable":true,"href":"https:\/\/secureus.se\/dk\/wp-json\/wp\/v2\/product_tag?post=81788"}],"curies":[{"name":"wp","href":"https:\/\/api.w.org\/{rel}","templated":true}]}}