{"id":81864,"date":"2022-11-28T12:53:57","date_gmt":"2022-11-28T11:53:57","guid":{"rendered":"https:\/\/secureus.se\/produkt\/monteringsfaste-magnetkontakt-vit\/"},"modified":"2026-03-13T13:18:24","modified_gmt":"2026-03-13T12:18:24","slug":"ajax-smart-bracket-monteringsfaste-dorrsensor-magnetkontakt","status":"publish","type":"product","link":"https:\/\/secureus.se\/dk\/ajax-smart-bracket-monteringsfaste-dorrsensor-magnetkontakt\/","title":{"rendered":"Ajax Reservedel \u2013 Monteringsbeslag til DoorProtect\/GlassProtect (kun sensorenhed, ikke magnetdel) \u2013 Hvid"},"content":{"rendered":"<h3><strong>Ajax Smart Bracket Monteringsbeslag til d\u00f8rsensor og magnetisk kontakt<\/strong><\/h3>\n<p>Ajax Smart Bracket er et effektivt og brugervenligt monteringsbeslag designet til at lette installationen af Ajax d\u00f8rsensorer og magnetiske kontakter.<\/p>\n<p>Dette monteringsbeslag g\u00f8r det muligt at fastg\u00f8re sensorer hurtigt og nemt til lodrette overflader eller i hj\u00f8rner, hvilket optimerer d\u00e6kningen og sikrer p\u00e5lidelig drift af dit Ajax-sikkerhedssystem.<\/p>","protected":false},"excerpt":{"rendered":"<p>Monteringsbeslag som reservedel til Ajax DoorProtect og GlassProtect.<br \/>\n<strong><br \/>\nBem\u00e6rk<\/strong>Denne beslag er beregnet til selve sensordelen (d\u00f8r-\/vinduessensor), ikke til magnetdelen.<\/p>","protected":false},"featured_media":0,"template":"","meta":{"_acf_changed":false},"product_brand":[],"product_cat":[3128],"product_tag":[4863],"class_list":{"0":"post-81864","1":"product","2":"type-product","3":"status-publish","5":"product_cat-ajax-reservdelar-fasten","6":"product_tag-pf","7":"product_shipping_class-postnord-varubrev","8":"pa_brands-ajax-systems","9":"pa_color-vit","10":"pa_farg-vit","11":"tm-no-options","13":"first","14":"instock","15":"featured","16":"taxable","17":"shipping-taxable","18":"purchasable","19":"product-type-simple"},"acf":[],"_links":{"self":[{"href":"https:\/\/secureus.se\/dk\/wp-json\/wp\/v2\/product\/81864","targetHints":{"allow":["GET"]}}],"collection":[{"href":"https:\/\/secureus.se\/dk\/wp-json\/wp\/v2\/product"}],"about":[{"href":"https:\/\/secureus.se\/dk\/wp-json\/wp\/v2\/types\/product"}],"wp:attachment":[{"href":"https:\/\/secureus.se\/dk\/wp-json\/wp\/v2\/media?parent=81864"}],"wp:term":[{"taxonomy":"product_brand","embeddable":true,"href":"https:\/\/secureus.se\/dk\/wp-json\/wp\/v2\/product_brand?post=81864"},{"taxonomy":"product_cat","embeddable":true,"href":"https:\/\/secureus.se\/dk\/wp-json\/wp\/v2\/product_cat?post=81864"},{"taxonomy":"product_tag","embeddable":true,"href":"https:\/\/secureus.se\/dk\/wp-json\/wp\/v2\/product_tag?post=81864"}],"curies":[{"name":"wp","href":"https:\/\/api.w.org\/{rel}","templated":true}]}}