{"id":81908,"date":"2022-11-28T12:05:46","date_gmt":"2022-11-28T11:05:46","guid":{"rendered":"https:\/\/secureus.se\/produkt\/ajax-rex-2-svart-repeater\/"},"modified":"2026-03-10T11:00:19","modified_gmt":"2026-03-10T10:00:19","slug":"ajax-rex-2-svart-repeater","status":"publish","type":"product","link":"https:\/\/secureus.se\/dk\/ajax-rex-2-svart-repeater\/","title":{"rendered":"Ajax ReX 2 Repeater Sort"},"content":{"rendered":"<h3>Ajax ReX 2 er en kraftig radiosignalforst\u00e6rker, der g\u00f8r det muligt at installere Ajax sikkerhedsenheder fjerntliggende steder, hvilket g\u00f8r det muligt at beskytte st\u00f8rre omr\u00e5der s\u00e5som varehuse, forretningscentre eller hele ejendomme.<\/h3>\n<p>Med ReX 2 kan du udvide kommunikationsomr\u00e5det for dit Ajax-sikkerhedssystem og underst\u00f8tte fotoverifikation, hvilket giver hurtig og pr\u00e6cis information om alarmh\u00e6ndelser.<\/p>\n<p><strong>Funktioner:<\/strong><\/p>\n<ul>\n<li><strong>Udvidet r\u00e6kkevidde:<\/strong> ReX 2 giver dig mulighed for at installere sikkerhedsenheder op til 1.700 meter fra navet og d\u00e6kke et omr\u00e5de p\u00e5 op til 35 km\u00b2. Dette g\u00f8r det til et perfekt valg til store ejendomme og kommercielle faciliteter.<\/li>\n<li><strong>Fotobekr\u00e6ftelse:<\/strong> Med underst\u00f8ttelse af fotobekr\u00e6ftelse via MotionCam og MotionCam Outdoor-detektorer kan du hurtigt opn\u00e5 visuelle beviser for indbrudsbegivenheder, minimere risikoen for falske alarmer og bedre forberede sikkerhedspersonalet.<\/li>\n<li><strong>Backup batteri:<\/strong> ReX 2 har et backup-batteri, der giver op til 38 timers driftstid i tilf\u00e6lde af str\u00f8msvigt, hvilket sikrer, at sikkerhedssystemet forbliver aktivt selv i tilf\u00e6lde af str\u00f8msvigt.<\/li>\n<li><strong>Ethernet-forbindelse:<\/strong> For at sikre stabil og p\u00e5lidelig kommunikation giver ReX 2 mulighed for at oprette forbindelse til hubben via Ethernet, hvilket forbedrer systemets p\u00e5lidelighed i milj\u00f8er med lavt radiosignal.<\/li>\n<li><strong>Anti-sabotage beskyttelse:<\/strong> ReX 2 er udstyret med funktioner til at detektere manipulation og sabotage. Hvis nogen fors\u00f8ger at manipulere med enheden eller afbryde den fra systemet, aktiveres en sabotagealarm.<\/li>\n<li><strong>Hurtig konfiguration:<\/strong> ReX 2 er nem at installere og konfigurere via Ajax-appen, og kr\u00e6ver kun, at du scanner QR-koden og f\u00f8lger instruktionerne for at tilf\u00f8je den til systemet.<\/li>\n<\/ul>\n<p><strong>Tekniske specifikationer:<\/strong><\/p>\n<ul>\n<li><strong>Kompatibilitet:<\/strong> Hub 2, Hub 2 Plus, Hub Hybrid<\/li>\n<li><strong>Kommunikationsprotokol:<\/strong> Juveler (til transmission af alarmer og begivenheder), Wings (til fototransmission)<\/li>\n<li><strong>Maks r\u00e6kkevidde:<\/strong> Op til 1.700 m (afh\u00e6ngig af signalstyrke)<\/li>\n<li><strong>Backup batteri:<\/strong> Op til 38 timer<\/li>\n<li><strong>Ethernet-forbindelse:<\/strong> Ja, for sikker og stabil kommunikation<\/li>\n<li><strong>Temperaturomr\u00e5de:<\/strong> -10\u00b0C til +40\u00b0C<\/li>\n<li><strong>Installation:<\/strong> Indend\u00f8rs<\/li>\n<li><strong>M\u00e5le:<\/strong> 163 x 163 x 36 mm<\/li>\n<li><strong>V\u00e6gt:<\/strong> 410 g<\/li>\n<\/ul>\n<p>ReX 2 tilbyder ogs\u00e5 tovejskommunikation mellem hubben og de enheder, der er tilsluttet via forst\u00e6rkeren, hvilket sikrer hurtig og sikker dataoverf\u00f8rsel.<\/p>\n<p>Hvis systemet oplever problemer med kommunikation via radio, kan det automatisk skifte til Ethernet-forbindelse for at sikre, at alarmer og h\u00e6ndelser altid leveres hurtigt og pr\u00e6cist.<\/p>\n<p>&nbsp;<\/p>","protected":false},"excerpt":{"rendered":"<p>Ajax ReX 2 er en avanceret radiosignalforst\u00e6rker, der udvider r\u00e6kkevidden af dit sikkerhedssystem og underst\u00f8tter fotoverifikation.<\/p>\n<p>Kompatibel med Hub 2, Hub 2 Plus og Hub Hybrid, ReX 2 sikrer p\u00e5lidelig kommunikation mellem dine sikkerhedsenheder og hovedkontrolpanelet.<\/p>\n<p>Med backup-batteri, Ethernet-forbindelse og beskyttelse mod manipulation giver det \u00f8get fleksibilitet og sikkerhed til dit system.<\/p>","protected":false},"featured_media":152109,"template":"","meta":{"_acf_changed":false},"product_brand":[],"product_cat":[3168,1319],"product_tag":[3127,4863],"class_list":{"0":"post-81908","1":"product","2":"type-product","3":"status-publish","4":"has-post-thumbnail","6":"product_cat-range-extender-repeater","7":"product_cat-ajax-larm","8":"product_tag-kontrollprodukt","9":"product_tag-pf","10":"product_shipping_class-tunga-paket","11":"pa_brands-ajax-systems","12":"pa_color-svart","13":"pa_farg-svart","14":"tm-no-options","16":"first","17":"instock","18":"sale","19":"featured","20":"taxable","21":"shipping-taxable","22":"purchasable","23":"product-type-simple"},"acf":[],"_links":{"self":[{"href":"https:\/\/secureus.se\/dk\/wp-json\/wp\/v2\/product\/81908","targetHints":{"allow":["GET"]}}],"collection":[{"href":"https:\/\/secureus.se\/dk\/wp-json\/wp\/v2\/product"}],"about":[{"href":"https:\/\/secureus.se\/dk\/wp-json\/wp\/v2\/types\/product"}],"wp:featuredmedia":[{"embeddable":true,"href":"https:\/\/secureus.se\/dk\/wp-json\/wp\/v2\/media\/152109"}],"wp:attachment":[{"href":"https:\/\/secureus.se\/dk\/wp-json\/wp\/v2\/media?parent=81908"}],"wp:term":[{"taxonomy":"product_brand","embeddable":true,"href":"https:\/\/secureus.se\/dk\/wp-json\/wp\/v2\/product_brand?post=81908"},{"taxonomy":"product_cat","embeddable":true,"href":"https:\/\/secureus.se\/dk\/wp-json\/wp\/v2\/product_cat?post=81908"},{"taxonomy":"product_tag","embeddable":true,"href":"https:\/\/secureus.se\/dk\/wp-json\/wp\/v2\/product_tag?post=81908"}],"curies":[{"name":"wp","href":"https:\/\/api.w.org\/{rel}","templated":true}]}}