{"id":82370,"date":"2023-07-03T14:53:56","date_gmt":"2023-07-03T12:53:56","guid":{"rendered":"https:\/\/secureus.se\/produkt\/plomberingstrad-gron\/"},"modified":"2026-04-08T08:56:37","modified_gmt":"2026-04-08T06:56:37","slug":"plomberingstrad-gron","status":"publish","type":"product","link":"https:\/\/secureus.se\/dk\/plomberingstrad-gron\/","title":{"rendered":"Gr\u00f8n t\u00e6tningstr\u00e5d \u2013 Til Assa"},"content":{"rendered":"<h2 data-start=\"687\" data-end=\"737\" data-section-id=\"1rni14v\">T\u00e6tningstr\u00e5d til n\u00f8dd\u00f8re og brandslukkere<\/h2>\n<p>250 mm lange t\u00e6tningstr\u00e5de til ASSA n\u00f8devakueringsbeslag, for eksempel 179A, 179A S4 eller 179B S4.<\/p>\n<p>Bruges til virkelig at g\u00f8re det klart, at udgangen kun m\u00e5 bruges i n\u00f8dsituationer.<\/p>\n<p>F\u00e5s ogs\u00e5 i r\u00f8d og bl\u00e5, men uden ikon for n\u00f8devakuering.<\/p>\n<p data-start=\"738\" data-end=\"945\">Denne gr\u00f8nne forseglingstr\u00e5d bruges til at forsegle og m\u00e6rke sikkerhedsudstyr, der kun m\u00e5 bruges, n\u00e5r det er n\u00f8dvendigt. N\u00e5r forseglingen er brudt, er det straks tydeligt, at udstyret er blevet \u00e5bnet eller manipuleret med.<\/p>\n<p data-start=\"947\" data-end=\"990\">T\u00e6tningstr\u00e5d bruges ofte p\u00e5 for eksempel:<\/p>\n<ul data-start=\"992\" data-end=\"1085\">\n<li data-start=\"992\" data-end=\"1005\" data-section-id=\"pburat\">\n<p data-start=\"994\" data-end=\"1005\">n\u00f8dd\u00f8re<\/p>\n<\/li>\n<li data-start=\"1006\" data-end=\"1023\" data-section-id=\"xjulw6\">\n<p data-start=\"1008\" data-end=\"1023\">brandslukker<\/p>\n<\/li>\n<li data-start=\"1024\" data-end=\"1039\" data-section-id=\"1l4lnz0\">\n<p data-start=\"1026\" data-end=\"1039\">brandhane<\/p>\n<\/li>\n<li data-start=\"1040\" data-end=\"1057\" data-section-id=\"1f72y04\">\n<p data-start=\"1042\" data-end=\"1057\">pengeskab<\/p>\n<\/li>\n<li data-start=\"1058\" data-end=\"1085\" data-section-id=\"yfkruv\">\n<p data-start=\"1060\" data-end=\"1085\">tekniske installationer<\/p>\n<\/li>\n<\/ul>\n<p data-start=\"1087\" data-end=\"1179\">Dette g\u00f8r sikkerhedskontroller hurtigere, fordi du med det samme kan se, om udstyret er blevet \u00e5bnet.<\/p>\n<hr data-start=\"1181\" data-end=\"1184\" \/>\n<h2 data-start=\"1186\" data-end=\"1243\" data-section-id=\"q26pcq\">Bruges ofte i ejendoms- og sikkerhedsinstallationer<\/h2>\n<p data-start=\"1244\" data-end=\"1454\">T\u00e6tningstr\u00e5d er en almindelig l\u00f8sning inden for ejendomsadministration og systematisk brandsikringsarbejde. Det g\u00f8r det muligt hurtigt at kontrollere, om sikkerhedsudstyr er intakt, uden at skulle \u00e5bne hver enhed.<\/p>\n<p data-start=\"1456\" data-end=\"1563\">Denne model er s\u00e6rligt velegnet til installationer hvor <strong data-start=\"1513\" data-end=\"1554\">ASSA-komponenter eller n\u00f8dd\u00f8rsbeslag<\/strong> bruges.<\/p>\n<hr data-start=\"1565\" data-end=\"1568\" \/>\n<h2 data-start=\"1570\" data-end=\"1588\" data-section-id=\"1floner\">Nem montering<\/h2>\n<p data-start=\"1589\" data-end=\"1797\">Forseglingstr\u00e5den installeres ved at f\u00f8re b\u00e5ndet gennem f.eks. en stift eller et h\u00e5ndtag og derefter l\u00e5se det fast i forseglingsdelen. N\u00e5r forseglingen er l\u00e5st, kan den ikke \u00e5bnes uden at den g\u00e5r i stykker eller sk\u00e6res over.<\/p>\n<p data-start=\"1799\" data-end=\"1855\">Dette g\u00f8r det til en simpel, men effektiv sikkerhedsl\u00f8sning.<\/p>\n<hr data-start=\"1857\" data-end=\"1860\" \/>\n<h1 data-start=\"1862\" data-end=\"1872\" data-section-id=\"16fopcq\">Fordele<\/h1>\n<ul data-start=\"1874\" data-end=\"2070\">\n<li data-start=\"1874\" data-end=\"1916\" data-section-id=\"ls77ve\">\n<p data-start=\"1876\" data-end=\"1916\">Viser straks, om udstyret har v\u00e6ret \u00e5bnet<\/p>\n<\/li>\n<li data-start=\"1917\" data-end=\"1962\" data-section-id=\"1pqowha\">\n<p data-start=\"1919\" data-end=\"1962\">Forhindrer un\u00f8dvendig brug af n\u00f8dd\u00f8re<\/p>\n<\/li>\n<li data-start=\"1963\" data-end=\"1998\" data-section-id=\"136scw8\">\n<p data-start=\"1965\" data-end=\"1998\">Forenkler brandsikringskontroller<\/p>\n<\/li>\n<li data-start=\"1999\" data-end=\"2032\" data-section-id=\"1ofabbw\">\n<p data-start=\"2001\" data-end=\"2032\">Nem at samle og bruge<\/p>\n<\/li>\n<li data-start=\"2033\" data-end=\"2070\" data-section-id=\"d31n5h\">\n<p data-start=\"2035\" data-end=\"2070\">Omkostningseffektiv sikkerhedsl\u00f8sning<\/p>\n<\/li>\n<\/ul>\n<hr data-start=\"2072\" data-end=\"2075\" \/>\n<h1 data-start=\"2077\" data-end=\"2105\" data-section-id=\"brc9ws\">Almindelige anvendelser<\/h1>\n<ul data-start=\"2107\" data-end=\"2201\">\n<li data-start=\"2107\" data-end=\"2120\" data-section-id=\"1hfb5n9\">\n<p data-start=\"2109\" data-end=\"2120\">N\u00f8dd\u00f8re<\/p>\n<\/li>\n<li data-start=\"2121\" data-end=\"2138\" data-section-id=\"1glgnsm\">\n<p data-start=\"2123\" data-end=\"2138\">Brandslukker<\/p>\n<\/li>\n<li data-start=\"2139\" data-end=\"2154\" data-section-id=\"ybft18\">\n<p data-start=\"2141\" data-end=\"2154\">Brandhaner<\/p>\n<\/li>\n<li data-start=\"2155\" data-end=\"2172\" data-section-id=\"hh5nt0\">\n<p data-start=\"2157\" data-end=\"2172\">Sikkerheds Boks<\/p>\n<\/li>\n<li data-start=\"2173\" data-end=\"2201\" data-section-id=\"1d7qlpj\">\n<p data-start=\"2175\" data-end=\"2201\">Ejendomsinstallationer<\/p>\n<\/li>\n<\/ul>\n<hr data-start=\"2203\" data-end=\"2206\" \/>\n<h1 data-start=\"2208\" data-end=\"2225\" data-section-id=\"vb28v8\">specifikationer<\/h1>\n<p data-start=\"2227\" data-end=\"2384\">St\u00f8rrelse: <strong data-start=\"2236\" data-end=\"2251\">250 \u00d7 20 mm<\/strong><br data-start=\"2251\" data-end=\"2254\" \/>Farve: <strong data-start=\"2260\" data-end=\"2268\">Gr\u00f8n<\/strong><br data-start=\"2268\" data-end=\"2271\" \/>Type: <strong data-start=\"2276\" data-end=\"2317\">Forseglingstr\u00e5d \/ sikkerhedsforsegling<\/strong><br data-start=\"2317\" data-end=\"2320\" \/>Bruge: <strong data-start=\"2332\" data-end=\"2384\">N\u00f8dd\u00f8re, brandslukkere og sikkerhedsudstyr<\/strong><\/p>\n<p>Vil du vide mere om, hvordan forsegling fungerer?<br data-start=\"3597\" data-end=\"3600\" \/><a href=\"https:\/\/secureus.se\/dk\/vad-ar-plomberingstrad-sa-fungerar-sakerhetsplombering\/\" target=\"_blank\" rel=\"noopener\"><strong>L\u00e6s vores guide: <em data-start=\"3617\" data-end=\"3694\">Hvad er t\u00e6tningstr\u00e5d, og hvordan bruges det til brandslukkere og n\u00f8dd\u00f8re?<\/em><\/strong><\/a><\/p>\n<p>&nbsp;<\/p>","protected":false},"excerpt":{"rendered":"<p data-start=\"335\" data-end=\"528\">Gr\u00f8n t\u00e6tningstr\u00e5d til m\u00e6rkning og forsegling af n\u00f8dd\u00f8re, brandslukkere og andet sikkerhedsudstyr.<\/p>\n<p data-start=\"335\" data-end=\"528\">Forseglingen g\u00f8r det nemt hurtigt at se, om en enhed er blevet \u00e5bnet eller manipuleret med.<\/p>\n<p data-start=\"530\" data-end=\"653\">Det bruges ofte i ejendomme, offentlige milj\u00f8er og industrier, hvor sikkerhedsudstyr skal kontrolleres regelm\u00e6ssigt.<\/p>\n<p><span style=\"text-decoration: underline\"><strong><span class=\"ui-provider a b c d e f g h i j k l m n o p q r s t u v w x y z ab ac ae af ag ah ai aj ak\" dir=\"ltr\">Billedet viser en pakke med 10 stk, men produktet s\u00e6lges pr styk - K\u00f8ber du 10 stk bliver det efter billedet.<\/span><\/strong><\/span><\/p>\n<div class=\"product-presentation__column is--accordion\">\n<div class=\"product-presentation__accordion\"><\/div>\n<\/div>","protected":false},"featured_media":140638,"template":"","meta":{"_acf_changed":false},"product_brand":[],"product_cat":[3224,1332],"product_tag":[],"class_list":{"0":"post-82370","1":"product","2":"type-product","3":"status-publish","4":"has-post-thumbnail","6":"product_cat-nodutrymning","7":"product_cat-utrymning-tillbehor","8":"product_shipping_class-postnord-varubrev","9":"pa_brands-stonehouse-security","10":"pa_farg-gron","11":"tm-no-options","13":"first","14":"instock","15":"sale","16":"featured","17":"taxable","18":"shipping-taxable","19":"purchasable","20":"product-type-simple"},"acf":[],"_links":{"self":[{"href":"https:\/\/secureus.se\/dk\/wp-json\/wp\/v2\/product\/82370","targetHints":{"allow":["GET"]}}],"collection":[{"href":"https:\/\/secureus.se\/dk\/wp-json\/wp\/v2\/product"}],"about":[{"href":"https:\/\/secureus.se\/dk\/wp-json\/wp\/v2\/types\/product"}],"wp:featuredmedia":[{"embeddable":true,"href":"https:\/\/secureus.se\/dk\/wp-json\/wp\/v2\/media\/140638"}],"wp:attachment":[{"href":"https:\/\/secureus.se\/dk\/wp-json\/wp\/v2\/media?parent=82370"}],"wp:term":[{"taxonomy":"product_brand","embeddable":true,"href":"https:\/\/secureus.se\/dk\/wp-json\/wp\/v2\/product_brand?post=82370"},{"taxonomy":"product_cat","embeddable":true,"href":"https:\/\/secureus.se\/dk\/wp-json\/wp\/v2\/product_cat?post=82370"},{"taxonomy":"product_tag","embeddable":true,"href":"https:\/\/secureus.se\/dk\/wp-json\/wp\/v2\/product_tag?post=82370"}],"curies":[{"name":"wp","href":"https:\/\/api.w.org\/{rel}","templated":true}]}}