{"id":82470,"date":"2022-03-10T15:47:00","date_gmt":"2022-03-10T14:47:00","guid":{"rendered":"https:\/\/secureus.se\/produkt\/magnetkontakt-dc107-2-meter-kabel\/"},"modified":"2026-04-01T14:37:36","modified_gmt":"2026-04-01T12:37:36","slug":"magnetkontakt-dc107-2-meter-kabel","status":"publish","type":"product","link":"https:\/\/secureus.se\/dk\/magnetkontakt-dc107-2-meter-kabel\/","title":{"rendered":"Magnetisk kontakt DC 107 \u2013 2 meter kabel"},"content":{"rendered":"<p>Magnetkontakt DC107 er beregnet til indbygning i tr\u00e6 eller metal.<\/p>\n<p>Magnetiske kontakter bruges til at detektere \u00e5bning af f.eks. d\u00f8re, vinduer eller luger.<\/p>\n<p>Fors\u00e6nket magnetkontakt med 2 meter 4-leder tilslutningskabel<\/p>\n<p>Arbejdsafstand (max): 9 mm<\/p>\n<p>Borehul: 18,8 mm<\/p>\n<p>Funktion i drift: Normalt lukket<\/p>\n<p>M\u00e5l: Kontakt: (\u00d8xL) 22,2\u00d728,6 mm Magnet: (\u00d8xL) 22,2\u00d739,7 mm<\/p>","protected":false},"excerpt":{"rendered":"<p>Magnetisk kontakt DC107 \u2013 2 meter kabel<\/p>","protected":false},"featured_media":145394,"template":"","meta":{"_acf_changed":false},"product_brand":[],"product_cat":[3086],"product_tag":[],"class_list":{"0":"post-82470","1":"product","2":"type-product","3":"status-publish","4":"has-post-thumbnail","6":"product_cat-magnetkontakter","7":"product_shipping_class-postnord-varubrev","8":"pa_brands-utc","9":"tm-no-options","11":"first","12":"instock","13":"sale","14":"featured","15":"taxable","16":"shipping-taxable","17":"purchasable","18":"product-type-simple"},"acf":[],"_links":{"self":[{"href":"https:\/\/secureus.se\/dk\/wp-json\/wp\/v2\/product\/82470","targetHints":{"allow":["GET"]}}],"collection":[{"href":"https:\/\/secureus.se\/dk\/wp-json\/wp\/v2\/product"}],"about":[{"href":"https:\/\/secureus.se\/dk\/wp-json\/wp\/v2\/types\/product"}],"wp:featuredmedia":[{"embeddable":true,"href":"https:\/\/secureus.se\/dk\/wp-json\/wp\/v2\/media\/145394"}],"wp:attachment":[{"href":"https:\/\/secureus.se\/dk\/wp-json\/wp\/v2\/media?parent=82470"}],"wp:term":[{"taxonomy":"product_brand","embeddable":true,"href":"https:\/\/secureus.se\/dk\/wp-json\/wp\/v2\/product_brand?post=82470"},{"taxonomy":"product_cat","embeddable":true,"href":"https:\/\/secureus.se\/dk\/wp-json\/wp\/v2\/product_cat?post=82470"},{"taxonomy":"product_tag","embeddable":true,"href":"https:\/\/secureus.se\/dk\/wp-json\/wp\/v2\/product_tag?post=82470"}],"curies":[{"name":"wp","href":"https:\/\/api.w.org\/{rel}","templated":true}]}}