{"id":82474,"date":"2022-03-10T15:48:00","date_gmt":"2022-03-10T14:48:00","guid":{"rendered":"https:\/\/secureus.se\/produkt\/lr-cl2-lins-i-kapsling-langstralande-for-slim-line-ir-detektor-dual\/"},"modified":"2025-12-31T19:56:37","modified_gmt":"2025-12-31T18:56:37","slug":"langstralande-lins-till-slim-line-dual","status":"publish","type":"product","link":"https:\/\/secureus.se\/dk\/langstralande-lins-till-slim-line-dual\/","title":{"rendered":"Langstr\u00e5lende linse til SLIM-LINE DUAL"},"content":{"rendered":"<h1>Langstr\u00e5leobjektiv LR-CL2 til SLIM-LINE-detektorer<\/h1>\n<p>LR-CL2 er den perfekte l\u00f8sning til dem, der har brug for forbedret detektion p\u00e5 lange afstande.<\/p>\n<p>Denne linse er designet til at passe til SATELs SLIM-LINE detektorer, inklusive SLIM-PIR og SLIM-DUAL, hvilket g\u00f8r den til et fleksibelt valg for b\u00e5de kommercielle og private sikkerhedssystemer.<\/p>\n<p>Med LR-CL2 f\u00e5r du et objektiv i et robust hus med Fresnel-teknologi, som nemt udskiftes til standardhuset.<\/p>\n<p>Ingen kompleks montering p\u00e5kr\u00e6vet \u2013 det tager kun 30 sekunder at skifte objektivet. Dette g\u00f8r LR-CL2 til en nem opgradering for at maksimere sikkerheden p\u00e5 din ejendom.<\/p>\n<p>Funktioner og fordele:<\/p>\n<ul>\n<li><strong>Langdistancedetektion<\/strong>: Perfekt til store omr\u00e5der, hvor afstanden er afg\u00f8rende.<\/li>\n<li><strong>Nem installation<\/strong>: Skift h\u00e6tten hurtigt uden at skulle justere selve objektivet.<\/li>\n<li><strong>Slidst\u00e6rkt kabinet<\/strong>: Robust konstruktion, der beskytter linsen i barske milj\u00f8er.<\/li>\n<li><strong>Kompatibilitet<\/strong>: Fungerer med SLIM-PIR og SLIM-DUAL detektorer.<\/li>\n<\/ul>\n<p>Med LR-CL2 sikrer du, at din sikkerhedsl\u00f8sning fungerer optimalt selv under udfordrende forhold.<\/p>\n<p>Denne linse er et uundv\u00e6rligt tilbeh\u00f8r til at tage sikkerheden til n\u00e6ste niveau.<\/p>","protected":false},"excerpt":{"rendered":"<p>LR-CL2 langstr\u00e5leobjektiv til SLIM-LINE detektorer tilbyder overlegen detektion p\u00e5 lange afstande.<\/p>\n<p>Passer til b\u00e5de IR og DUAL versioner. Nem at udskifte og ideel til avancerede sikkerhedssystemer.<\/p>\n<p>&nbsp;<\/p>","protected":false},"featured_media":145014,"template":"","meta":{"_acf_changed":false},"product_brand":[],"product_cat":[3220,1325],"product_tag":[2145],"class_list":{"0":"post-82474","1":"product","2":"type-product","3":"status-publish","4":"has-post-thumbnail","6":"product_cat-larmtillbehor","7":"product_cat-larmgivare-skalskydd","8":"product_tag-rorelsedetektor-ir-detektorer","9":"product_shipping_class-postnord-varubrev","10":"pa_brands-satel","11":"tm-no-options","13":"first","14":"instock","15":"sale","16":"featured","17":"taxable","18":"shipping-taxable","19":"purchasable","20":"product-type-simple"},"acf":[],"_links":{"self":[{"href":"https:\/\/secureus.se\/dk\/wp-json\/wp\/v2\/product\/82474","targetHints":{"allow":["GET"]}}],"collection":[{"href":"https:\/\/secureus.se\/dk\/wp-json\/wp\/v2\/product"}],"about":[{"href":"https:\/\/secureus.se\/dk\/wp-json\/wp\/v2\/types\/product"}],"wp:featuredmedia":[{"embeddable":true,"href":"https:\/\/secureus.se\/dk\/wp-json\/wp\/v2\/media\/145014"}],"wp:attachment":[{"href":"https:\/\/secureus.se\/dk\/wp-json\/wp\/v2\/media?parent=82474"}],"wp:term":[{"taxonomy":"product_brand","embeddable":true,"href":"https:\/\/secureus.se\/dk\/wp-json\/wp\/v2\/product_brand?post=82474"},{"taxonomy":"product_cat","embeddable":true,"href":"https:\/\/secureus.se\/dk\/wp-json\/wp\/v2\/product_cat?post=82474"},{"taxonomy":"product_tag","embeddable":true,"href":"https:\/\/secureus.se\/dk\/wp-json\/wp\/v2\/product_tag?post=82474"}],"curies":[{"name":"wp","href":"https:\/\/api.w.org\/{rel}","templated":true}]}}