{"id":82476,"date":"2022-03-10T15:48:00","date_gmt":"2022-03-10T14:48:00","guid":{"rendered":"https:\/\/secureus.se\/produkt\/slim-ir-detektor-pet-klass-grade2-15x20-meter-husdjur-20-kg\/"},"modified":"2025-12-31T19:56:25","modified_gmt":"2025-12-31T18:56:25","slug":"slim-pir-pet-klass-grade2","status":"publish","type":"product","link":"https:\/\/secureus.se\/dk\/slim-pir-pet-klass-grade2\/","title":{"rendered":"SLIM-PIR-PET Klasse\/Klasse2 \u2013 15\u00d720 meter + Husdyr"},"content":{"rendered":"<h1>SLIM-PIR-PET Bev\u00e6gelsesdetektor med k\u00e6ledyrsimmunitet<\/h1>\n<p>SLIM-PIR-PET er en smart og p\u00e5lidelig bev\u00e6gelsesdetektor designet til at kombinere sikkerhed og bekvemmelighed.<\/p>\n<p>Med k\u00e6ledyrsimmunitet p\u00e5 op til 20 kg er den perfekt til hjem med k\u00e6ledyr uden at g\u00e5 p\u00e5 kompromis med sikkerheden.<\/p>\n<p>Detektoren bruger en avanceret passiv infrar\u00f8d sensor (PIR) til at registrere bev\u00e6gelse i det beskyttede omr\u00e5de.<\/p>\n<p>Med justerbar f\u00f8lsomhed i otte trin kan du nemt tilpasse den til forskellige milj\u00f8er. Enheden har ogs\u00e5 indbyggede end-of-life (2EOL) modstande, der forenkler installationen, og LED-indikatoren tilbyder fire forskellige farver, der matcher din sikkerhedsops\u00e6tning.<\/p>\n<p><strong>funktioner og fordele<\/strong>:<\/p>\n<ul>\n<li><strong>K\u00e6ledyrs immunitet<\/strong>: Registrerer bev\u00e6gelser uden falske alarmer fra k\u00e6ledyr op til 20 kg.<\/li>\n<li><strong>Avanceret detektion<\/strong>: PIR-teknologi med digital temperaturkompensation for maksimal ydeevne.<\/li>\n<li><strong>Valgbar LED-indikator<\/strong>: Kan tilpasses til forskellige signalfarver.<\/li>\n<li><strong>Nem at installere<\/strong>: Kompatibel med alle moderne sikkerhedssystemer.<\/li>\n<\/ul>\n<p>Uanset om det er i bolig- eller erhvervsejendomme, leverer SLIM-PIR-PET en perfekt balance mellem teknologi og brugervenlighed.<\/p>\n<p>Med et kompakt design og robust konstruktion er den b\u00e5de \u00e6stetisk og funktionel.<\/p>\n<p>&nbsp;<\/p>","protected":false},"excerpt":{"rendered":"<p><strong>SLIM-PIR-PET Bev\u00e6gelsesdetektor med k\u00e6ledyrsimmunitet<\/strong><br \/>\nSLIM-PIR-PET er en h\u00f8jtydende bev\u00e6gelsesdetektor med k\u00e6ledyrsimmunitet op til 20 kg.<\/p>\n<p>Perfekt til b\u00e5de bolig- og erhvervsejendomme, den kombinerer avanceret teknologi med brugervenlighed.<\/p>","protected":false},"featured_media":144928,"template":"","meta":{"_acf_changed":false},"product_brand":[],"product_cat":[1325],"product_tag":[2963,2145],"class_list":{"0":"post-82476","1":"product","2":"type-product","3":"status-publish","4":"has-post-thumbnail","6":"product_cat-larmgivare-skalskydd","7":"product_tag-grade-2","8":"product_tag-rorelsedetektor-ir-detektorer","9":"product_shipping_class-postnord-varubrev","10":"pa_brands-satel","11":"tm-no-options","13":"first","14":"instock","15":"sale","16":"featured","17":"taxable","18":"shipping-taxable","19":"purchasable","20":"product-type-simple"},"acf":[],"_links":{"self":[{"href":"https:\/\/secureus.se\/dk\/wp-json\/wp\/v2\/product\/82476","targetHints":{"allow":["GET"]}}],"collection":[{"href":"https:\/\/secureus.se\/dk\/wp-json\/wp\/v2\/product"}],"about":[{"href":"https:\/\/secureus.se\/dk\/wp-json\/wp\/v2\/types\/product"}],"wp:featuredmedia":[{"embeddable":true,"href":"https:\/\/secureus.se\/dk\/wp-json\/wp\/v2\/media\/144928"}],"wp:attachment":[{"href":"https:\/\/secureus.se\/dk\/wp-json\/wp\/v2\/media?parent=82476"}],"wp:term":[{"taxonomy":"product_brand","embeddable":true,"href":"https:\/\/secureus.se\/dk\/wp-json\/wp\/v2\/product_brand?post=82476"},{"taxonomy":"product_cat","embeddable":true,"href":"https:\/\/secureus.se\/dk\/wp-json\/wp\/v2\/product_cat?post=82476"},{"taxonomy":"product_tag","embeddable":true,"href":"https:\/\/secureus.se\/dk\/wp-json\/wp\/v2\/product_tag?post=82476"}],"curies":[{"name":"wp","href":"https:\/\/api.w.org\/{rel}","templated":true}]}}