{"id":82831,"date":"2023-02-20T14:28:55","date_gmt":"2023-02-20T13:28:55","guid":{"rendered":"https:\/\/secureus.se\/produkt\/flx-s-st-flipx-standard-indoor-pir-sensor-with-rotatable-lens\/"},"modified":"2026-04-14T16:11:00","modified_gmt":"2026-04-14T14:11:00","slug":"optex-flx-s-st-flipx-standard-indoor-pir-sensor-with-rotatable-lens","status":"publish","type":"product","link":"https:\/\/secureus.se\/dk\/optex-flx-s-st-flipx-standard-indoor-pir-sensor-with-rotatable-lens\/","title":{"rendered":"Optex FLX-S-ST FlipX Professional PIR-detektor 15 meter vinkel eller langstr\u00e5le 24 meter"},"content":{"rendered":"<h1>Optex FLX-S-ST FlipX Standard PIR sensor er det nyeste produkt fra Optex, der tilbyder avanceret teknologi til indend\u00f8rs brug.<\/h1>\n<p>Udstyret med en roterbar linse giver denne PIR-sensor mulighed for at skifte mellem bred og smal registrering.<\/p>\n<p>Med bred detektion p\u00e5 op til 12 meter og smal detektion p\u00e5 op til 18 meter giver sensoren en fleksibel l\u00f8sning til forskellige sikkerhedsbehov.<\/p>\n<p>En af de mest bem\u00e6rkelsesv\u00e6rdige egenskaber ved FLX-S-ST er dens brug af en ny pyroelektrisk sensor og menneskelig indfangningselement.<\/p>\n<p>Det g\u00f8r sensoren meget pr\u00e6cis til at registrere bev\u00e6gelse, og den er desuden udstyret med en forbedret signalbehandlingsteknologi, der reducerer risikoen for falske alarmer.<\/p>\n<p>Den digitale signalprocessor og den sf\u00e6riske linse optimerer registreringen over hele overv\u00e5gningsomr\u00e5det.<\/p>\n<p>Med en justerbar f\u00f8lsomhed og mulighed for at placere sensoren mellem 2,0 og 3,0 meter h\u00f8j, er FLX-S-ST perfekt til b\u00e5de boliger og mindre erhvervsejendomme.<\/p>\n<p>Derudover tilbyder den en h\u00f8j k\u00e6ledyrstolerance, hvilket g\u00f8r den velegnet til milj\u00f8er med k\u00e6ledyr.<\/p>\n<p>FLX-S-STs robuste design og praktiske funktioner g\u00f8r det til en p\u00e5lidelig l\u00f8sning til at sikre sikker og bekvem overv\u00e5gning i b\u00e5de hjem og sm\u00e5 virksomheder.<\/p>\n<p>Ud over dens p\u00e5lidelige funktionalitet er den nem at installere med den medf\u00f8lgende LED-indikator for nem fejlfinding og installation.<\/p>","protected":false},"excerpt":{"rendered":"<p>Optex FLX-S-ST er en h\u00f8jtydende indend\u00f8rs PIR-sensor med en roterbar linse.<\/p>\n<p>Den tilbyder b\u00e5de bred og smal detektion, perfekt til boliger og lavere kommercielle applikationer.<\/p>\n<p>Med en innovativ pyroelektrisk sensor og menneskelig indfangningselement sikrer den p\u00e5lidelig og n\u00f8jagtig detektion.<\/p>","protected":false},"featured_media":140675,"template":"","meta":{"_acf_changed":false},"product_brand":[],"product_cat":[1325],"product_tag":[2989,2145,2465],"class_list":{"0":"post-82831","1":"product","2":"type-product","3":"status-publish","4":"has-post-thumbnail","6":"product_cat-larmgivare-skalskydd","7":"product_tag-egen-logo-ej-taggar-kort","8":"product_tag-rorelsedetektor-ir-detektorer","9":"product_tag-sbsc-larmklass2","10":"product_shipping_class-postnord-varubrev","11":"pa_brands-optex","12":"tm-no-options","14":"first","15":"instock","16":"sale","17":"featured","18":"taxable","19":"shipping-taxable","20":"purchasable","21":"product-type-simple"},"acf":[],"_links":{"self":[{"href":"https:\/\/secureus.se\/dk\/wp-json\/wp\/v2\/product\/82831","targetHints":{"allow":["GET"]}}],"collection":[{"href":"https:\/\/secureus.se\/dk\/wp-json\/wp\/v2\/product"}],"about":[{"href":"https:\/\/secureus.se\/dk\/wp-json\/wp\/v2\/types\/product"}],"wp:featuredmedia":[{"embeddable":true,"href":"https:\/\/secureus.se\/dk\/wp-json\/wp\/v2\/media\/140675"}],"wp:attachment":[{"href":"https:\/\/secureus.se\/dk\/wp-json\/wp\/v2\/media?parent=82831"}],"wp:term":[{"taxonomy":"product_brand","embeddable":true,"href":"https:\/\/secureus.se\/dk\/wp-json\/wp\/v2\/product_brand?post=82831"},{"taxonomy":"product_cat","embeddable":true,"href":"https:\/\/secureus.se\/dk\/wp-json\/wp\/v2\/product_cat?post=82831"},{"taxonomy":"product_tag","embeddable":true,"href":"https:\/\/secureus.se\/dk\/wp-json\/wp\/v2\/product_tag?post=82831"}],"curies":[{"name":"wp","href":"https:\/\/api.w.org\/{rel}","templated":true}]}}