{"id":83010,"date":"2023-09-08T10:34:53","date_gmt":"2023-09-08T08:34:53","guid":{"rendered":"https:\/\/secureus.se\/?post_type=product&#038;p=83010"},"modified":"2026-04-08T16:26:21","modified_gmt":"2026-04-08T14:26:21","slug":"paxton-paxton10-010-427-proximity-iso-cards-pack-of-10","status":"publish","type":"product","link":"https:\/\/secureus.se\/dk\/paxton-paxton10-010-427-proximity-iso-cards-pack-of-10\/","title":{"rendered":"Paxton Paxton10 010-427 Proximity ISO-kort (pakke med 10)"},"content":{"rendered":"<p>Disse Paxton10 010-427 Proximity Cards er designet til at blive brugt sammen med et Paxton10 adgangskontrolsystem. Med en 125 kHz frekvens er disse letv\u00e6gtskort perfekte til tilpasning som foto-id og adgangskontrolkort til brug p\u00e5 arbejdspladsen eller p\u00e5 stedet.<\/p>\n<ul>\n<li>S\u00e6lges i pakker af 10 stk<\/li>\n<li>Fungerer ved 125 MHz frekvensomr\u00e5de<\/li>\n<li>Standard CR80 kreditkortst\u00f8rrelse (85,60 x 53,98 mm)<\/li>\n<li>Til brug med Paxton10-systemet<\/li>\n<\/ul>\n<p>Producentens reservedelsnummer: 010-427<\/p>\n<p><strong><br \/>\nProduktv\u00e6gt:<br \/>\n0,60 kg<br \/>\n<\/strong><\/p>","protected":false},"excerpt":{"rendered":"<p>Disse Paxton10 010-427 Proximity Cards er designet til at blive brugt sammen med et Paxton10 adgangskontrolsystem. Med en 125kHz frekvens er disse letv\u00e6gtskort perfekte til tilpasning som et foto<\/p>","protected":false},"featured_media":140240,"template":"","meta":{"_acf_changed":false},"product_brand":[],"product_cat":[4820],"product_tag":[2942,3069],"class_list":{"0":"post-83010","1":"product","2":"type-product","3":"status-publish","4":"has-post-thumbnail","6":"product_cat-paxton-kort","7":"product_tag-paxton-rg15","8":"product_tag-trade-produkt","9":"product_shipping_class-postnord-varubrev","10":"pa_brands-paxton","11":"tm-no-options","13":"first","14":"instock","15":"sale","16":"taxable","17":"shipping-taxable","18":"purchasable","19":"product-type-simple"},"acf":[],"_links":{"self":[{"href":"https:\/\/secureus.se\/dk\/wp-json\/wp\/v2\/product\/83010","targetHints":{"allow":["GET"]}}],"collection":[{"href":"https:\/\/secureus.se\/dk\/wp-json\/wp\/v2\/product"}],"about":[{"href":"https:\/\/secureus.se\/dk\/wp-json\/wp\/v2\/types\/product"}],"wp:featuredmedia":[{"embeddable":true,"href":"https:\/\/secureus.se\/dk\/wp-json\/wp\/v2\/media\/140240"}],"wp:attachment":[{"href":"https:\/\/secureus.se\/dk\/wp-json\/wp\/v2\/media?parent=83010"}],"wp:term":[{"taxonomy":"product_brand","embeddable":true,"href":"https:\/\/secureus.se\/dk\/wp-json\/wp\/v2\/product_brand?post=83010"},{"taxonomy":"product_cat","embeddable":true,"href":"https:\/\/secureus.se\/dk\/wp-json\/wp\/v2\/product_cat?post=83010"},{"taxonomy":"product_tag","embeddable":true,"href":"https:\/\/secureus.se\/dk\/wp-json\/wp\/v2\/product_tag?post=83010"}],"curies":[{"name":"wp","href":"https:\/\/api.w.org\/{rel}","templated":true}]}}