{"id":83012,"date":"2023-09-08T10:34:37","date_gmt":"2023-09-08T08:34:37","guid":{"rendered":"https:\/\/secureus.se\/?post_type=product&#038;p=83012"},"modified":"2026-04-08T16:27:31","modified_gmt":"2026-04-08T14:27:31","slug":"paxton-net-2-air-handsfree-keyfobs-690-222-single-units","status":"publish","type":"product","link":"https:\/\/secureus.se\/dk\/paxton-net-2-air-handsfree-keyfobs-690-222-single-units\/","title":{"rendered":"Paxton Net 2 Air Handsfree Keyfobs 690-222 (enkelt enheder)"},"content":{"rendered":"<p>Paxton 690-222 Net2 h\u00e5ndfri n\u00f8glebrikker er kontaktl\u00f8se tokens med et l\u00e6seomr\u00e5de p\u00e5 2 til 8 fods afstand. Derfor er den ideel til adgangskontrol for \u00e6ldre og personer med handicap.<\/p>\n<ul>\n<li>M\u00e5l: 49mm x 28mm<\/li>\n<li>Fungerer ved 125 kHz frekvens<\/li>\n<li>Batteridrevet<\/li>\n<\/ul>\n<p><strong><br \/>\nProduktv\u00e6gt:<br \/>\n0,34 kg<br \/>\n<\/strong><\/p>","protected":false},"excerpt":{"rendered":"<p>Paxton 690-222 Net2 h\u00e5ndfri n\u00f8glebrikker er kontaktl\u00f8se tokens med et l\u00e6seomr\u00e5de p\u00e5 2 til 8 fods afstand. Derfor er den ideel til adgangskontrolstyring for<\/p>","protected":false},"featured_media":140068,"template":"","meta":{"_acf_changed":false},"product_brand":[],"product_cat":[4817],"product_tag":[2942,3069],"class_list":{"0":"post-83012","1":"product","2":"type-product","3":"status-publish","4":"has-post-thumbnail","6":"product_cat-paxton-taggar","7":"product_tag-paxton-rg15","8":"product_tag-trade-produkt","9":"product_shipping_class-postnord-varubrev","10":"pa_brands-paxton","11":"tm-no-options","13":"first","14":"instock","15":"sale","16":"taxable","17":"shipping-taxable","18":"purchasable","19":"product-type-simple"},"acf":[],"_links":{"self":[{"href":"https:\/\/secureus.se\/dk\/wp-json\/wp\/v2\/product\/83012","targetHints":{"allow":["GET"]}}],"collection":[{"href":"https:\/\/secureus.se\/dk\/wp-json\/wp\/v2\/product"}],"about":[{"href":"https:\/\/secureus.se\/dk\/wp-json\/wp\/v2\/types\/product"}],"wp:featuredmedia":[{"embeddable":true,"href":"https:\/\/secureus.se\/dk\/wp-json\/wp\/v2\/media\/140068"}],"wp:attachment":[{"href":"https:\/\/secureus.se\/dk\/wp-json\/wp\/v2\/media?parent=83012"}],"wp:term":[{"taxonomy":"product_brand","embeddable":true,"href":"https:\/\/secureus.se\/dk\/wp-json\/wp\/v2\/product_brand?post=83012"},{"taxonomy":"product_cat","embeddable":true,"href":"https:\/\/secureus.se\/dk\/wp-json\/wp\/v2\/product_cat?post=83012"},{"taxonomy":"product_tag","embeddable":true,"href":"https:\/\/secureus.se\/dk\/wp-json\/wp\/v2\/product_tag?post=83012"}],"curies":[{"name":"wp","href":"https:\/\/api.w.org\/{rel}","templated":true}]}}