{"id":83014,"date":"2023-09-08T10:34:19","date_gmt":"2023-09-08T08:34:19","guid":{"rendered":"https:\/\/secureus.se\/?post_type=product&#038;p=83014"},"modified":"2026-04-08T16:28:00","modified_gmt":"2026-04-08T14:28:00","slug":"paxton-698-574-net-2-watch-prox-black-pack-of-10","status":"publish","type":"product","link":"https:\/\/secureus.se\/dk\/paxton-698-574-net-2-watch-prox-black-pack-of-10\/","title":{"rendered":"Paxton 698-574 Net 2 Watch Prox \u2013 Sort (pakke med 10)"},"content":{"rendered":"<p>Paxton 698-574 Net2 Watch Prox i sort er ideel til p\u00e5 farten og h\u00e5ndfri brug, da det komfortabelt passer til h\u00e5ndleddet i alle st\u00f8rrelser. Det er ogs\u00e5 vandt\u00e6t og derfor bedst til milj\u00f8er, der er udsat for fugt.<\/p>\n<ul>\n<li>\u00a0S\u00e6lges i pakker af 10 stk<\/li>\n<li>Farve: Sort<\/li>\n<li>Fuldt vandt\u00e6t<\/li>\n<li>En st\u00f8rrelse passer alle<\/li>\n<li>Hvert token er individuelt kodet<\/li>\n<\/ul>\n<p><strong><br \/>\nProduktv\u00e6gt:<br \/>\n0,20 kg<br \/>\n<\/strong><\/p>","protected":false},"excerpt":{"rendered":"<p>Paxton 698-574 Net2 Watch Prox i sort er ideel til p\u00e5 farten og h\u00e5ndfri brug, da det komfortabelt passer til h\u00e5ndleddet i alle st\u00f8rrelser. Den er ogs\u00e5 vandt\u00e6t og derfor bedst<\/p>","protected":false},"featured_media":140271,"template":"","meta":{"_acf_changed":false},"product_brand":[],"product_cat":[4817],"product_tag":[2942,3069],"class_list":{"0":"post-83014","1":"product","2":"type-product","3":"status-publish","4":"has-post-thumbnail","6":"product_cat-paxton-taggar","7":"product_tag-paxton-rg15","8":"product_tag-trade-produkt","9":"product_shipping_class-tunga-paket","10":"pa_brands-paxton","11":"tm-no-options","13":"first","14":"instock","15":"sale","16":"taxable","17":"shipping-taxable","18":"purchasable","19":"product-type-simple"},"acf":[],"_links":{"self":[{"href":"https:\/\/secureus.se\/dk\/wp-json\/wp\/v2\/product\/83014","targetHints":{"allow":["GET"]}}],"collection":[{"href":"https:\/\/secureus.se\/dk\/wp-json\/wp\/v2\/product"}],"about":[{"href":"https:\/\/secureus.se\/dk\/wp-json\/wp\/v2\/types\/product"}],"wp:featuredmedia":[{"embeddable":true,"href":"https:\/\/secureus.se\/dk\/wp-json\/wp\/v2\/media\/140271"}],"wp:attachment":[{"href":"https:\/\/secureus.se\/dk\/wp-json\/wp\/v2\/media?parent=83014"}],"wp:term":[{"taxonomy":"product_brand","embeddable":true,"href":"https:\/\/secureus.se\/dk\/wp-json\/wp\/v2\/product_brand?post=83014"},{"taxonomy":"product_cat","embeddable":true,"href":"https:\/\/secureus.se\/dk\/wp-json\/wp\/v2\/product_cat?post=83014"},{"taxonomy":"product_tag","embeddable":true,"href":"https:\/\/secureus.se\/dk\/wp-json\/wp\/v2\/product_tag?post=83014"}],"curies":[{"name":"wp","href":"https:\/\/api.w.org\/{rel}","templated":true}]}}