{"id":83020,"date":"2023-09-08T10:33:14","date_gmt":"2023-09-08T08:33:14","guid":{"rendered":"https:\/\/secureus.se\/?post_type=product&#038;p=83020"},"modified":"2026-04-08T16:27:14","modified_gmt":"2026-04-08T14:27:14","slug":"paxton-693-112-net2-proximity-with-clamshell-iso-cards-pack-of-10","status":"publish","type":"product","link":"https:\/\/secureus.se\/dk\/paxton-693-112-net2-proximity-with-clamshell-iso-cards-pack-of-10\/","title":{"rendered":"Paxton 693-112 Net2 Proximity med Clamshell ISO-kort (pakke med 10)"},"content":{"rendered":"<p>Paxton 693-112 Net2 Proximity Clamshell Cards er adgangskontrolkort lavet af tykt og holdbart PVC-materiale. Det kan ikke udskrives, men et Net2 selvkl\u00e6bende kort kan bruges til tilpasset udskrivning.<\/p>\n<ul>\n<li>S\u00e6lges i pakker af 10 stk<\/li>\n<li>Standard CR80 kreditkortst\u00f8rrelse (86 mm x 54 mm x 1,8 mm)<\/li>\n<li>Clamshell type<\/li>\n<li>Med slids for nem fastg\u00f8relse til clips, snore og hjul<\/li>\n<li>Brug Net2 selvkl\u00e6bende kort til at udskrive foto-id&#039;er<\/li>\n<\/ul>\n<p><strong>Bem\u00e6rk venligst: Prisen inkluderer \u00e5bent format programmering. N\u00e5r betalingen er modtaget, vil du blive kontaktet for at bekr\u00e6fte kortformat, webstedskode og nummeromr\u00e5de.<\/strong><\/p>\n<p><strong><br \/>\nProduktv\u00e6gt:<br \/>\n0,13 kg<br \/>\n<\/strong><\/p>","protected":false},"excerpt":{"rendered":"<p>Paxton 693-112 Net2 Proximity Clamshell Cards er adgangskontrolkort lavet af tykt og holdbart PVC-materiale. Det kan ikke printes, men et Net2 selvkl\u00e6bende kort kan bruges til<\/p>","protected":false},"featured_media":140094,"template":"","meta":{"_acf_changed":false},"product_brand":[],"product_cat":[4820],"product_tag":[2942,3069],"class_list":{"0":"post-83020","1":"product","2":"type-product","3":"status-publish","4":"has-post-thumbnail","6":"product_cat-paxton-kort","7":"product_tag-paxton-rg15","8":"product_tag-trade-produkt","9":"product_shipping_class-postnord-varubrev","10":"pa_brands-paxton","11":"tm-no-options","13":"first","14":"instock","15":"sale","16":"taxable","17":"shipping-taxable","18":"purchasable","19":"product-type-simple"},"acf":[],"_links":{"self":[{"href":"https:\/\/secureus.se\/dk\/wp-json\/wp\/v2\/product\/83020","targetHints":{"allow":["GET"]}}],"collection":[{"href":"https:\/\/secureus.se\/dk\/wp-json\/wp\/v2\/product"}],"about":[{"href":"https:\/\/secureus.se\/dk\/wp-json\/wp\/v2\/types\/product"}],"wp:featuredmedia":[{"embeddable":true,"href":"https:\/\/secureus.se\/dk\/wp-json\/wp\/v2\/media\/140094"}],"wp:attachment":[{"href":"https:\/\/secureus.se\/dk\/wp-json\/wp\/v2\/media?parent=83020"}],"wp:term":[{"taxonomy":"product_brand","embeddable":true,"href":"https:\/\/secureus.se\/dk\/wp-json\/wp\/v2\/product_brand?post=83020"},{"taxonomy":"product_cat","embeddable":true,"href":"https:\/\/secureus.se\/dk\/wp-json\/wp\/v2\/product_cat?post=83020"},{"taxonomy":"product_tag","embeddable":true,"href":"https:\/\/secureus.se\/dk\/wp-json\/wp\/v2\/product_tag?post=83020"}],"curies":[{"name":"wp","href":"https:\/\/api.w.org\/{rel}","templated":true}]}}