{"id":83037,"date":"2023-09-12T11:23:47","date_gmt":"2023-09-12T09:23:47","guid":{"rendered":"https:\/\/secureus.se\/produkt\/detectortesters-smokesabre-01-001-smoke-sabre-hand-held-aerosol-smoke-detector-tester-150ml\/"},"modified":"2026-04-08T11:03:15","modified_gmt":"2026-04-08T09:03:15","slug":"testgas-tg-sabre-smokesabre-handhallen-roktestare-for-rokdetektorer","status":"publish","type":"product","link":"https:\/\/secureus.se\/dk\/testgas-tg-sabre-smokesabre-handhallen-roktestare-for-rokdetektorer\/","title":{"rendered":"Testgas TG-SABRE (SmokeSabre) \u2013 H\u00e5ndholdt r\u00f8gtester til r\u00f8gdetektorer, r\u00f8galarmer og brandalarmer, 150 ml"},"content":{"rendered":"<h1 data-start=\"596\" data-end=\"674\">Testgas TG-SABRE (SmokeSabre) \u2013 Enkel, hurtig og milj\u00f8venlig r\u00f8gtestning<\/h1>\n<h2 data-start=\"357\" data-end=\"404\">Nem og sikker r\u00f8gtestning af r\u00f8gdetektorer<\/h2>\n<p data-start=\"406\" data-end=\"680\">Testgassen TG-SABRE (SmokeSabre) er designet til at udf\u00f8re funktionstest af r\u00f8gdetektorer hurtigt, sikkert og omkostningseffektivt.<\/p>\n<p data-start=\"406\" data-end=\"680\">Det h\u00e5ndholdte design med integreret st\u00f8tte giver dig mulighed for pr\u00e6cist at rette testgassen mod detektoren og aktivere alarmen uden at skille enheden ad.<\/p>\n<p data-start=\"682\" data-end=\"886\">Produktet l\u00f8ser et almindeligt problem i forbindelse med test af brandalarmer \u2013 usikker aktivering og un\u00f8dvendige restprodukter.<\/p>\n<p data-start=\"682\" data-end=\"886\">Med TG-SABRE f\u00e5r du kontrolleret dosering og minimal p\u00e5virkning af detektorens f\u00f8lsomme komponenter.<\/p>\n<h2 data-start=\"888\" data-end=\"927\">Smart design for \u00f8get sikkerhed<\/h2>\n<p data-start=\"929\" data-end=\"1076\">Den udtr\u00e6kkelige st\u00f8dd\u00e6mper fungerer b\u00e5de som retningshj\u00e6lp og sikkerhedsfunktion.<\/p>\n<p data-start=\"929\" data-end=\"1076\">Testgassen kan kun aktiveres, n\u00e5r stiveren er helt udstrakt, hvilket:<\/p>\n<ul data-start=\"1078\" data-end=\"1186\">\n<li data-start=\"1078\" data-end=\"1114\">\n<p data-start=\"1080\" data-end=\"1114\">Forhindrer utilsigtet brug<\/p>\n<\/li>\n<li data-start=\"1115\" data-end=\"1148\">\n<p data-start=\"1117\" data-end=\"1148\">Sikrer korrekt dosering<\/p>\n<\/li>\n<li data-start=\"1149\" data-end=\"1186\">\n<p data-start=\"1151\" data-end=\"1186\">Giver hurtig og effektiv aktivering<\/p>\n<\/li>\n<\/ul>\n<p data-start=\"1188\" data-end=\"1316\">Kastel\u00e6ngden p\u00e5 cirka 1,5 meter g\u00f8r det muligt at teste loftmonterede detektorer uden specialv\u00e6rkt\u00f8j i enklere installationer.<\/p>\n<h2 data-start=\"1318\" data-end=\"1352\">Milj\u00f8venlig og godkendt l\u00f8sning<\/h2>\n<p data-start=\"1354\" data-end=\"1555\">TG-SABRE er fremstillet med ozonvenligt drivmiddel uden CFC&#039;er og har en lav klimap\u00e5virkning (lavt GWP).<\/p>\n<p data-start=\"1354\" data-end=\"1555\">Keglen er lavet af 100% bionedbrydelig plastik, og b\u00e5de plastik- og metaldelene kan genbruges.<\/p>\n<p data-start=\"1557\" data-end=\"1732\">Produktet er UL-listet og godkendt af f\u00f8rende producenter af r\u00f8galarmer, hvilket g\u00f8r det velegnet til professionel brug i ejendomme, boliger og erhvervsmilj\u00f8er.<\/p>\n<h2 data-start=\"1734\" data-end=\"1755\">Anvendelsesomr\u00e5der<\/h2>\n<ul data-start=\"1757\" data-end=\"1947\">\n<li data-start=\"1757\" data-end=\"1802\">\n<p data-start=\"1759\" data-end=\"1802\">Test af r\u00f8galarmer i villaer og lejligheder<\/p>\n<\/li>\n<li data-start=\"1803\" data-end=\"1851\">\n<p data-start=\"1805\" data-end=\"1851\">Funktionstest af r\u00f8gdetektorer i bygninger<\/p>\n<\/li>\n<li data-start=\"1852\" data-end=\"1896\">\n<p data-start=\"1854\" data-end=\"1896\">Service og vedligeholdelse af brandalarmanl\u00e6g<\/p>\n<\/li>\n<li data-start=\"1897\" data-end=\"1947\">\n<p data-start=\"1899\" data-end=\"1947\">V\u00e6rkt\u00f8jer til ejendomsadministratorer og alarmteknikere<\/p>\n<\/li>\n<\/ul>\n<p data-start=\"1949\" data-end=\"2031\">Hver flaske er tilstr\u00e6kkelig til cirka 150-200 tests, hvilket giver en lav pris pr. test.<\/p>\n<p data-start=\"2033\" data-end=\"2060\">TEKNISKE SPECIFIKATIONER:<\/p>\n<ul data-start=\"2062\" data-end=\"2493\">\n<li data-start=\"2062\" data-end=\"2107\">\n<p data-start=\"2064\" data-end=\"2107\">Type: H\u00e5ndholdt testgas til r\u00f8gdetektorer<\/p>\n<\/li>\n<li data-start=\"2108\" data-end=\"2165\">\n<p data-start=\"2110\" data-end=\"2165\">Kompatibilitet: Optiske og ioniserende r\u00f8gdetektorer<\/p>\n<\/li>\n<li data-start=\"2166\" data-end=\"2205\">\n<p data-start=\"2168\" data-end=\"2205\">Antal tests: Cirka 150-200 pr. flaske<\/p>\n<\/li>\n<li data-start=\"2206\" data-end=\"2232\">\n<p data-start=\"2208\" data-end=\"2232\">Kastel\u00e6ngde: Cirka 1,5 m<\/p>\n<\/li>\n<li data-start=\"2233\" data-end=\"2306\">\n<p data-start=\"2235\" data-end=\"2306\">Sikkerhedsfunktion: Kan kun aktiveres, n\u00e5r st\u00f8dd\u00e6mperen er helt udstrakt<\/p>\n<\/li>\n<li data-start=\"2307\" data-end=\"2340\">\n<p data-start=\"2309\" data-end=\"2340\">Drivmiddel: Ozonvenlig, CFC-fri<\/p>\n<\/li>\n<li data-start=\"2341\" data-end=\"2360\">\n<p data-start=\"2343\" data-end=\"2360\">GWP: Lav v\u00e6rdi<\/p>\n<\/li>\n<li data-start=\"2361\" data-end=\"2414\">\n<p data-start=\"2363\" data-end=\"2414\">Materialekegle: 100 % bionedbrydelig plast<\/p>\n<\/li>\n<li data-start=\"2415\" data-end=\"2442\">\n<p data-start=\"2417\" data-end=\"2442\">Certificering: UL-godkendt<\/p>\n<\/li>\n<li data-start=\"2443\" data-end=\"2493\">\n<p data-start=\"2445\" data-end=\"2493\">Genbrug: Genanvendelig plast og metal<\/p>\n<\/li>\n<\/ul>","protected":false},"excerpt":{"rendered":"<p>Testgas TG-SABRE (SmokeSabre) er en h\u00e5ndholdt testgas til hurtig og sikker funktionstest af r\u00f8gdetektorer.<\/p>\n<p>Den fungerer med b\u00e5de optiske og ioniseringsdetektorer og kr\u00e6ver intet yderligere udstyr.<\/p>\n<p>Perfekt til ejendomsadministratorer, alarmteknikere og privatpersoner, der \u00f8nsker at teste r\u00f8galarmer nemt og pr\u00e6cist.<\/p>","protected":false},"featured_media":156263,"template":"","meta":{"_acf_changed":false},"product_brand":[],"product_cat":[1764,2943],"product_tag":[],"class_list":{"0":"post-83037","1":"product","2":"type-product","3":"status-publish","4":"has-post-thumbnail","6":"product_cat-professionella-verktyg-for-prov-och-underhall","7":"product_cat-provgas-testgas-rokdetektorer","8":"product_shipping_class-postnord-varubrev","9":"pa_brands-sabre","10":"tm-no-options","12":"first","13":"instock","14":"sale","15":"featured","16":"taxable","17":"shipping-taxable","18":"purchasable","19":"product-type-simple"},"acf":[],"_links":{"self":[{"href":"https:\/\/secureus.se\/dk\/wp-json\/wp\/v2\/product\/83037","targetHints":{"allow":["GET"]}}],"collection":[{"href":"https:\/\/secureus.se\/dk\/wp-json\/wp\/v2\/product"}],"about":[{"href":"https:\/\/secureus.se\/dk\/wp-json\/wp\/v2\/types\/product"}],"wp:featuredmedia":[{"embeddable":true,"href":"https:\/\/secureus.se\/dk\/wp-json\/wp\/v2\/media\/156263"}],"wp:attachment":[{"href":"https:\/\/secureus.se\/dk\/wp-json\/wp\/v2\/media?parent=83037"}],"wp:term":[{"taxonomy":"product_brand","embeddable":true,"href":"https:\/\/secureus.se\/dk\/wp-json\/wp\/v2\/product_brand?post=83037"},{"taxonomy":"product_cat","embeddable":true,"href":"https:\/\/secureus.se\/dk\/wp-json\/wp\/v2\/product_cat?post=83037"},{"taxonomy":"product_tag","embeddable":true,"href":"https:\/\/secureus.se\/dk\/wp-json\/wp\/v2\/product_tag?post=83037"}],"curies":[{"name":"wp","href":"https:\/\/api.w.org\/{rel}","templated":true}]}}