{"id":83045,"date":"2023-09-12T10:39:36","date_gmt":"2023-09-12T08:39:36","guid":{"rendered":"https:\/\/secureus.se\/produkt\/detectortesters-soloc3-non-flammable-co-detector-tester-aerosol-250ml\/"},"modified":"2026-04-09T11:40:31","modified_gmt":"2026-04-09T09:40:31","slug":"detectortesters-solo-c3-non-flammable-co-detector-tester-aerosol-250ml","status":"publish","type":"product","link":"https:\/\/secureus.se\/dk\/detectortesters-solo-c3-non-flammable-co-detector-tester-aerosol-250ml\/","title":{"rendered":"Detektortesters Solo C3 Ikke-brandbar CO-detektortester Aerosol, 250 ml"},"content":{"rendered":"<h1 data-start=\"386\" data-end=\"425\">Detektortesters Solo C3 Ikke-brandbar CO-detektortester Aerosol, 250 ml<\/h1>\n<h2 data-start=\"386\" data-end=\"425\">Aerosolgas til test af CO-detektorer<\/h2>\n<p data-start=\"427\" data-end=\"794\">Solo C3 er en ikke-brandbar aerosol, der er specielt udviklet til funktionstest af kuldioxid-\/kuliltedetektorer, der er en del af branddetektorer.<\/p>\n<p data-start=\"427\" data-end=\"794\">Produktet bruges sammen med kompatible dispenseringsv\u00e6rkt\u00f8jer, s\u00e5som Solo 330 eller Solo 332, til at levere en kontrolleret m\u00e6ngde testgas direkte til detektorens sensor\u00e5bninger.<\/p>\n<p data-start=\"796\" data-end=\"960\">Det er vigtigt at teste CO-funktionen, fordi sensoren skal reagere korrekt p\u00e5 gassen for at sikre sikker drift i bolig-, kontor- eller industrimilj\u00f8er.<\/p>\n<h2 data-start=\"962\" data-end=\"997\">Sikker og kontrolleret testmetode<\/h2>\n<p data-start=\"999\" data-end=\"1276\">Solo C3 aerosol er ikke-brandbar, hvilket giver et sikkert arbejdsmilj\u00f8 for brugeren og reducerer risici under testning.<\/p>\n<p data-start=\"999\" data-end=\"1276\">Produktet leverer en ensartet koncentration af CO-aerosol, der aktiverer detektorens sensor og verificerer, at den fungerer korrekt.<\/p>\n<p data-start=\"1278\" data-end=\"1287\">Fordele:<\/p>\n<ul data-start=\"1289\" data-end=\"1499\">\n<li data-start=\"1289\" data-end=\"1344\">\n<p data-start=\"1291\" data-end=\"1344\">Kontrolleret gastilf\u00f8rsel for p\u00e5lidelig testning<\/p>\n<\/li>\n<li data-start=\"1345\" data-end=\"1395\">\n<p data-start=\"1347\" data-end=\"1395\">Ikke-brandbar formulering til sikker brug<\/p>\n<\/li>\n<li data-start=\"1396\" data-end=\"1432\">\n<p data-start=\"1398\" data-end=\"1432\">Designet til brug i dispensere<\/p>\n<\/li>\n<li data-start=\"1433\" data-end=\"1499\">\n<p data-start=\"1435\" data-end=\"1499\">Velegnet til professionelle brandalarminstallationer og serviceopgaver<\/p>\n<\/li>\n<\/ul>\n<h2 data-start=\"1501\" data-end=\"1522\">Anvendelsesomr\u00e5der<\/h2>\n<p data-start=\"1524\" data-end=\"1547\">Solo C3 er egnet til:<\/p>\n<ul data-start=\"1549\" data-end=\"1760\">\n<li data-start=\"1549\" data-end=\"1615\">\n<p data-start=\"1551\" data-end=\"1615\">Funktionstest ved installation af CO-sensorer i detektorer<\/p>\n<\/li>\n<li data-start=\"1616\" data-end=\"1651\">\n<p data-start=\"1618\" data-end=\"1651\">Periodisk service og vedligeholdelse<\/p>\n<\/li>\n<li data-start=\"1652\" data-end=\"1706\">\n<p data-start=\"1654\" data-end=\"1706\">Egenkontrol i bolig- og erhvervsbygninger<\/p>\n<\/li>\n<li data-start=\"1707\" data-end=\"1760\">\n<p data-start=\"1709\" data-end=\"1760\">Servicearbejde i offentlige og industrielle milj\u00f8er<\/p>\n<\/li>\n<\/ul>\n<p data-start=\"1762\" data-end=\"1789\">TEKNISKE SPECIFIKATIONER:<\/p>\n<ul data-start=\"1791\" data-end=\"2044\">\n<li data-start=\"1791\" data-end=\"1834\">\n<p data-start=\"1793\" data-end=\"1834\">Produkt: Aerosolgas til CO-detektortest<\/p>\n<\/li>\n<li data-start=\"1835\" data-end=\"1858\">\n<p data-start=\"1837\" data-end=\"1858\">Model: SOLO C3-001<\/p>\n<\/li>\n<li data-start=\"1859\" data-end=\"1876\">\n<p data-start=\"1861\" data-end=\"1876\">Volumen: 250 ml<\/p>\n<\/li>\n<li data-start=\"1877\" data-end=\"1907\">\n<p data-start=\"1879\" data-end=\"1907\">Formulering: Ikke-brandbar<\/p>\n<\/li>\n<li data-start=\"1908\" data-end=\"1932\">\n<p data-start=\"1910\" data-end=\"1932\">Stimulus: CO-aerosol<\/p>\n<\/li>\n<li data-start=\"1933\" data-end=\"1994\">\n<p data-start=\"1935\" data-end=\"1994\">Kompatibilitet: Bruges med Solo 330\/332 dispenseringsv\u00e6rkt\u00f8j<\/p>\n<\/li>\n<li data-start=\"1995\" data-end=\"2044\">\n<p data-start=\"1997\" data-end=\"2044\">Funktion: Test af CO-sensorer i branddetektorer<\/p>\n<\/li>\n<\/ul>","protected":false},"excerpt":{"rendered":"<p><strong data-start=\"21\" data-end=\"62\"><span class=\"entity-underline hover:entity-accent inline cursor-pointer align-baseline\"><span class=\"whitespace-normal\">Solo C3 CO-detektor Tester Aerosol<\/span><\/span><\/strong> er en 250 ml aerosolgas til funktionstest af CO-sensorer i branddetektorer.<\/p>\n<p>Den er ikke-brandbar og beregnet til brug med dispenseringsv\u00e6rkt\u00f8j til kontrolleret levering.<\/p>\n<p>En p\u00e5lidelig l\u00f8sning til installat\u00f8rer, teknikere og servicepersonale, der tester CO-detektorer.<\/p>","protected":false},"featured_media":140975,"template":"","meta":{"_acf_changed":false},"product_brand":[],"product_cat":[1764,2943],"product_tag":[],"class_list":{"0":"post-83045","1":"product","2":"type-product","3":"status-publish","4":"has-post-thumbnail","6":"product_cat-professionella-verktyg-for-prov-och-underhall","7":"product_cat-provgas-testgas-rokdetektorer","8":"product_shipping_class-postnord-varubrev","9":"pa_brands-solo","10":"tm-no-options","12":"first","13":"instock","14":"sale","15":"taxable","16":"shipping-taxable","17":"purchasable","18":"product-type-simple"},"acf":[],"_links":{"self":[{"href":"https:\/\/secureus.se\/dk\/wp-json\/wp\/v2\/product\/83045","targetHints":{"allow":["GET"]}}],"collection":[{"href":"https:\/\/secureus.se\/dk\/wp-json\/wp\/v2\/product"}],"about":[{"href":"https:\/\/secureus.se\/dk\/wp-json\/wp\/v2\/types\/product"}],"wp:featuredmedia":[{"embeddable":true,"href":"https:\/\/secureus.se\/dk\/wp-json\/wp\/v2\/media\/140975"}],"wp:attachment":[{"href":"https:\/\/secureus.se\/dk\/wp-json\/wp\/v2\/media?parent=83045"}],"wp:term":[{"taxonomy":"product_brand","embeddable":true,"href":"https:\/\/secureus.se\/dk\/wp-json\/wp\/v2\/product_brand?post=83045"},{"taxonomy":"product_cat","embeddable":true,"href":"https:\/\/secureus.se\/dk\/wp-json\/wp\/v2\/product_cat?post=83045"},{"taxonomy":"product_tag","embeddable":true,"href":"https:\/\/secureus.se\/dk\/wp-json\/wp\/v2\/product_tag?post=83045"}],"curies":[{"name":"wp","href":"https:\/\/api.w.org\/{rel}","templated":true}]}}