{"id":83102,"date":"2023-09-12T10:49:20","date_gmt":"2023-09-12T08:49:20","guid":{"rendered":"https:\/\/secureus.se\/produkt\/detectortesters-testifire-2001-multi-sensor-smoke-heat-and-co-detector-tester\/"},"modified":"2026-04-22T15:25:45","modified_gmt":"2026-04-22T13:25:45","slug":"detectortesters-testifire-2001-multi-sensor-smoke-heat-and-co-detector-tester","status":"publish","type":"product","link":"https:\/\/secureus.se\/dk\/detectortesters-testifire-2001-multi-sensor-smoke-heat-and-co-detector-tester\/","title":{"rendered":"detektortestere testifire 2001 multisensor r\u00f8gvarme og co-detektortester"},"content":{"rendered":"<p>Testifire muligg\u00f8r enkel, kompatibel funktionstest af branddetektorer. Velegnet til r\u00f8g-, varme- og CO-testning \u00f8ger den produktiviteten p\u00e5 stedet og er verdens f\u00f8rende multisensordetektortestl\u00f8sning.<\/p>\n<p>Produktiv:<\/p>\n<p>Underst\u00f8tter hurtigere test uden at skulle skifte mellem v\u00e6rkt\u00f8jer.<\/p>\n<p>Kompatibel:<\/p>\n<p>Passer til det bredeste udvalg af detektorer \u2013 inklusive enkelt- og multisensorer.<\/p>\n<p>Godkendt:<\/p>\n<p>Certificeret af UL og godkendt af f\u00f8rende detektorproducenter.<\/p>\n<p>Hovedtr\u00e6k:<br \/>\n\u2013 Alt-i-\u00e9n: Et v\u00e6rkt\u00f8j til test af r\u00f8g, varme og CO tillader test af alle detektorer uanset type.<br \/>\n\u2013 Hurtigere test: Sparer tid og besv\u00e6r uden at skulle skifte mellem testv\u00e6rkt\u00f8jer.<br \/>\n- Ingen re-alarmer: Indbygget &quot;clearing&quot;-tilstand forhindrer gen-alarmer, hvilket minimerer forstyrrelser og sparer tid.<br \/>\n- Nem opbevaring og transport: Ikke-farlige, ikke-tryksatte kapsler, giver mulighed for lettere opbevaring og transport.<br \/>\n\u2013 R\u00f8g efter behov: Mindre spild af r\u00f8g og ingen risiko for detektorkontamination.<br \/>\n\u2013 Universal: Tester flere stimuli i r\u00e6kkef\u00f8lge, samtidigt eller sekventielt \u2013 hvad end der kr\u00e6ves af brandsystemet.<\/p>","protected":false},"excerpt":{"rendered":"<p>detektortestere testifire 2001 multisensor r\u00f8gvarme og co-detektortester<\/p>","protected":false},"featured_media":140929,"template":"","meta":{"_acf_changed":false},"product_brand":[],"product_cat":[2946,3848],"product_tag":[2948],"class_list":{"0":"post-83102","1":"product","2":"type-product","3":"status-publish","4":"has-post-thumbnail","6":"product_cat-testifire","7":"product_cat-testifire-kit","8":"product_tag-rokgastestare-testfire","9":"product_shipping_class-tunga-paket","10":"pa_brands-testifire","11":"tm-no-options","13":"first","14":"instock","15":"sale","16":"taxable","17":"shipping-taxable","18":"purchasable","19":"product-type-simple"},"acf":[],"_links":{"self":[{"href":"https:\/\/secureus.se\/dk\/wp-json\/wp\/v2\/product\/83102","targetHints":{"allow":["GET"]}}],"collection":[{"href":"https:\/\/secureus.se\/dk\/wp-json\/wp\/v2\/product"}],"about":[{"href":"https:\/\/secureus.se\/dk\/wp-json\/wp\/v2\/types\/product"}],"wp:featuredmedia":[{"embeddable":true,"href":"https:\/\/secureus.se\/dk\/wp-json\/wp\/v2\/media\/140929"}],"wp:attachment":[{"href":"https:\/\/secureus.se\/dk\/wp-json\/wp\/v2\/media?parent=83102"}],"wp:term":[{"taxonomy":"product_brand","embeddable":true,"href":"https:\/\/secureus.se\/dk\/wp-json\/wp\/v2\/product_brand?post=83102"},{"taxonomy":"product_cat","embeddable":true,"href":"https:\/\/secureus.se\/dk\/wp-json\/wp\/v2\/product_cat?post=83102"},{"taxonomy":"product_tag","embeddable":true,"href":"https:\/\/secureus.se\/dk\/wp-json\/wp\/v2\/product_tag?post=83102"}],"curies":[{"name":"wp","href":"https:\/\/api.w.org\/{rel}","templated":true}]}}