{"id":83114,"date":"2023-09-13T15:18:29","date_gmt":"2023-09-13T13:18:29","guid":{"rendered":"https:\/\/secureus.se\/?post_type=product&#038;p=83114"},"modified":"2026-04-08T16:44:25","modified_gmt":"2026-04-08T14:44:25","slug":"kontrolljournal-sakerhet","status":"publish","type":"product","link":"https:\/\/secureus.se\/dk\/kontrolljournal-sakerhet\/","title":{"rendered":"CHECKLISTE SIKKERHED"},"content":{"rendered":"<p>Kontrolposter er p\u00e5kr\u00e6vet i de fleste sikkerhedsfaciliteter. Kontroljournalen skal indeholde oplysninger om anl\u00e6gsejere, anl\u00e6gsledere, byggefirmaer mv. Andre oplysninger s\u00e5som type af centralenhed, batterier, placering og tidspunkt for idrifts\u00e6ttelse osv. skal ogs\u00e5 inkluderes. Uddrag fra Svensk Tyverisikringsforenings regler SSF 130 Bilag A og B og Alarmloven SFS nr: 1983:1097 er medtaget. Her reguleres pligter og rettigheder for anl\u00e6gsejeren. I l\u00f8bet af anl\u00e6ggets levetid skal alle h\u00e6ndelser s\u00e5som test, udl\u00f8ste alarmer, afbrydelser, fejlsignaler, service, eftersyn mv. Kontroljournalen skal opbevares i eller i n\u00e6rheden af centraludstyret.<\/p>","protected":false},"excerpt":{"rendered":"<p>Kontrolposter er p\u00e5kr\u00e6vet i de fleste sikkerhedsfaciliteter. Kontroljournalen skal indeholde oplysninger om anl\u00e6gsejere, anl\u00e6gsledere, byggefirmaer mv. Andre oplysninger s\u00e5som type af central enhed, batterier, placeringer og tidspunkt for idrifts\u00e6ttelse osv. skal ogs\u00e5<\/p>","protected":false},"featured_media":139988,"template":"","meta":{"_acf_changed":false},"product_brand":[],"product_cat":[2950],"product_tag":[],"class_list":{"0":"post-83114","1":"product","2":"type-product","3":"status-publish","4":"has-post-thumbnail","6":"product_cat-or-skap-sakerhet","7":"product_shipping_class-postnord-varubrev","8":"tm-no-options","10":"first","11":"instock","12":"sale","13":"taxable","14":"shipping-taxable","15":"purchasable","16":"product-type-simple"},"acf":[],"_links":{"self":[{"href":"https:\/\/secureus.se\/dk\/wp-json\/wp\/v2\/product\/83114","targetHints":{"allow":["GET"]}}],"collection":[{"href":"https:\/\/secureus.se\/dk\/wp-json\/wp\/v2\/product"}],"about":[{"href":"https:\/\/secureus.se\/dk\/wp-json\/wp\/v2\/types\/product"}],"wp:featuredmedia":[{"embeddable":true,"href":"https:\/\/secureus.se\/dk\/wp-json\/wp\/v2\/media\/139988"}],"wp:attachment":[{"href":"https:\/\/secureus.se\/dk\/wp-json\/wp\/v2\/media?parent=83114"}],"wp:term":[{"taxonomy":"product_brand","embeddable":true,"href":"https:\/\/secureus.se\/dk\/wp-json\/wp\/v2\/product_brand?post=83114"},{"taxonomy":"product_cat","embeddable":true,"href":"https:\/\/secureus.se\/dk\/wp-json\/wp\/v2\/product_cat?post=83114"},{"taxonomy":"product_tag","embeddable":true,"href":"https:\/\/secureus.se\/dk\/wp-json\/wp\/v2\/product_tag?post=83114"}],"curies":[{"name":"wp","href":"https:\/\/api.w.org\/{rel}","templated":true}]}}