{"id":83120,"date":"2023-09-13T15:36:21","date_gmt":"2023-09-13T13:36:21","guid":{"rendered":"https:\/\/secureus.se\/?post_type=product&#038;p=83120"},"modified":"2026-02-03T14:03:18","modified_gmt":"2026-02-03T13:03:18","slug":"or-skap-a3-vitt-for-assa-las","status":"publish","type":"product","link":"https:\/\/secureus.se\/dk\/or-skap-a3-vitt-for-assa-las\/","title":{"rendered":"ELLER SKAB Brandalarm A3 HVID TIL ASSA L\u00c5S"},"content":{"rendered":"<h1>ELLER SKAB Brandalarm<\/h1>\n<p>Dokumentskab til orientering og servicetegninger til brandalarmanl\u00e6g.<br \/>\nLemmen \u00e5bnes med en brandv\u00e6senn\u00f8gle.<\/p>\n<p>OR-3-BLACK har et forst\u00e6rket l\u00e5g, s\u00e5 det kan bruges som bord til en b\u00e6rbar computer eller tegninger.<br \/>\nOR-3 \u2013 ASSA har \u00e5ben bagside, der skal monteres over alarmknapper mv.<\/p>\n<p>Skabene er udf\u00f8rt i st\u00e5lplade og i farver iht. nedenst\u00e5ende tabel.<\/p>\n<p><img decoding=\"async\" class=\"alignnone size-full wp-image-123513183\" src=\"https:\/\/securityonline.se\/wp-content\/uploads\/2023\/09\/Swanson-Or-skap.jpg\" alt=\"\" width=\"618\" height=\"292\" \/><\/p>","protected":false},"excerpt":{"rendered":"<p>Skab til orienteringstegninger med \u00e5ben ryg til montering over alarmknapper mm.<\/p>\n<p><span data-teams=\"true\">Disse skabe leveres uden n\u00f8gle, og hvis der er brug for en, k\u00f8bes den separat.<\/span><\/p>","protected":false},"featured_media":140853,"template":"","meta":{"_acf_changed":false},"product_brand":[],"product_cat":[3977,1837,2950],"product_tag":[],"class_list":{"0":"post-83120","1":"product","2":"type-product","3":"status-publish","4":"has-post-thumbnail","6":"product_cat-or-skap-brand-brandskydd","7":"product_cat-dokumentskap","8":"product_cat-or-skap-sakerhet","9":"product_shipping_class-tunga-paket","10":"pa_brands-swansons","11":"tm-no-options","13":"first","14":"instock","15":"sale","16":"taxable","17":"shipping-taxable","18":"purchasable","19":"product-type-simple"},"acf":[],"_links":{"self":[{"href":"https:\/\/secureus.se\/dk\/wp-json\/wp\/v2\/product\/83120","targetHints":{"allow":["GET"]}}],"collection":[{"href":"https:\/\/secureus.se\/dk\/wp-json\/wp\/v2\/product"}],"about":[{"href":"https:\/\/secureus.se\/dk\/wp-json\/wp\/v2\/types\/product"}],"wp:featuredmedia":[{"embeddable":true,"href":"https:\/\/secureus.se\/dk\/wp-json\/wp\/v2\/media\/140853"}],"wp:attachment":[{"href":"https:\/\/secureus.se\/dk\/wp-json\/wp\/v2\/media?parent=83120"}],"wp:term":[{"taxonomy":"product_brand","embeddable":true,"href":"https:\/\/secureus.se\/dk\/wp-json\/wp\/v2\/product_brand?post=83120"},{"taxonomy":"product_cat","embeddable":true,"href":"https:\/\/secureus.se\/dk\/wp-json\/wp\/v2\/product_cat?post=83120"},{"taxonomy":"product_tag","embeddable":true,"href":"https:\/\/secureus.se\/dk\/wp-json\/wp\/v2\/product_tag?post=83120"}],"curies":[{"name":"wp","href":"https:\/\/api.w.org\/{rel}","templated":true}]}}