{"id":83398,"date":"2023-03-28T14:22:20","date_gmt":"2023-03-28T12:22:20","guid":{"rendered":"https:\/\/secureus.se\/produkt\/s65-12v-relay-base-12v-1a\/"},"modified":"2026-04-09T11:36:26","modified_gmt":"2026-04-09T09:36:26","slug":"relasockel-s65-12v","status":"publish","type":"product","link":"https:\/\/secureus.se\/dk\/relasockel-s65-12v\/","title":{"rendered":"Apollo 45681-508APO Rel\u00e6base S65 12V Rel\u00e6base"},"content":{"rendered":"<p><strong>Optisk r\u00f8gdetektor med h\u00f8j pr\u00e6cision:<\/strong> Rel\u00e6stik S65 er et glimrende valg til b\u00e5de tyverialarm og brandalarm.<\/p>\n<p>Den er designet til at blive brugt sammen med DSC NEO, Power Series, MAXYS og andre konventionelle kabelforbundne tyverialarmer.<\/p>\n<p>Det optiske detektionskammer i S65 bruger reflektionsprincipper til at detektere r\u00f8gpartikler, hvilket sikrer hurtig og pr\u00e6cis alarmaktivering.<\/p>\n<p><strong>Funktioner og fordele:<\/strong><\/p>\n<ul>\n<li><strong>Fleksibel brug:<\/strong> Jumper p\u00e5 printkortet kan monteres i l\u00e5sende eller ikke-l\u00e5sende position afh\u00e6ngigt af anvendelsen.<\/li>\n<li><strong>Kvalitet:<\/strong> Den hvide farve og det indbyggede LED-lys til alarmindikation giver b\u00e5de \u00e6stetik og funktionalitet.<\/li>\n<li><strong>B\u00e6redygtighed:<\/strong> Designet til at modst\u00e5 b\u00e5de h\u00f8je og lave temperaturer, hvilket g\u00f8r den velegnet til forskellige milj\u00f8er.<\/li>\n<\/ul>\n<p><strong>Teknisk specifikation:<\/strong><\/p>\n<ul>\n<li><strong>Sp\u00e6nding:<\/strong> 9 \u2013 15V DC<\/li>\n<li><strong>Str\u00f8mforbrug:<\/strong> 30-50\u03bcA ved 24V DC<\/li>\n<li><strong>Normal alarmstr\u00f8m:<\/strong>\n<ul>\n<li>10V = 18mA<\/li>\n<li>24V = 52mA<\/li>\n<\/ul>\n<\/li>\n<li><strong>Temperaturomr\u00e5de:<\/strong> -20 \u00b0C til +60 \u00b0C<\/li>\n<li><strong>Fugtighed:<\/strong> 0% til 95%, ikke-kondenserende<\/li>\n<li><strong>M\u00e5le:<\/strong> 100 mm diameter x 25 mm h\u00f8j<\/li>\n<li><strong>V\u00e6gt:<\/strong> 100 g<\/li>\n<\/ul>\n<p>&nbsp;<\/p>","protected":false},"excerpt":{"rendered":"<p>Rel\u00e6base S65 er en 12V rel\u00e6base, der bruges til tyverialarmer og brandalarmer.<\/p>\n<p>Den er kompatibel med DSC PowerSeries og andre sikkerhedssystemer.<\/p>\n<p>Med et optisk detektionskammer detekterer det effektivt r\u00f8g og ild og kan konfigureres til b\u00e5de l\u00e5sende og ikke-l\u00e5sende applikationer.<\/p>\n<p>Den har et str\u00f8mforbrug p\u00e5 30-50\u03bcA og fungerer i et temperaturomr\u00e5de fra -20\u00b0C til +60\u00b0C.<\/p>","protected":false},"featured_media":140931,"template":"","meta":{"_acf_changed":false},"product_brand":[],"product_cat":[4747],"product_tag":[2962,3311,3025,2704],"class_list":{"0":"post-83398","1":"product","2":"type-product","3":"status-publish","4":"has-post-thumbnail","6":"product_cat-65-serien","7":"product_tag-apollo-s65-serien","8":"product_tag-dsc-neo-svensk-manual","9":"product_tag-tradbundna-rokdetektorer-for-neo","10":"product_tag-utvalda-produkter-fran-apollo","11":"product_shipping_class-postnord-varubrev","12":"pa_brands-apollo-fire-detectors","13":"tm-has-options","15":"first","16":"instock","17":"featured","18":"taxable","19":"shipping-taxable","20":"purchasable","21":"product-type-simple"},"acf":[],"_links":{"self":[{"href":"https:\/\/secureus.se\/dk\/wp-json\/wp\/v2\/product\/83398","targetHints":{"allow":["GET"]}}],"collection":[{"href":"https:\/\/secureus.se\/dk\/wp-json\/wp\/v2\/product"}],"about":[{"href":"https:\/\/secureus.se\/dk\/wp-json\/wp\/v2\/types\/product"}],"wp:featuredmedia":[{"embeddable":true,"href":"https:\/\/secureus.se\/dk\/wp-json\/wp\/v2\/media\/140931"}],"wp:attachment":[{"href":"https:\/\/secureus.se\/dk\/wp-json\/wp\/v2\/media?parent=83398"}],"wp:term":[{"taxonomy":"product_brand","embeddable":true,"href":"https:\/\/secureus.se\/dk\/wp-json\/wp\/v2\/product_brand?post=83398"},{"taxonomy":"product_cat","embeddable":true,"href":"https:\/\/secureus.se\/dk\/wp-json\/wp\/v2\/product_cat?post=83398"},{"taxonomy":"product_tag","embeddable":true,"href":"https:\/\/secureus.se\/dk\/wp-json\/wp\/v2\/product_tag?post=83398"}],"curies":[{"name":"wp","href":"https:\/\/api.w.org\/{rel}","templated":true}]}}