{"id":83399,"date":"2023-03-23T14:52:50","date_gmt":"2023-03-23T13:52:50","guid":{"rendered":"https:\/\/secureus.se\/produkt\/s65-standard-base\/"},"modified":"2026-04-22T15:07:51","modified_gmt":"2026-04-22T13:07:51","slug":"sockel-s65-standard-bas","status":"publish","type":"product","link":"https:\/\/secureus.se\/dk\/sockel-s65-standard-bas\/","title":{"rendered":"Apollo 45681-200APO Fatning S65 Standardsokkel til R\u00f8gdetektor"},"content":{"rendered":"<p><strong>Effektiv og sikker installation af r\u00f8gdetektorer:<\/strong> Socket S65 Standard Base er kompatibel med DSC NEO og r\u00f8gdetektor 55000-317APO samt Apollo S65 serien.<\/p>\n<p>Den er designet til at forenkle installationen af r\u00f8gdetektorer og kan bruges i b\u00e5de alarm- og brandalarmanl\u00e6g.<\/p>\n<p><strong>Funktioner og fordele:<\/strong><\/p>\n<ul>\n<li><strong>Samling uden str\u00f8m:<\/strong> Basen g\u00f8r det muligt at installere detektorer uden at tilslutte str\u00f8m, hvilket g\u00f8r den ideel til nedh\u00e6ngte lofter.<\/li>\n<li><strong>Let pasform:<\/strong> Alle serie 65 baser har en hurtig og nem pasform til detektorer.<\/li>\n<li><strong>L\u00e5semekanisme:<\/strong> Detektorer kan l\u00e5ses p\u00e5 plads med en skrue, hvilket sikrer stabilitet og sikkerhed.<\/li>\n<li><strong>Terminal til fjernindikator:<\/strong> Inkluderer en jordkontakt og terminal til fjernindikator, hvilket giver ekstra funktionalitet.<\/li>\n<\/ul>\n<p><strong>Teknisk specifikation:<\/strong><\/p>\n<ul>\n<li><strong>Sp\u00e6nding:<\/strong> 9 \u2013 15V DC<\/li>\n<li><strong>Driftstemperatur:<\/strong> -20\u00b0C til +70\u00b0C (Ikke-kondenserende)<\/li>\n<li><strong>Konstruktion:<\/strong> Basen er lavet af selvslukkende polycarbonat og har nikkel-galvaniserede st\u00e5lterminaler.<\/li>\n<li><strong>M\u00e5le:<\/strong> 100 mm diameter x 25 mm h\u00f8j<\/li>\n<li><strong>V\u00e6gt:<\/strong> 100 g<\/li>\n<\/ul>","protected":false},"excerpt":{"rendered":"<p>Socket S65 Standard Base er designet til at blive brugt med DSC NEO r\u00f8gdetektor 55000-317APO og Apollo S65 serien.<\/p>\n<p>Det muligg\u00f8r installation af detektorer uden behov for str\u00f8m, hvilket er s\u00e6rligt nyttigt i nedh\u00e6ngte lofter.<\/p>\n<p>Basen har en nem pasform og kan l\u00e5se detektoren p\u00e5 plads for ekstra sikkerhed.<\/p>","protected":false},"featured_media":140687,"template":"","meta":{"_acf_changed":false},"product_brand":[],"product_cat":[4747],"product_tag":[2962,3311,3025,2704],"class_list":{"0":"post-83399","1":"product","2":"type-product","3":"status-publish","4":"has-post-thumbnail","6":"product_cat-65-serien","7":"product_tag-apollo-s65-serien","8":"product_tag-dsc-neo-svensk-manual","9":"product_tag-tradbundna-rokdetektorer-for-neo","10":"product_tag-utvalda-produkter-fran-apollo","11":"product_shipping_class-postnord-varubrev","12":"pa_brands-apollo-fire-detectors","13":"tm-has-options","15":"first","16":"instock","17":"sale","18":"featured","19":"taxable","20":"shipping-taxable","21":"purchasable","22":"product-type-simple"},"acf":[],"_links":{"self":[{"href":"https:\/\/secureus.se\/dk\/wp-json\/wp\/v2\/product\/83399","targetHints":{"allow":["GET"]}}],"collection":[{"href":"https:\/\/secureus.se\/dk\/wp-json\/wp\/v2\/product"}],"about":[{"href":"https:\/\/secureus.se\/dk\/wp-json\/wp\/v2\/types\/product"}],"wp:featuredmedia":[{"embeddable":true,"href":"https:\/\/secureus.se\/dk\/wp-json\/wp\/v2\/media\/140687"}],"wp:attachment":[{"href":"https:\/\/secureus.se\/dk\/wp-json\/wp\/v2\/media?parent=83399"}],"wp:term":[{"taxonomy":"product_brand","embeddable":true,"href":"https:\/\/secureus.se\/dk\/wp-json\/wp\/v2\/product_brand?post=83399"},{"taxonomy":"product_cat","embeddable":true,"href":"https:\/\/secureus.se\/dk\/wp-json\/wp\/v2\/product_cat?post=83399"},{"taxonomy":"product_tag","embeddable":true,"href":"https:\/\/secureus.se\/dk\/wp-json\/wp\/v2\/product_tag?post=83399"}],"curies":[{"name":"wp","href":"https:\/\/api.w.org\/{rel}","templated":true}]}}