{"id":83400,"date":"2023-03-23T14:52:13","date_gmt":"2023-03-23T13:52:13","guid":{"rendered":"https:\/\/secureus.se\/produkt\/s65-optical-smoke-detector\/"},"modified":"2026-04-01T14:40:11","modified_gmt":"2026-04-01T12:40:11","slug":"rokdetektor-s65-tradbunden","status":"publish","type":"product","link":"https:\/\/secureus.se\/dk\/rokdetektor-s65-tradbunden\/","title":{"rendered":"Apollo 55000-317APO R\u00f8gdetektor S65 Kablet Optisk R\u00f8gdetektor"},"content":{"rendered":"<p><strong>Optisk r\u00f8gdetektor til effektiv brandoverv\u00e5gning:<\/strong> R\u00f8gdetektor S65 er et fremragende tilbeh\u00f8r til DSC PowerSeries Neo og andre tyverialarmer, der kr\u00e6ver en rel\u00e6base.<\/p>\n<p>Med et innovativt reflektionskammer detekterer det hurtigt r\u00f8gpartikler, der indikerer brand, hvilket giver en p\u00e5lidelig og hurtig advarsel.<\/p>\n<p><strong>Funktioner og fordele:<\/strong><\/p>\n<ul>\n<li><strong>Optisk detektion:<\/strong> Bruger lysreflektion til hurtigt at opdage r\u00f8g og ild.<\/li>\n<li><strong>Luftstr\u00f8m:<\/strong> Ikke p\u00e5virket af lufthastighed eller atmosf\u00e6risk tryk, hvilket sikrer p\u00e5lidelig drift.<\/li>\n<li><strong>Alarmindikation:<\/strong> Udstyret med et LED-lys for tydelig visuel advarsel.<\/li>\n<\/ul>\n<p><strong>Teknisk specifikation:<\/strong><\/p>\n<ul>\n<li><strong>Sp\u00e6nding:<\/strong> 9 \u2013 33V DC<\/li>\n<li><strong>Str\u00f8mforbrug:<\/strong> 30-50\u03bcA ved 24V DC<\/li>\n<li><strong>Normal alarmstr\u00f8m:<\/strong>\n<ul>\n<li>10V = 18mA<\/li>\n<li>24V = 52mA<\/li>\n<\/ul>\n<\/li>\n<li><strong>Alarmgendannelsestid:<\/strong> 1 sek.<\/li>\n<li><strong>Temperaturomr\u00e5de:<\/strong> -20 \u00b0C til +60 \u00b0C<\/li>\n<li><strong>Fugtighed:<\/strong> 0% til 95%, ikke-kondenserende<\/li>\n<li><strong>M\u00e5le:<\/strong> 100 x 42 mm (detektor), 100 x 50 mm (detektor med base)<\/li>\n<li><strong>V\u00e6gt:<\/strong> 99 g (detektor), 150 g (detektor med base)<\/li>\n<\/ul>","protected":false},"excerpt":{"rendered":"<p>R\u00f8gdetektor S65 er en optisk r\u00f8gdetektor designet til DSC NEO og tyverialarmer.<\/p>\n<p>Ved hj\u00e6lp af et reflektionskammer detekterer det effektivt r\u00f8g og brandpartikler, hvilket giver en hurtig reaktion i tilf\u00e6lde af fare.<\/p>\n<p>Den er nem at installere med en rel\u00e6base og er perfekt til b\u00e5de boliger og erhvervsbygninger.<\/p>","protected":false},"featured_media":162855,"template":"","meta":{"_acf_changed":false},"product_brand":[],"product_cat":[4747,3373],"product_tag":[3311,3025,2704],"class_list":{"0":"post-83400","1":"product","2":"type-product","3":"status-publish","4":"has-post-thumbnail","6":"product_cat-65-serien","7":"product_cat-rokdetektorer","8":"product_tag-dsc-neo-svensk-manual","9":"product_tag-tradbundna-rokdetektorer-for-neo","10":"product_tag-utvalda-produkter-fran-apollo","11":"product_shipping_class-postnord-varubrev","12":"pa_brands-apollo-fire-detectors","13":"tm-has-options","15":"first","16":"instock","17":"sale","18":"featured","19":"taxable","20":"shipping-taxable","21":"purchasable","22":"product-type-simple"},"acf":[],"_links":{"self":[{"href":"https:\/\/secureus.se\/dk\/wp-json\/wp\/v2\/product\/83400","targetHints":{"allow":["GET"]}}],"collection":[{"href":"https:\/\/secureus.se\/dk\/wp-json\/wp\/v2\/product"}],"about":[{"href":"https:\/\/secureus.se\/dk\/wp-json\/wp\/v2\/types\/product"}],"wp:featuredmedia":[{"embeddable":true,"href":"https:\/\/secureus.se\/dk\/wp-json\/wp\/v2\/media\/162855"}],"wp:attachment":[{"href":"https:\/\/secureus.se\/dk\/wp-json\/wp\/v2\/media?parent=83400"}],"wp:term":[{"taxonomy":"product_brand","embeddable":true,"href":"https:\/\/secureus.se\/dk\/wp-json\/wp\/v2\/product_brand?post=83400"},{"taxonomy":"product_cat","embeddable":true,"href":"https:\/\/secureus.se\/dk\/wp-json\/wp\/v2\/product_cat?post=83400"},{"taxonomy":"product_tag","embeddable":true,"href":"https:\/\/secureus.se\/dk\/wp-json\/wp\/v2\/product_tag?post=83400"}],"curies":[{"name":"wp","href":"https:\/\/api.w.org\/{rel}","templated":true}]}}