{"id":83923,"date":"2023-09-27T17:59:55","date_gmt":"2023-09-27T15:59:55","guid":{"rendered":"https:\/\/secureus.se\/produkt\/eltryckeslas-pe580-med-kabel-ea220\/"},"modified":"2026-04-23T12:23:16","modified_gmt":"2026-04-23T10:23:16","slug":"eltryckeslas-pe580-med-kabel-ea220","status":"publish","type":"product","link":"https:\/\/secureus.se\/dk\/eltryckeslas-pe580-med-kabel-ea220\/","title":{"rendered":"Elektrisk trykl\u00e5s PE580 med Kabel EA220"},"content":{"rendered":"<p><\/p>\n<div>PE 580 tilh\u00f8rer en familie af elektriske skubbel\u00e5se med delt spindelfunktion tilpasset brug med panikregel 1141. Den opfylder kravene iht. SS-EN1125. PE580 er en elektromekanisk styret trykfunktionsl\u00e5s, der er af multifunktionstypen. Af dagl\u00e5stype og passer godt i erhvervsbygninger, indvendig afl\u00e5sning og yderd\u00f8re i etageejendomme. Split-funktion l\u00e5se har en kombination af mekaniske og elektriske funktioner, som muligg\u00f8r panik evakuering uden elektrisk styring. PE580 har to integrerede mikrokontakter, der angiver stemplets position samt \u00e5bning med panikkontrol. L\u00e5sen kan altid betjenes mekanisk med cylinder eller knop. L\u00e5sen l\u00e5ses automatisk, n\u00e5r d\u00f8ren lukkes.\u00a0<\/div>\n<div><b>Egenskaber\u00a0<\/b><\/div>\n<div>\n<ul>\n<li>Split funktion<\/li>\n<li>Det udvendige h\u00e5ndtag er elektrisk styret<\/li>\n<li>Kan altid \u00e5bnes indefra med ASSA ABLOY 1141 panikl\u00e5s<\/li>\n<li>L\u00e5sen kan styres elektrisk fra f.eks. et adgangssystem, eller fra en \u00e5ben knap eller en timer<\/li>\n<li>Let vendbar h\u00f8jre\/venstre\u00a0<\/li>\n<li>Omskiftelig frem\/tilbage-funktion (l\u00e5st eller ul\u00e5st i str\u00f8ml\u00f8s tilstand)<\/li>\n<li>Reglen udfolder sig f\u00f8rst, n\u00e5r d\u00f8ren er lukket<\/li>\n<li>Alle kabler forsynet med stik for nem installation med tilslutningskabel EA220<\/li>\n<li>50 mm dorndybde\n<\/li>\n<\/ul>\n<\/div>\n<div><b>Teknisk data<\/b><\/div>\n<div>\n<ul>\n<li>Sp\u00e6nding 12 \u2013 24 V DC (-10%\/+15%, personale)<\/li>\n<li>Str\u00f8mforbrug: Max: 550 mA (12V DC), Hvile: 240 mA (12V DC)\u00a0<\/li>\n<li>Temperaturomr\u00e5de: -20 \u2013 +60\u00b0C<\/li>\n<\/ul>\n<\/div>","protected":false},"excerpt":{"rendered":"<h5><a href=\"https:\/\/elslutblecksguiden.se\/\" target=\"_blank\" rel=\"noopener\">Vejledning til ASSA Elektriske l\u00e5se, motorl\u00e5se, Elektriske slutplader og udskiftningsguide<\/a><\/h5>","protected":false},"featured_media":139943,"template":"","meta":{"_acf_changed":false},"product_brand":[],"product_cat":[2429],"product_tag":[2967],"class_list":{"0":"post-83923","1":"product","2":"type-product","3":"status-publish","4":"has-post-thumbnail","6":"product_cat-ellas","7":"product_tag-rg-assa-abloy","8":"product_shipping_class-tunga-paket","9":"pa_brands-abloy","10":"tm-no-options","12":"first","13":"onbackorder","14":"sale","15":"taxable","16":"shipping-taxable","17":"purchasable","18":"product-type-simple"},"acf":[],"_links":{"self":[{"href":"https:\/\/secureus.se\/dk\/wp-json\/wp\/v2\/product\/83923","targetHints":{"allow":["GET"]}}],"collection":[{"href":"https:\/\/secureus.se\/dk\/wp-json\/wp\/v2\/product"}],"about":[{"href":"https:\/\/secureus.se\/dk\/wp-json\/wp\/v2\/types\/product"}],"wp:featuredmedia":[{"embeddable":true,"href":"https:\/\/secureus.se\/dk\/wp-json\/wp\/v2\/media\/139943"}],"wp:attachment":[{"href":"https:\/\/secureus.se\/dk\/wp-json\/wp\/v2\/media?parent=83923"}],"wp:term":[{"taxonomy":"product_brand","embeddable":true,"href":"https:\/\/secureus.se\/dk\/wp-json\/wp\/v2\/product_brand?post=83923"},{"taxonomy":"product_cat","embeddable":true,"href":"https:\/\/secureus.se\/dk\/wp-json\/wp\/v2\/product_cat?post=83923"},{"taxonomy":"product_tag","embeddable":true,"href":"https:\/\/secureus.se\/dk\/wp-json\/wp\/v2\/product_tag?post=83923"}],"curies":[{"name":"wp","href":"https:\/\/api.w.org\/{rel}","templated":true}]}}