{"id":83935,"date":"2023-09-27T17:59:43","date_gmt":"2023-09-27T15:59:43","guid":{"rendered":"https:\/\/secureus.se\/produkt\/eltryckeslashus-815c-50-hi-o\/"},"modified":"2026-03-25T15:43:58","modified_gmt":"2026-03-25T14:43:58","slug":"eltryckeslashus-815c-50-hi-o","status":"publish","type":"product","link":"https:\/\/secureus.se\/dk\/eltryckeslashus-815c-50-hi-o\/","title":{"rendered":"Elektrisk trykl\u00e5shus 815C-50 Hi-O"},"content":{"rendered":"<p>ASSA ABLOY 815C-50 Hi-O er en elektrisk trykl\u00e5s i Velox-serien, tilpasset h\u00f8jfrekvente d\u00f8re med ASSA modul\u00e6r eller Connecturtag. Passer godt som dagl\u00e5s<\/p>\n<div>og indvendig afl\u00e5sning i handel, kontorer og industri eller i indgange og offentlige arealer i flerfamiliehuse. Certificeret i henhold til SS-EN 179, hvilket muligg\u00f8r installation i en flugtvej. 815C-50 er en digital l\u00e5s baseret p\u00e5 CAN bus teknologi Hi-O. Hi-O betyder, at enhederne har en indbygget mikrocomputer og kommunikerer med hinanden til plug-and-play installation, synkronisering af d\u00f8rbetjening, overv\u00e5gning af adf\u00e6rd og til at sende diagnostiske informationer. En Hi-O-enhed skal tilsluttes en Hi-O-bus via DAC 530\/564, alternativt til et analogt system via I\/O BOX 350. I\/O BOX 350 muligg\u00f8r installation af en digital Hi-O-l\u00e5s til et analogt rel\u00e6styret anl\u00e6g.<\/div>\n<div>\n<div><b>Egenskaber:<\/b><\/div>\n<div>\n<ul>\n<li>Split funktion, elektrisk styret udvendig, mekanisk forbundet indvendig (split spindel)<\/li>\n<li>Let omskiftelig elektrisk\/mekanisk betjent side<\/li>\n<li>Let justerbar frem\/tilbage-funktion<\/li>\n<li>Vendbart faldstempel til h\u00f8jre- eller venstreh\u00e6ngte d\u00f8re<\/li>\n<li>Sammenl\u00e5st trykfald<\/li>\n<li>L\u00e5sen kan altid betjenes med n\u00f8gle\/knop<\/li>\n<li>Godkendt til montage i brandcellegr\u00e6nse E\/EI 120<\/li>\n<li>Certificeret i henhold til SSF 3522-1093, klasse 1 og SS-EN 179<\/li>\n<li>Godkendt til at blive kombineret med n\u00f8devakueringsfitting 179J<\/li>\n<li>Genoptagelsesfunktion kan aktiveres via I\/O BOX 350 med signal fra evakuering\/brandalarm<\/li>\n<li>Multifunktionel<\/li>\n<li>Multisp\u00e6nding 12-24V<\/li>\n<li>Statusindikation tilg\u00e6ngelig p\u00e5 Hi-O-bussen og via rel\u00e6 p\u00e5 I\/O BOX 350 (se produktblad)<\/li>\n<\/ul>\n<\/div>\n<div><\/div>\n<div>\n<p><b>Funktion:<\/b><\/p>\n<ul>\n<li>Trykket aktiveres med elektrisk styring udefra og styres mekanisk indefra, denne bruges s\u00e5 til at \u00e5bne d\u00f8ren.<\/li>\n<li>Trykket p\u00e5 ydersiden aktiveres elektrisk via signal fra adgangssystem, kodel\u00e5s eller lignende.<\/li>\n<li>Trykket p\u00e5 indersiden er mekanisk forbundet, s\u00e5 det er ikke n\u00f8dvendigt at tilslutte en trykknap.<\/li>\n<li>Den elektriske kontrolfunktion kan indstilles fra h\u00f8jre\/venstre, ind\/ud.<\/li>\n<\/ul>\n<\/div>\n<\/div>","protected":false},"excerpt":{"rendered":"<h5><a href=\"https:\/\/elslutblecksguiden.se\/\" target=\"_blank\" rel=\"noopener\">Vejledning til ASSA Elektriske l\u00e5se, motorl\u00e5se, Elektriske slutplader og udskiftningsguide<\/a><\/h5>","protected":false},"featured_media":140376,"template":"","meta":{"_acf_changed":false},"product_brand":[],"product_cat":[2429],"product_tag":[4424,2967],"class_list":{"0":"post-83935","1":"product","2":"type-product","3":"status-publish","4":"has-post-thumbnail","6":"product_cat-ellas","7":"product_tag-eltryckeslas-815","8":"product_tag-rg-assa-abloy","9":"product_shipping_class-tunga-paket","10":"pa_brands-abloy","11":"tm-no-options","13":"first","14":"onbackorder","15":"sale","16":"taxable","17":"shipping-taxable","18":"purchasable","19":"product-type-simple"},"acf":[],"_links":{"self":[{"href":"https:\/\/secureus.se\/dk\/wp-json\/wp\/v2\/product\/83935","targetHints":{"allow":["GET"]}}],"collection":[{"href":"https:\/\/secureus.se\/dk\/wp-json\/wp\/v2\/product"}],"about":[{"href":"https:\/\/secureus.se\/dk\/wp-json\/wp\/v2\/types\/product"}],"wp:featuredmedia":[{"embeddable":true,"href":"https:\/\/secureus.se\/dk\/wp-json\/wp\/v2\/media\/140376"}],"wp:attachment":[{"href":"https:\/\/secureus.se\/dk\/wp-json\/wp\/v2\/media?parent=83935"}],"wp:term":[{"taxonomy":"product_brand","embeddable":true,"href":"https:\/\/secureus.se\/dk\/wp-json\/wp\/v2\/product_brand?post=83935"},{"taxonomy":"product_cat","embeddable":true,"href":"https:\/\/secureus.se\/dk\/wp-json\/wp\/v2\/product_cat?post=83935"},{"taxonomy":"product_tag","embeddable":true,"href":"https:\/\/secureus.se\/dk\/wp-json\/wp\/v2\/product_tag?post=83935"}],"curies":[{"name":"wp","href":"https:\/\/api.w.org\/{rel}","templated":true}]}}