{"id":83937,"date":"2023-09-27T17:58:47","date_gmt":"2023-09-27T15:58:47","guid":{"rendered":"https:\/\/secureus.se\/produkt\/eltryckeslas-el588-hi-o\/"},"modified":"2026-04-08T15:58:55","modified_gmt":"2026-04-08T13:58:55","slug":"eltryckeslas-el588-hi-o","status":"publish","type":"product","link":"https:\/\/secureus.se\/dk\/eltryckeslas-el588-hi-o\/","title":{"rendered":"Elektrisk trykl\u00e5s EL588 Hi-O"},"content":{"rendered":"<p>\nABLOY multifunktionelle elektriske trykl\u00e5se EL588 er tilpasset h\u00f8jfrekvente d\u00f8re med ASSA ABLOY moduludsparinger. Velegnet som dagafl\u00e5sning og indvendig afl\u00e5sning i handel, kontorer og industri eller i indgange og offentlige arealer i flerfamiliehuse. EL588 er et Hi-O l\u00e5sehus, der kan tilsluttes en Hi-O bus. Hi-O betyder, at enhederne har en indbygget mikrocomputer og kommunikerer med hinanden til plug-and-play installation, synkronisering af d\u00f8rbetjening, overv\u00e5gning af adf\u00e6rd og til at sende diagnostiske informationer.<\/p>\n<p><b>Egenskaber<\/b><\/p>\n<div>\n<ul>\n<li>Sammenl\u00e5st trykfald\u00a0\u00a0<\/li>\n<li>L\u00e5sen kan altid betjenes med cylinder\/knop\u00a0\u00a0<\/li>\n<li>Multifunktionel\u00a0<\/li>\n<li>Nemt omskiftelig frem- eller bakfunktion (l\u00e5st eller ul\u00e5st i str\u00f8ml\u00f8s tilstand)<\/li>\n<li>Variabelt faldfremspring 20 mm eller 14 mm\u00a0<\/li>\n<li>2 mikrokontakter: Interlocking (d\u00f8rposition), Trykbev\u00e6gelse<\/li>\n<li>50 mm dorndybde\u00a0\u00a0<\/li>\n<li>Alle kabler forsynet med stik for nem installation med tilslutningskabel EA226\u00a0\u00a0<\/li>\n<li>Hi-O teknologi<\/li>\n<\/ul>\n<p><b>Funktion:<\/b><\/div>\n<div>\n<ul>\n<li>Udvendig og indvendig tryk elektrisk betjent<\/li>\n<\/ul>\n<\/div>\n<div><b><br \/>Teknisk data:<\/b><\/p>\n<ul>\n<li>Driftssp\u00e6nding: 12 \u2013 24 VDC, stab<\/li>\n<li>Str\u00f8mforbrug 580-280 mA, 12 VDC 300-160mA, 24 VDC<\/li>\n<\/ul>\n<\/div>","protected":false},"excerpt":{"rendered":"<h5><a href=\"https:\/\/elslutblecksguiden.se\/\" target=\"_blank\" rel=\"noopener\">Vejledning til ASSA Elektriske l\u00e5se, motorl\u00e5se, Elektriske slutplader og udskiftningsguide<\/a><\/h5>","protected":false},"featured_media":139684,"template":"","meta":{"_acf_changed":false},"product_brand":[],"product_cat":[2429],"product_tag":[2967],"class_list":{"0":"post-83937","1":"product","2":"type-product","3":"status-publish","4":"has-post-thumbnail","6":"product_cat-ellas","7":"product_tag-rg-assa-abloy","8":"product_shipping_class-tunga-paket","9":"pa_brands-abloy","10":"tm-no-options","12":"first","13":"onbackorder","14":"sale","15":"taxable","16":"shipping-taxable","17":"purchasable","18":"product-type-simple"},"acf":[],"_links":{"self":[{"href":"https:\/\/secureus.se\/dk\/wp-json\/wp\/v2\/product\/83937","targetHints":{"allow":["GET"]}}],"collection":[{"href":"https:\/\/secureus.se\/dk\/wp-json\/wp\/v2\/product"}],"about":[{"href":"https:\/\/secureus.se\/dk\/wp-json\/wp\/v2\/types\/product"}],"wp:featuredmedia":[{"embeddable":true,"href":"https:\/\/secureus.se\/dk\/wp-json\/wp\/v2\/media\/139684"}],"wp:attachment":[{"href":"https:\/\/secureus.se\/dk\/wp-json\/wp\/v2\/media?parent=83937"}],"wp:term":[{"taxonomy":"product_brand","embeddable":true,"href":"https:\/\/secureus.se\/dk\/wp-json\/wp\/v2\/product_brand?post=83937"},{"taxonomy":"product_cat","embeddable":true,"href":"https:\/\/secureus.se\/dk\/wp-json\/wp\/v2\/product_cat?post=83937"},{"taxonomy":"product_tag","embeddable":true,"href":"https:\/\/secureus.se\/dk\/wp-json\/wp\/v2\/product_tag?post=83937"}],"curies":[{"name":"wp","href":"https:\/\/api.w.org\/{rel}","templated":true}]}}