{"id":83945,"date":"2023-09-27T17:58:38","date_gmt":"2023-09-27T15:58:38","guid":{"rendered":"https:\/\/secureus.se\/produkt\/eltryckeslas-el580l-lagenergi-rattvand-sats-12-24v\/"},"modified":"2026-04-23T12:23:33","modified_gmt":"2026-04-23T10:23:33","slug":"eltryckeslas-el580l-lagenergi-rattvand-sats-12-24v","status":"publish","type":"product","link":"https:\/\/secureus.se\/dk\/eltryckeslas-el580l-lagenergi-rattvand-sats-12-24v\/","title":{"rendered":"Elektrisk trykl\u00e5s EL580L Lavenergi H\u00f8jrevendt s\u00e6t 12-24V"},"content":{"rendered":"<p>\nABLOY multifunktionelle elektriske trykl\u00e5se EL580L er tilpasset h\u00f8jfrekvente d\u00f8re med ASSA ABLOY modulfatninger, hvor der kr\u00e6ves lavt energiforbrug. Velegnet som dagafl\u00e5sning og indvendig afl\u00e5sning i handel, kontorer og industri eller i indgange og offentlige arealer i flerfamiliehuse. ABLOY EL580L kan bruges i brandcellegr\u00e6nse.<\/p>\n<div><b>Tilbeh\u00f8r inkluderet i s\u00e6ttets emballage:\u00a0<\/b><\/div>\n<div>Elektrisk skubbel\u00e5s EL580L, Tilslutningskabel EA220, Rammeoverf\u00f8rsel EA281, Abloy skubbestifter til splitfunktionsl\u00e5s.<\/p>\n<\/div>\n<div><b>Egenskaber:<\/b><\/div>\n<div>\n<ul>\n<li>Split funktion (let omskiftelig elektrisk\/mekanisk betjent side)<\/li>\n<li>Udvendigt tryk elektrisk drevet<\/li>\n<li>Trykket p\u00e5 indersiden \u00e5bner altid l\u00e5sen mekanisk\u00a0<\/li>\n<li>Lavenergil\u00e5s\u00a0<\/li>\n<li>Sammenl\u00e5st trykfald\u00a0<\/li>\n<li>L\u00e5sen kan altid betjenes med cylinder\/knop\u00a0<\/li>\n<li>Multifunktionel\u00a0<\/li>\n<li>H\u00f8jrevendt funktion\u00a0<\/li>\n<li>Variabelt faldfremspring 20 mm eller 14 mm<\/li>\n<li>2 mikrokontakter: Interlocking (d\u00f8rposition), Trykbev\u00e6gelse\u00a0<\/li>\n<li>50 mm dorndybde\u00a0<\/li>\n<li>Alle kabler forsynet med stik for nem installation med tilslutningskabel EA220\u00a0<\/li>\n<li>Fuldt tilpasset ASSA ABLOY fordybningsstandarden<\/li>\n<\/ul>\n<\/div>\n<div><\/div>\n<div><b><\/b><\/div>\n<div><b>Teknisk data<\/b><\/p>\n<ul>\n<li>Driftssp\u00e6nding: 3,6VDC (-0%)-24VDC (+15%) Stab<\/li>\n<li>Str\u00f8mforbrug: Maks. 350mA RMS\/100ms (ved motordrift), hvile 0,08mA\u00a0<\/li>\n<li>Mikroswitch: Enpolet kobling Maks. 30VDC, 400mA<\/li>\n<\/ul>\n<\/div>","protected":false},"excerpt":{"rendered":"<h5><a href=\"https:\/\/elslutblecksguiden.se\/\" target=\"_blank\" rel=\"noopener\">Vejledning til ASSA Elektriske l\u00e5se, motorl\u00e5se, Elektriske slutplader og udskiftningsguide<\/a><\/h5>","protected":false},"featured_media":139964,"template":"","meta":{"_acf_changed":false},"product_brand":[],"product_cat":[2429],"product_tag":[2967],"class_list":{"0":"post-83945","1":"product","2":"type-product","3":"status-publish","4":"has-post-thumbnail","6":"product_cat-ellas","7":"product_tag-rg-assa-abloy","8":"product_shipping_class-tunga-paket","9":"pa_brands-abloy","10":"tm-no-options","12":"first","13":"onbackorder","14":"sale","15":"taxable","16":"shipping-taxable","17":"purchasable","18":"product-type-simple"},"acf":[],"_links":{"self":[{"href":"https:\/\/secureus.se\/dk\/wp-json\/wp\/v2\/product\/83945","targetHints":{"allow":["GET"]}}],"collection":[{"href":"https:\/\/secureus.se\/dk\/wp-json\/wp\/v2\/product"}],"about":[{"href":"https:\/\/secureus.se\/dk\/wp-json\/wp\/v2\/types\/product"}],"wp:featuredmedia":[{"embeddable":true,"href":"https:\/\/secureus.se\/dk\/wp-json\/wp\/v2\/media\/139964"}],"wp:attachment":[{"href":"https:\/\/secureus.se\/dk\/wp-json\/wp\/v2\/media?parent=83945"}],"wp:term":[{"taxonomy":"product_brand","embeddable":true,"href":"https:\/\/secureus.se\/dk\/wp-json\/wp\/v2\/product_brand?post=83945"},{"taxonomy":"product_cat","embeddable":true,"href":"https:\/\/secureus.se\/dk\/wp-json\/wp\/v2\/product_cat?post=83945"},{"taxonomy":"product_tag","embeddable":true,"href":"https:\/\/secureus.se\/dk\/wp-json\/wp\/v2\/product_tag?post=83945"}],"curies":[{"name":"wp","href":"https:\/\/api.w.org\/{rel}","templated":true}]}}