{"id":83947,"date":"2023-09-27T17:58:37","date_gmt":"2023-09-27T15:58:37","guid":{"rendered":"https:\/\/secureus.se\/produkt\/eltryckeslas-813c-50-hi-o-arx-sats\/"},"modified":"2026-04-08T15:58:11","modified_gmt":"2026-04-08T13:58:11","slug":"eltryckeslas-813c-50-hi-o-arx-sats","status":"publish","type":"product","link":"https:\/\/secureus.se\/dk\/eltryckeslas-813c-50-hi-o-arx-sats\/","title":{"rendered":"Elektrisk trykl\u00e5s 813C-50 Hi-O ARX Kit"},"content":{"rendered":"<p>ASSA ABLOY 813C-50 Hi-O er en elektrisk trykl\u00e5s i Velox-serien, tilpasset h\u00f8jfrekvente d\u00f8re med ASSA modul\u00e6r eller Connecturtag. Velegnet som dagafl\u00e5sning og indvendig afl\u00e5sning i handel, kontorer og industri eller i indgange og offentlige arealer i flerfamiliehuse. 813C-50 er en digital l\u00e5s baseret p\u00e5 CAN-bus teknologi Hi-O. Hi-O betyder, at enhederne har en indbygget mikrocomputer og kommunikerer med hinanden til plug-and-play installation, synkronisering af d\u00f8rbetjening, overv\u00e5gning af adf\u00e6rd og til at sende diagnostiske informationer. En Hi-O-enhed skal tilsluttes en Hi-O-bus via DAC 530\/564, alternativt til et analogt system via I\/O BOX 350. I\/O BOX 350 muligg\u00f8r installation af en digital Hi-O-l\u00e5s til et analogt rel\u00e6styret anl\u00e6g.<\/p>\n<p><b>S\u00e6ttet indeholder:<\/b><\/p>\n<p>El-trykl\u00e5shus 813C-50, Tilslutningskabel EA226 (10m), Magnet til Endeplade 1487 og 2 stk. trykstifter 520H 43 mm.<\/p>\n<div>\n<b>Egenskaber:<\/b><\/div>\n<div>\n<ul>\n<li>Enkel funktion, elektrisk styret inde og ude (fast spindel)<\/li>\n<li>Sammenl\u00e5st trykfald<\/li>\n<li>L\u00e5sen kan altid betjenes med n\u00f8gle\/knop<\/li>\n<li>Godkendt til montage i brandcellegr\u00e6nse E\/EI 120<\/li>\n<li>Certificeret i henhold til SSF 3522-1093, klasse 1.<\/li>\n<li>Multifunktionel<\/li>\n<li>Let justerbar frem\/tilbage-funktion<\/li>\n<li>Vendbart faldstempel til h\u00f8jre- eller venstreh\u00e6ngte d\u00f8re<\/li>\n<li>Multisp\u00e6nding 12-24V<\/li>\n<li>Statusindikation tilg\u00e6ngelig p\u00e5 Hi-O-bussen og via rel\u00e6 p\u00e5 I\/O BOX 350 (se produktblad)<\/li>\n<\/ul>\n<\/div>\n<div><\/div>\n<div>\n<p><b>Funktion:<\/b><\/p>\n<ul>\n<li>Trykket aktiveres ved elektrisk styring indefra og udefra, denne bruges s\u00e5 til at \u00e5bne d\u00f8ren.<\/li>\n<li>Trykket p\u00e5 inder- og ydersiden aktiveres elektrisk via signal fra Passer-systemet, kodel\u00e5s eller lignende, alternativt kobles aktivering af indertrykket til en \u00e5bneknap.<\/li>\n<\/ul>\n<\/div>","protected":false},"excerpt":{"rendered":"<h5><a href=\"https:\/\/elslutblecksguiden.se\/\" target=\"_blank\" rel=\"noopener\">Vejledning til ASSA Elektriske l\u00e5se, motorl\u00e5se, Elektriske slutplader og udskiftningsguide<\/a><\/h5>","protected":false},"featured_media":139558,"template":"","meta":{"_acf_changed":false},"product_brand":[],"product_cat":[2429],"product_tag":[2967],"class_list":{"0":"post-83947","1":"product","2":"type-product","3":"status-publish","4":"has-post-thumbnail","6":"product_cat-ellas","7":"product_tag-rg-assa-abloy","8":"product_shipping_class-tunga-paket","9":"pa_brands-abloy","10":"tm-no-options","12":"first","13":"onbackorder","14":"sale","15":"taxable","16":"shipping-taxable","17":"purchasable","18":"product-type-simple"},"acf":[],"_links":{"self":[{"href":"https:\/\/secureus.se\/dk\/wp-json\/wp\/v2\/product\/83947","targetHints":{"allow":["GET"]}}],"collection":[{"href":"https:\/\/secureus.se\/dk\/wp-json\/wp\/v2\/product"}],"about":[{"href":"https:\/\/secureus.se\/dk\/wp-json\/wp\/v2\/types\/product"}],"wp:featuredmedia":[{"embeddable":true,"href":"https:\/\/secureus.se\/dk\/wp-json\/wp\/v2\/media\/139558"}],"wp:attachment":[{"href":"https:\/\/secureus.se\/dk\/wp-json\/wp\/v2\/media?parent=83947"}],"wp:term":[{"taxonomy":"product_brand","embeddable":true,"href":"https:\/\/secureus.se\/dk\/wp-json\/wp\/v2\/product_brand?post=83947"},{"taxonomy":"product_cat","embeddable":true,"href":"https:\/\/secureus.se\/dk\/wp-json\/wp\/v2\/product_cat?post=83947"},{"taxonomy":"product_tag","embeddable":true,"href":"https:\/\/secureus.se\/dk\/wp-json\/wp\/v2\/product_tag?post=83947"}],"curies":[{"name":"wp","href":"https:\/\/api.w.org\/{rel}","templated":true}]}}