{"id":83953,"date":"2023-09-27T17:58:32","date_gmt":"2023-09-27T15:58:32","guid":{"rendered":"https:\/\/secureus.se\/produkt\/eltryckeslas-825c-50-hi-o-sats\/"},"modified":"2026-03-26T09:41:52","modified_gmt":"2026-03-26T08:41:52","slug":"eltryckeslas-825c-50-hi-o-sats","status":"publish","type":"product","link":"https:\/\/secureus.se\/dk\/eltryckeslas-825c-50-hi-o-sats\/","title":{"rendered":"Elektrisk trykl\u00e5s 825C-50 Hi-O Kit"},"content":{"rendered":"<p>ASSA ABLOY 825C-50 Hi-O er en elektrisk trykl\u00e5s i Velox-serien, tilpasset h\u00f8jfrekvente d\u00f8re med ASSA modul\u00e6r eller Connecturtag. Passer godt som dagl\u00e5s<\/p>\n<div>og indvendig afl\u00e5sning i handel, kontorer og industri eller i indgange og offentlige arealer i flerfamiliehuse. Certificeret i henhold til SS-EN 179, hvilket muligg\u00f8r installation i en flugtvej. 825C-50 er en digital l\u00e5s baseret p\u00e5 CAN bus teknologi Hi-O. Hi-O betyder, at enhederne har en indbygget mikrocomputer og kommunikerer med hinanden til plug-and-play installation, synkronisering af d\u00f8rbetjening, overv\u00e5gning af adf\u00e6rd og til at sende diagnostiske informationer. En Hi-O-enhed skal tilsluttes en Hi-O-bus via DAC 530\/564, alternativt til et analogt system via I\/O BOX 350. I\/O BOX 350 muligg\u00f8r installation af en digital Hi-O-l\u00e5s til et analogt rel\u00e6styret anl\u00e6g.<\/div>\n<div>\n<p><b>S\u00e6ttet indeholder:<\/b><br \/>\nEl-trykl\u00e5shus 825C-50, I\/O-Box350, Tilslutningskabel EA226 (10m), Endeplade 1487-2 med magnet, Rammetransmission EA281 og 2 stk. trykstifter 520H 43 mm.<\/p>\n<div><b>Egenskaber:<\/b><\/div>\n<div>\n<ul>\n<li>Trykfaldsomskiftelig enkelt- eller splitfunktion.<\/li>\n<li>Let omskiftelig elektrisk\/mekanisk betjent side<\/li>\n<li>Let justerbar frem\/tilbage-funktion<\/li>\n<li>Hookline \u2026 mekanisk opl\u00e5sning\/automatisk opl\u00e5sning, n\u00e5r trykfunktionen er aktiveret<\/li>\n<li>Vendbart faldstempel til h\u00f8jre- eller venstreh\u00e6ngte d\u00f8re<\/li>\n<li>Sammenl\u00e5st trykfald<\/li>\n<li>L\u00e5sen kan altid betjenes med n\u00f8gle\/knop<\/li>\n<li>Godkendt til montage i brandcellegr\u00e6nse E\/EI 120<\/li>\n<li>Certificeret i henhold til SSF 3522-1093, klasse 2\/2B og SS-EN 179<\/li>\n<li>Godkendt til at blive kombineret med n\u00f8devakueringsfitting 179J<\/li>\n<li>Genoptagelsesfunktion kan aktiveres via I\/O BOX 350 med signal fra evakuering\/brandalarm<\/li>\n<li>Multifunktionel<\/li>\n<li>Multisp\u00e6nding 12-24V<\/li>\n<li>Statusindikation tilg\u00e6ngelig p\u00e5 Hi-O-bussen og via rel\u00e6 p\u00e5 I\/O BOX 350 (se produktblad)<\/li>\n<\/ul>\n<\/div>\n<div><\/div>\n<div>\n<p><b>Funktion:<\/b><\/p>\n<ul>\n<li>Trykket aktiveres elektrisk inde\/udvendigt alternativt elektrisk styret udvendigt og mekanisk forbundet indvendigt, justerbar.<\/li>\n<li>Elektrisk styret udvendig, mekanisk forbundet indvendig (split spindel)<\/li>\n<li>Elektrisk styret ude og inde (fast spindel)<\/li>\n<li>Krogstangen l\u00e5ses op manuelt via cylinder eller knop<\/li>\n<li>Automatisk tilbagetr\u00e6kning, krogreglen tr\u00e6kkes tilbage, n\u00e5r trykket aktiveres<\/li>\n<\/ul>\n<\/div>\n<\/div>","protected":false},"excerpt":{"rendered":"<h5><a href=\"https:\/\/elslutblecksguiden.se\/\" target=\"_blank\" rel=\"noopener\">Vejledning til ASSA Elektriske l\u00e5se, motorl\u00e5se, Elektriske slutplader og udskiftningsguide<\/a><\/h5>","protected":false},"featured_media":140388,"template":"","meta":{"_acf_changed":false},"product_brand":[],"product_cat":[2429],"product_tag":[2967],"class_list":{"0":"post-83953","1":"product","2":"type-product","3":"status-publish","4":"has-post-thumbnail","6":"product_cat-ellas","7":"product_tag-rg-assa-abloy","8":"product_shipping_class-tunga-paket","9":"pa_brands-abloy","10":"tm-no-options","12":"first","13":"instock","14":"sale","15":"taxable","16":"shipping-taxable","17":"purchasable","18":"product-type-simple"},"acf":[],"_links":{"self":[{"href":"https:\/\/secureus.se\/dk\/wp-json\/wp\/v2\/product\/83953","targetHints":{"allow":["GET"]}}],"collection":[{"href":"https:\/\/secureus.se\/dk\/wp-json\/wp\/v2\/product"}],"about":[{"href":"https:\/\/secureus.se\/dk\/wp-json\/wp\/v2\/types\/product"}],"wp:featuredmedia":[{"embeddable":true,"href":"https:\/\/secureus.se\/dk\/wp-json\/wp\/v2\/media\/140388"}],"wp:attachment":[{"href":"https:\/\/secureus.se\/dk\/wp-json\/wp\/v2\/media?parent=83953"}],"wp:term":[{"taxonomy":"product_brand","embeddable":true,"href":"https:\/\/secureus.se\/dk\/wp-json\/wp\/v2\/product_brand?post=83953"},{"taxonomy":"product_cat","embeddable":true,"href":"https:\/\/secureus.se\/dk\/wp-json\/wp\/v2\/product_cat?post=83953"},{"taxonomy":"product_tag","embeddable":true,"href":"https:\/\/secureus.se\/dk\/wp-json\/wp\/v2\/product_tag?post=83953"}],"curies":[{"name":"wp","href":"https:\/\/api.w.org\/{rel}","templated":true}]}}