{"id":83996,"date":"2022-03-10T15:47:00","date_gmt":"2022-03-10T14:47:00","guid":{"rendered":"https:\/\/secureus.se\/produkt\/magnetkontakt-mc340-s32-2-m-infalld-stal\/"},"modified":"2026-04-01T14:36:31","modified_gmt":"2026-04-01T12:36:31","slug":"magnetkontakt-mc340-s32-2-m-infalld-stal","status":"publish","type":"product","link":"https:\/\/secureus.se\/dk\/magnetkontakt-mc340-s32-2-m-infalld-stal\/","title":{"rendered":"Magnetisk kontakt MC 340-S32-2 m Fors\u00e6nket (st\u00e5l)"},"content":{"rendered":"<div>\n<p>MC 340 er en universel magnetkontakt med NC-funktion, der kan bruges b\u00e5de i alarmer og adgangssystemer til overv\u00e5gning af f.eks. d\u00f8re, porte og vinduer mod uautoriseret \u00e5bning.<\/p>\n<p>B\u00e5de kontakt- og magnetdelene er i et vandt\u00e6t (IP 67) plasthus med flanger, som muligg\u00f8r nem montering i tr\u00e6 uden ekstra tilbeh\u00f8r.<\/p>\n<p>Dette s\u00e6t inkluderer plastadapteren MC 300-S32 med en st\u00e6rk magnet, hvilket betyder at den kan monteres i st\u00e5ld\u00f8re og vinduesrammer eller hvor der \u00f8nskes en st\u00f8rre arbejdsafstand.<\/p>\n<p>Med snap-in funktion til to forskellige materialetykkelser, 1 mm og 1,5 mm. Produktet er SBSC godkendt i henhold til MC 340 \/ MK 340.<\/p>\n<\/div>","protected":false},"excerpt":{"rendered":"<p>Produkter fra det professionelle marked - Alarmtech - Altid lav pris<\/p>","protected":false},"featured_media":145575,"template":"","meta":{"_acf_changed":false},"product_brand":[],"product_cat":[3086],"product_tag":[2465],"class_list":{"0":"post-83996","1":"product","2":"type-product","3":"status-publish","4":"has-post-thumbnail","6":"product_cat-magnetkontakter","7":"product_tag-sbsc-larmklass2","8":"product_shipping_class-postnord-varubrev","9":"pa_brands-alarmtech","10":"tm-no-options","12":"first","13":"instock","14":"sale","15":"featured","16":"taxable","17":"shipping-taxable","18":"purchasable","19":"product-type-simple"},"acf":[],"_links":{"self":[{"href":"https:\/\/secureus.se\/dk\/wp-json\/wp\/v2\/product\/83996","targetHints":{"allow":["GET"]}}],"collection":[{"href":"https:\/\/secureus.se\/dk\/wp-json\/wp\/v2\/product"}],"about":[{"href":"https:\/\/secureus.se\/dk\/wp-json\/wp\/v2\/types\/product"}],"wp:featuredmedia":[{"embeddable":true,"href":"https:\/\/secureus.se\/dk\/wp-json\/wp\/v2\/media\/145575"}],"wp:attachment":[{"href":"https:\/\/secureus.se\/dk\/wp-json\/wp\/v2\/media?parent=83996"}],"wp:term":[{"taxonomy":"product_brand","embeddable":true,"href":"https:\/\/secureus.se\/dk\/wp-json\/wp\/v2\/product_brand?post=83996"},{"taxonomy":"product_cat","embeddable":true,"href":"https:\/\/secureus.se\/dk\/wp-json\/wp\/v2\/product_cat?post=83996"},{"taxonomy":"product_tag","embeddable":true,"href":"https:\/\/secureus.se\/dk\/wp-json\/wp\/v2\/product_tag?post=83996"}],"curies":[{"name":"wp","href":"https:\/\/api.w.org\/{rel}","templated":true}]}}