{"id":84032,"date":"2023-10-09T14:36:15","date_gmt":"2023-10-09T12:36:15","guid":{"rendered":"https:\/\/secureus.se\/produkt\/lashus-62014-guldepoxy\/"},"modified":"2026-04-07T12:56:04","modified_gmt":"2026-04-07T10:56:04","slug":"lashus-62014-guldepoxy","status":"publish","type":"product","link":"https:\/\/secureus.se\/dk\/lashus-62014-guldepoxy\/","title":{"rendered":"L\u00e5sehus 62014 Guld epoxy"},"content":{"rendered":"<table class=\"product-about__specification-table\">\n<tbody>\n<tr>\n<td class=\"cell\"><a href=\"https:\/\/habo.com\/se\/sortiment\/las-och-sakerhet\/dorrlas\/las-till-innerdorr\/lashus-habo-12362\" rel=\"noopener\">12362<\/a><\/td>\n<td class=\"cell\">L\u00e5sehus<\/td>\n<td class=\"cell\">62014<\/td>\n<td class=\"cell\">Guld epoxy<\/td>\n<td class=\"cell\">SB<\/td>\n<\/tr>\n<\/tbody>\n<\/table>\n<p><img decoding=\"async\" class=\"alignleft\" src=\"https:\/\/habo.com\/storage\/1D32E29361BFF399153E0ADA00964CB1CD377FDF7A65699815DEB6C14F2A337E\/aae8466d706b4345a822f80217082b79\/jpg\/media\/64a61ba671714878a86f35a158cb1067\/12362.jpg\" alt=\"\" width=\"345\" height=\"320\" \/><\/p>","protected":false},"excerpt":{"rendered":"<div class=\"read-more\">\n<p><span class=\"product-detail__description--first\">L\u00e5sehus i st\u00e5l til symmetrisk montering p\u00e5 indvendige d\u00f8re. Velegnet til b\u00e5de h\u00f8jre- og venstreh\u00e6ngte d\u00f8re p\u00e5 grund af reversibelt tryktab. Hvis der er behov for endeplader, anbefales Habo 6510.<\/span><\/p>\n<p>&nbsp;<\/p>\n<\/div>\n<div>Beregnet til: Indvendig d\u00f8r<\/div>","protected":false},"featured_media":140013,"template":"","meta":{"_acf_changed":false},"product_brand":[],"product_cat":[2969,1324],"product_tag":[],"class_list":{"0":"post-84032","1":"product","2":"type-product","3":"status-publish","4":"has-post-thumbnail","6":"product_cat-innerdorrlas","7":"product_cat-outlet","8":"product_shipping_class-postnord-varubrev","9":"pa_brands-habo","10":"tm-no-options","12":"first","13":"instock","14":"sale","15":"featured","16":"taxable","17":"shipping-taxable","18":"purchasable","19":"product-type-simple"},"acf":[],"_links":{"self":[{"href":"https:\/\/secureus.se\/dk\/wp-json\/wp\/v2\/product\/84032","targetHints":{"allow":["GET"]}}],"collection":[{"href":"https:\/\/secureus.se\/dk\/wp-json\/wp\/v2\/product"}],"about":[{"href":"https:\/\/secureus.se\/dk\/wp-json\/wp\/v2\/types\/product"}],"wp:featuredmedia":[{"embeddable":true,"href":"https:\/\/secureus.se\/dk\/wp-json\/wp\/v2\/media\/140013"}],"wp:attachment":[{"href":"https:\/\/secureus.se\/dk\/wp-json\/wp\/v2\/media?parent=84032"}],"wp:term":[{"taxonomy":"product_brand","embeddable":true,"href":"https:\/\/secureus.se\/dk\/wp-json\/wp\/v2\/product_brand?post=84032"},{"taxonomy":"product_cat","embeddable":true,"href":"https:\/\/secureus.se\/dk\/wp-json\/wp\/v2\/product_cat?post=84032"},{"taxonomy":"product_tag","embeddable":true,"href":"https:\/\/secureus.se\/dk\/wp-json\/wp\/v2\/product_tag?post=84032"}],"curies":[{"name":"wp","href":"https:\/\/api.w.org\/{rel}","templated":true}]}}