{"id":84578,"date":"2022-11-18T12:56:51","date_gmt":"2022-11-18T11:56:51","guid":{"rendered":"https:\/\/secureus.se\/produkt\/rfid-tag-pvc-kombi-em4200-mifare1k\/"},"modified":"2026-04-02T15:46:18","modified_gmt":"2026-04-02T13:46:18","slug":"rfid-tag-pvc-kombi-em4200-mifare1k","status":"publish","type":"product","link":"https:\/\/secureus.se\/dk\/rfid-tag-pvc-kombi-em4200-mifare1k\/","title":{"rendered":"RFID Tag PVC Combi EM4200\/Mifare1k"},"content":{"rendered":"<p><strong>Design Tag - Skab din unikke stil<\/strong><\/p>\n<p>Oplev vores tyndeste RFID-tag, Design Tag, som kun er 1,5 mm tyndt. Den er lavet af et h\u00f8jglans PVC-materiale, der giver en utrolig stilfuld finish og et elegant touch til dine applikationer.<\/p>\n<p><strong>Opret din personlige profil<\/strong><\/p>\n<p>Design Tagg er perfekt til at komplementere din hverdag, men det giver ogs\u00e5 muligheder for at profilere din virksomhed. Tilf\u00f8j dit telefonnummer, slogan eller promover s\u00e6rlige begivenheder med datoer og \u00e5bningstider. Kun din fantasi s\u00e6tter gr\u00e6nser for, hvordan du kan bruge den.<\/p>\n<p><strong>Fremstilling af h\u00f8j kvalitet i stil med bankkort:<\/strong><\/p>\n<p>Vi fremstiller Design Tag ved hj\u00e6lp af den samme teknologi, der bruges til bank- og kreditkort. Det betyder, at den er lavet af PVC-materiale og kan printes med ethvert design efter eget valg. Derefter p\u00e5f\u00f8res et beskyttende plastlag oven p\u00e5 printet for at sikre dets kvalitet og funktionalitet.<\/p>\n<p><strong>Produktionstid: Cirka 3 uger: <\/strong><\/p>\n<p>Bem\u00e6rk venligst, at p\u00e5 grund af den unikke fremstillingsproces for hver kunde, kan vores &quot;PVC \/ Design&quot; RFID-tag ikke sendes hurtigt. Vi \u00f8nsker at tilbyde dig det bedst mulige produkt, og derfor tager det omkring 3 uger at fremstille dit brugerdefinerede tag.<\/p>\n<p><strong>Inkluderet i prisen: Tilpasning og gravering<\/strong><\/p>\n<p>N\u00e5r du v\u00e6lger Design Tagg, kan du regne med en komplet tilpasning til dine behov. Send os dit foto, logo eller tekst, s\u00e5 laver vi en digital pr\u00f8ve til din godkendelse. Vi graverer ogs\u00e5 dine systemnumre til adgangssystemer, alarmer eller serienumre helt efter dine \u00f8nsker - alt er inkluderet i prisen.<\/p>\n<p><strong>Original chip af h\u00f8j kvalitet for p\u00e5lidelighed og sikkerhed<\/strong><\/p>\n<p>For at sikre p\u00e5lidelighed og sikkerhed er vores &quot;Design \/ PVC&quot; RFID-tag udstyret med den h\u00f8jeste kvalitet original chip. Vi v\u00e6lger kun originale chips fra anerkendte producenter for at opfylde de h\u00f8jeste standarder. Med vores RFID-tags kan du v\u00e6re sikker p\u00e5, at du f\u00e5r et produkt, der tilbyder p\u00e5lidelig og effektiv ydeevne. Vi str\u00e6ber altid efter at tilbyde den bedste teknologi og kompatibilitet for at sikre, at vores RFID-tags fungerer sikkert og tilfredsstiller dine behov p\u00e5 lang sigt.<\/p>","protected":false},"excerpt":{"rendered":"<p>Du kan give dette tag dit eget unikke design, hvis du k\u00f8ber mere end 500 tags<\/p>","protected":false},"featured_media":141857,"template":"","meta":{"_acf_changed":false},"product_brand":[],"product_cat":[4786,1324,4534],"product_tag":[2642,2958],"class_list":{"0":"post-84578","1":"product","2":"type-product","3":"status-publish","4":"has-post-thumbnail","6":"product_cat-mifare1kem4200-tagg","7":"product_cat-outlet","8":"product_cat-pvc","9":"product_tag-500-moq-design-pvc","10":"product_tag-stonehouse-produkt","11":"product_shipping_class-postnord-varubrev","12":"pa_brands-stonehouse-security","13":"pa_chip-teknik-kombi-em4200mifare1k","14":"pa_farg-svart","15":"tm-no-options","17":"first","18":"instock","19":"sale","20":"featured","21":"taxable","22":"shipping-taxable","23":"purchasable","24":"product-type-simple"},"acf":[],"_links":{"self":[{"href":"https:\/\/secureus.se\/dk\/wp-json\/wp\/v2\/product\/84578","targetHints":{"allow":["GET"]}}],"collection":[{"href":"https:\/\/secureus.se\/dk\/wp-json\/wp\/v2\/product"}],"about":[{"href":"https:\/\/secureus.se\/dk\/wp-json\/wp\/v2\/types\/product"}],"wp:featuredmedia":[{"embeddable":true,"href":"https:\/\/secureus.se\/dk\/wp-json\/wp\/v2\/media\/141857"}],"wp:attachment":[{"href":"https:\/\/secureus.se\/dk\/wp-json\/wp\/v2\/media?parent=84578"}],"wp:term":[{"taxonomy":"product_brand","embeddable":true,"href":"https:\/\/secureus.se\/dk\/wp-json\/wp\/v2\/product_brand?post=84578"},{"taxonomy":"product_cat","embeddable":true,"href":"https:\/\/secureus.se\/dk\/wp-json\/wp\/v2\/product_cat?post=84578"},{"taxonomy":"product_tag","embeddable":true,"href":"https:\/\/secureus.se\/dk\/wp-json\/wp\/v2\/product_tag?post=84578"}],"curies":[{"name":"wp","href":"https:\/\/api.w.org\/{rel}","templated":true}]}}