{"id":84854,"date":"2023-03-27T11:53:50","date_gmt":"2023-03-27T09:53:50","guid":{"rendered":"https:\/\/secureus.se\/produkt\/ir-detektor-blueline-12m-isc-bpr2-w12\/"},"modified":"2026-04-01T14:40:29","modified_gmt":"2026-04-01T12:40:29","slug":"ir-detektor-blueline-12m-isc-bpr2-w12","status":"publish","type":"product","link":"https:\/\/secureus.se\/dk\/ir-detektor-blueline-12m-isc-bpr2-w12\/","title":{"rendered":"Bosch Blueline 12M ISC-BPR2-W12 12 meter 90 grader med krybek\u00e6lder"},"content":{"rendered":"<h1>Bosch Blueline 12M ISC-BPR2-W12 12 meter 90 grader med krybek\u00e6lder<\/h1>\n<p data-start=\"283\" data-end=\"1267\">Bosch Blueline 12M ISC-BPR2-W12 er en avanceret PIR-detektor, der tilbyder et d\u00e6kningsomr\u00e5de p\u00e5 12\u00d712 meter og en valgbar krybezone.<\/p>\n<p data-start=\"283\" data-end=\"1267\">Ved at bruge to Fresnel-linser, der er designet til at give skarpe og fokuserede billeder p\u00e5 tv\u00e6rs af hele d\u00e6kningsomr\u00e5det, leverer den optimal detektion af ubudne g\u00e6ster.<br data-start=\"625\" data-end=\"628\" \/>De to linser skaber et m\u00f8nster med h\u00f8j opl\u00f8sning med 77 detektionszoner, hvilket g\u00f8r detektoren i stand til at identificere bev\u00e6gelse med h\u00f8j pr\u00e6cision og sikkerhed.<\/p>\n<p data-start=\"283\" data-end=\"1267\">Dette resulterer i syv faste detektionsgardiner og en fleksibel krybezone, der g\u00f8r det muligt at tilpasse detektoren til forskellige installationsbehov.<br data-start=\"941\" data-end=\"944\" \/>Med nem installation og fleksible monteringsmuligheder er denne detektor perfekt til at levere avanceret detektion i kommercielle og private milj\u00f8er.<\/p>\n<p data-start=\"283\" data-end=\"1267\">ISC-BPR2-W12 er ogs\u00e5 SBSC-certificeret og overholder EN50130-5 Klasse II for at sikre, at produktet opfylder h\u00f8je standarder for sikkerhed og p\u00e5lidelighed.<\/p>\n<p data-start=\"1269\" data-end=\"1299\"><strong data-start=\"1269\" data-end=\"1297\">Funktioner og fordele:<\/strong><\/p>\n<ul data-start=\"1300\" data-end=\"1634\">\n<li data-start=\"1300\" data-end=\"1372\">\n<p data-start=\"1302\" data-end=\"1372\">12\u00d712 m d\u00e6kningsomr\u00e5de og valgbar krybezone for fleksibel installation<\/p>\n<\/li>\n<li data-start=\"1373\" data-end=\"1449\">\n<p data-start=\"1375\" data-end=\"1449\">77 detektionszoner for m\u00f8nstre med h\u00f8j opl\u00f8sning og \u00f8get detektionspr\u00e6cision<\/p>\n<\/li>\n<li data-start=\"1450\" data-end=\"1515\">\n<p data-start=\"1452\" data-end=\"1515\">Syv faste detektionsgardiner for sikker og pr\u00e6cis detektion<\/p>\n<\/li>\n<li data-start=\"1516\" data-end=\"1573\">\n<p data-start=\"1518\" data-end=\"1573\">Nem installation og fleksible monteringsmuligheder<\/p>\n<\/li>\n<li data-start=\"1574\" data-end=\"1634\">\n<p data-start=\"1576\" data-end=\"1634\">SBSC-certificeret og opfylder EN50130-5 Klasse II-standarderne<\/p>\n<\/li>\n<\/ul>\n<p data-start=\"1636\" data-end=\"1667\"><strong data-start=\"1636\" data-end=\"1665\">Tekniske specifikationer:<\/strong><\/p>\n<ul data-start=\"1668\" data-end=\"2167\">\n<li data-start=\"1668\" data-end=\"1696\">\n<p data-start=\"1670\" data-end=\"1696\">D\u00e6kningsomr\u00e5de: 12\u00d712 m<\/p>\n<\/li>\n<li data-start=\"1697\" data-end=\"1751\">\n<p data-start=\"1699\" data-end=\"1751\">Str\u00f8mforbrug (dvale\/alarm): 10 mA ved 12 VDC<\/p>\n<\/li>\n<li data-start=\"1752\" data-end=\"1791\">\n<p data-start=\"1754\" data-end=\"1791\">Sp\u00e6nding (drift): 9 til 15 VDC<\/p>\n<\/li>\n<li data-start=\"1792\" data-end=\"1845\">\n<p data-start=\"1794\" data-end=\"1845\">Relativ luftfugtighed: 0\u201395 %, ikke-kondenserende<\/p>\n<\/li>\n<li data-start=\"1846\" data-end=\"1889\">\n<p data-start=\"1848\" data-end=\"1889\">Temperatur (drift): -30 til +55 \u00b0C<\/p>\n<\/li>\n<li data-start=\"1890\" data-end=\"1903\">\n<p data-start=\"1892\" data-end=\"1903\">Farve: Hvid<\/p>\n<\/li>\n<li data-start=\"1904\" data-end=\"1930\">\n<p data-start=\"1906\" data-end=\"1930\">Dimensioner: 105 x 61 x 44 mm<\/p>\n<\/li>\n<li data-start=\"1931\" data-end=\"2036\">\n<p data-start=\"1933\" data-end=\"2036\">Rel\u00e6: Solid-state, overv\u00e5gede normalt lukkede (NC) kontakter til =100 mA, 25 VDC, 2,5 W, &lt;20 Ohm lukket<\/p>\n<\/li>\n<li data-start=\"2037\" data-end=\"2116\">\n<p data-start=\"2039\" data-end=\"2116\">Sikring mod manipulation: Normalt lukkede (NC) kontakter for maks. = 100 mA, 25 VDC, 2,5 W<\/p>\n<\/li>\n<li data-start=\"2117\" data-end=\"2167\">\n<p data-start=\"2119\" data-end=\"2167\">Godkendelser: SBSC-certificeret, EN50130-5 Klasse II<\/p>\n<\/li>\n<\/ul>","protected":false},"excerpt":{"rendered":"<p>PIR-detektor med 12\u00d712 m d\u00e6kningsomr\u00e5de og valgbar krybezone.<\/p>\n<p>Fleksibel installation, detektion i h\u00f8j opl\u00f8sning og manipulationsbeskyttelse.<\/p>","protected":false},"featured_media":140479,"template":"","meta":{"_acf_changed":false},"product_brand":[],"product_cat":[1325],"product_tag":[2145,2418,2465],"class_list":{"0":"post-84854","1":"product","2":"type-product","3":"status-publish","4":"has-post-thumbnail","6":"product_cat-larmgivare-skalskydd","7":"product_tag-rorelsedetektor-ir-detektorer","8":"product_tag-rel-larmgivare","9":"product_tag-sbsc-larmklass2","10":"product_shipping_class-postnord-varubrev","11":"pa_brands-bosch","12":"tm-no-options","14":"first","15":"instock","16":"sale","17":"featured","18":"taxable","19":"shipping-taxable","20":"purchasable","21":"product-type-simple"},"acf":[],"_links":{"self":[{"href":"https:\/\/secureus.se\/dk\/wp-json\/wp\/v2\/product\/84854","targetHints":{"allow":["GET"]}}],"collection":[{"href":"https:\/\/secureus.se\/dk\/wp-json\/wp\/v2\/product"}],"about":[{"href":"https:\/\/secureus.se\/dk\/wp-json\/wp\/v2\/types\/product"}],"wp:featuredmedia":[{"embeddable":true,"href":"https:\/\/secureus.se\/dk\/wp-json\/wp\/v2\/media\/140479"}],"wp:attachment":[{"href":"https:\/\/secureus.se\/dk\/wp-json\/wp\/v2\/media?parent=84854"}],"wp:term":[{"taxonomy":"product_brand","embeddable":true,"href":"https:\/\/secureus.se\/dk\/wp-json\/wp\/v2\/product_brand?post=84854"},{"taxonomy":"product_cat","embeddable":true,"href":"https:\/\/secureus.se\/dk\/wp-json\/wp\/v2\/product_cat?post=84854"},{"taxonomy":"product_tag","embeddable":true,"href":"https:\/\/secureus.se\/dk\/wp-json\/wp\/v2\/product_tag?post=84854"}],"curies":[{"name":"wp","href":"https:\/\/api.w.org\/{rel}","templated":true}]}}