{"id":84855,"date":"2023-03-27T11:43:39","date_gmt":"2023-03-27T09:43:39","guid":{"rendered":"https:\/\/secureus.se\/produkt\/ir-detektor-blueline12m-isc-bpr2-wp12-pet-djur-pir\/"},"modified":"2026-04-01T13:28:45","modified_gmt":"2026-04-01T11:28:45","slug":"ir-detektor-blueline-isc-bpr2-wp12-12m-husdjursimmunitet-pir-bosch","status":"publish","type":"product","link":"https:\/\/secureus.se\/dk\/ir-detektor-blueline-isc-bpr2-wp12-12m-husdjursimmunitet-pir-bosch\/","title":{"rendered":"Bosch Blueline ISC-BPR2-WP12 \u2013 12M k\u00e6ledyrsimmunitet 12 meter 90 grader med kravlezone"},"content":{"rendered":"<h1>Bosch Blueline ISC-BPR2-WP12 \u2013 12M k\u00e6ledyrsimmunitet 12 meter 90 grader med kravlezone<\/h1>\n<p data-start=\"361\" data-end=\"1207\">Bosch Blueline ISC-BPR2-WP12 er en avanceret IR-detektor designet til at tilbyde h\u00f8j p\u00e5lidelighed og pr\u00e6cision i detektion, perfekt til brug i b\u00e5de private hjem og erhvervsejendomme.<\/p>\n<p data-start=\"361\" data-end=\"1207\">Med et d\u00e6kningsomr\u00e5de p\u00e5 12 x 12 meter og valgbar immunitet mod k\u00e6ledyr p\u00e5 op til 20 kg er denne detektor ideel til milj\u00f8er, hvor der er k\u00e6ledyr til stede, uden risiko for falske alarmer.<br data-start=\"753\" data-end=\"756\" \/>Detektoren bruger First Step Processing (FSP) teknologi til hurtig og pr\u00e6cis detektion, samt dynamisk temperaturkompensation for at sikre p\u00e5lidelighed ved forskellige temperaturer.<br data-start=\"943\" data-end=\"946\" \/>Med en fleksibel monteringsmetode, der ikke kr\u00e6ver h\u00f8jdejusteringer, og et todelt selvl\u00e5sende kabinet, tilbyder ISC-BPR2-WP12 nem installation og vedligeholdelse.<\/p>\n<p data-start=\"361\" data-end=\"1207\">Den er SBSC-certificeret til alarmklasse 2 og er ideel til b\u00e5de private og kommercielle milj\u00f8er.<\/p>\n<p data-start=\"1209\" data-end=\"1239\"><strong data-start=\"1209\" data-end=\"1237\">Funktioner og fordele:<\/strong><\/p>\n<ul data-start=\"1240\" data-end=\"1608\">\n<li data-start=\"1240\" data-end=\"1270\">\n<p data-start=\"1242\" data-end=\"1270\">D\u00e6kningsomr\u00e5de: 12 x 12 m<\/p>\n<\/li>\n<li data-start=\"1271\" data-end=\"1314\">\n<p data-start=\"1273\" data-end=\"1314\">Valgbar immunitet mod k\u00e6ledyr op til 20 kg<\/p>\n<\/li>\n<li data-start=\"1315\" data-end=\"1388\">\n<p data-start=\"1317\" data-end=\"1388\">First Step Processing (FSP) teknologi til hurtig og pr\u00e6cis detektion<\/p>\n<\/li>\n<li data-start=\"1389\" data-end=\"1463\">\n<p data-start=\"1391\" data-end=\"1463\">Dynamisk temperaturkompensation for p\u00e5lidelighed ved varierende temperaturer<\/p>\n<\/li>\n<li data-start=\"1464\" data-end=\"1520\">\n<p data-start=\"1466\" data-end=\"1520\">Nem og fleksibel installation uden h\u00f8jdejusteringer<\/p>\n<\/li>\n<li data-start=\"1521\" data-end=\"1577\">\n<p data-start=\"1523\" data-end=\"1577\">Todelt selvl\u00e5sende kabinet for nemmere vedligeholdelse<\/p>\n<\/li>\n<li data-start=\"1578\" data-end=\"1608\">\n<p data-start=\"1580\" data-end=\"1608\">SBSC-certificeret alarmklasse 2<\/p>\n<\/li>\n<\/ul>\n<p data-start=\"1610\" data-end=\"1641\"><strong data-start=\"1610\" data-end=\"1639\">Tekniske specifikationer:<\/strong><\/p>\n<ul data-start=\"1642\" data-end=\"1873\">\n<li data-start=\"1642\" data-end=\"1682\">\n<p data-start=\"1644\" data-end=\"1682\">Rapporteringsmetode: Passiv infrar\u00f8d<\/p>\n<\/li>\n<li data-start=\"1683\" data-end=\"1710\">\n<p data-start=\"1685\" data-end=\"1710\">Detektionsomr\u00e5de: 94\u00b0<\/p>\n<\/li>\n<li data-start=\"1711\" data-end=\"1738\">\n<p data-start=\"1713\" data-end=\"1738\">Driftssp\u00e6nding: 9 \u2013 15 V<\/p>\n<\/li>\n<li data-start=\"1739\" data-end=\"1760\">\n<p data-start=\"1741\" data-end=\"1760\">Driftsstr\u00f8m: 10 mA<\/p>\n<\/li>\n<li data-start=\"1761\" data-end=\"1805\">\n<p data-start=\"1763\" data-end=\"1805\">Dimensioner: 61 mm (B) x 44 mm (D) x 105 mm (H)<\/p>\n<\/li>\n<li data-start=\"1806\" data-end=\"1841\">\n<p data-start=\"1808\" data-end=\"1841\">Monteringsmetode: Overflademonteret<\/p>\n<\/li>\n<li data-start=\"1842\" data-end=\"1873\">\n<p data-start=\"1844\" data-end=\"1873\">Alarmklasse: SBSC Alarmklasse 2<\/p>\n<\/li>\n<\/ul>\n<p data-start=\"1875\" data-end=\"1900\"><strong data-start=\"1875\" data-end=\"1898\">Anvendelsesomr\u00e5der:<\/strong><\/p>\n<ul data-start=\"1901\" data-end=\"1990\">\n<li data-start=\"1901\" data-end=\"1943\">\n<p data-start=\"1903\" data-end=\"1943\">Boliger, kontorer og erhvervsbygninger<\/p>\n<\/li>\n<li data-start=\"1944\" data-end=\"1990\">\n<p data-start=\"1946\" data-end=\"1990\">Milj\u00f8er med k\u00e6ledyr, uden risiko for falske alarmer<\/p>\n<\/li>\n<\/ul>","protected":false},"excerpt":{"rendered":"<p>IR-detektor med 12 x 12 m d\u00e6kning og valgbar immunitet mod k\u00e6ledyr op til 20 kg.<\/p>\n<p>Ideel til boliger og erhvervsejendomme, med First Step Processing-teknologi til pr\u00e6cis detektion.<\/p>","protected":false},"featured_media":141456,"template":"","meta":{"_acf_changed":false},"product_brand":[],"product_cat":[1325],"product_tag":[2145,2418,2465],"class_list":{"0":"post-84855","1":"product","2":"type-product","3":"status-publish","4":"has-post-thumbnail","6":"product_cat-larmgivare-skalskydd","7":"product_tag-rorelsedetektor-ir-detektorer","8":"product_tag-rel-larmgivare","9":"product_tag-sbsc-larmklass2","10":"product_shipping_class-postnord-varubrev","11":"pa_brands-bosch","12":"tm-no-options","14":"first","15":"instock","16":"sale","17":"featured","18":"taxable","19":"shipping-taxable","20":"purchasable","21":"product-type-simple"},"acf":[],"_links":{"self":[{"href":"https:\/\/secureus.se\/dk\/wp-json\/wp\/v2\/product\/84855","targetHints":{"allow":["GET"]}}],"collection":[{"href":"https:\/\/secureus.se\/dk\/wp-json\/wp\/v2\/product"}],"about":[{"href":"https:\/\/secureus.se\/dk\/wp-json\/wp\/v2\/types\/product"}],"wp:featuredmedia":[{"embeddable":true,"href":"https:\/\/secureus.se\/dk\/wp-json\/wp\/v2\/media\/141456"}],"wp:attachment":[{"href":"https:\/\/secureus.se\/dk\/wp-json\/wp\/v2\/media?parent=84855"}],"wp:term":[{"taxonomy":"product_brand","embeddable":true,"href":"https:\/\/secureus.se\/dk\/wp-json\/wp\/v2\/product_brand?post=84855"},{"taxonomy":"product_cat","embeddable":true,"href":"https:\/\/secureus.se\/dk\/wp-json\/wp\/v2\/product_cat?post=84855"},{"taxonomy":"product_tag","embeddable":true,"href":"https:\/\/secureus.se\/dk\/wp-json\/wp\/v2\/product_tag?post=84855"}],"curies":[{"name":"wp","href":"https:\/\/api.w.org\/{rel}","templated":true}]}}