{"id":85710,"date":"2023-09-14T16:27:09","date_gmt":"2023-09-14T14:27:09","guid":{"rendered":"https:\/\/secureus.se\/produkt\/nodoppnare-typ-fix-285-vansterhangd\/"},"modified":"2025-12-31T20:51:58","modified_gmt":"2025-12-31T19:51:58","slug":"nodoppnare-typ-fix-285-vansterhangd","status":"publish","type":"product","link":"https:\/\/secureus.se\/dk\/nodoppnare-typ-fix-285-vansterhangd\/","title":{"rendered":"N\u00f8d\u00e5bner type Fix-285 Venstreh\u00e6ngt"},"content":{"rendered":"<p>N\u00f8d\u00e5bneren er monteret p\u00e5 en eksisterende Fix 285 spagnolet. Bem\u00e6rk passer kun til Fix 285, ikke Fix 280. Ved bestilling skal h\u00f8jre- eller venstreh\u00e6ngt l\u00e5ge angives.<\/p>\n<p><strong>Passer til f\u00f8lgende l\u00e5setyper:<\/strong><\/p>\n<p>Fix kun 285, angiv venstreh\u00e6ngslet d\u00f8r.<\/p>","protected":false},"excerpt":{"rendered":"<p>N\u00f8d\u00e5bneren er monteret p\u00e5 en eksisterende Fix 285 spagnolet. Bem\u00e6rk passer kun til Fix 285, ikke Fix 280. Ved bestilling skal h\u00f8jre- eller venstreh\u00e6ngt l\u00e5ge angives. Passer til f\u00f8lgende l\u00e5setyper: Kun<\/p>","protected":false},"featured_media":139808,"template":"","meta":{"_acf_changed":false},"product_brand":[],"product_cat":[1560,4182],"product_tag":[2352],"class_list":{"0":"post-85710","1":"product","2":"type-product","3":"status-publish","4":"has-post-thumbnail","6":"product_cat-branddorrstangning","7":"product_cat-nodoppnare","8":"product_tag-soderhamn","9":"product_shipping_class-tunga-paket","10":"pa_brands-soderhamn-innovation","11":"tm-no-options","13":"first","14":"instock","15":"sale","16":"featured","17":"taxable","18":"shipping-taxable","19":"purchasable","20":"product-type-simple"},"acf":[],"_links":{"self":[{"href":"https:\/\/secureus.se\/dk\/wp-json\/wp\/v2\/product\/85710","targetHints":{"allow":["GET"]}}],"collection":[{"href":"https:\/\/secureus.se\/dk\/wp-json\/wp\/v2\/product"}],"about":[{"href":"https:\/\/secureus.se\/dk\/wp-json\/wp\/v2\/types\/product"}],"wp:featuredmedia":[{"embeddable":true,"href":"https:\/\/secureus.se\/dk\/wp-json\/wp\/v2\/media\/139808"}],"wp:attachment":[{"href":"https:\/\/secureus.se\/dk\/wp-json\/wp\/v2\/media?parent=85710"}],"wp:term":[{"taxonomy":"product_brand","embeddable":true,"href":"https:\/\/secureus.se\/dk\/wp-json\/wp\/v2\/product_brand?post=85710"},{"taxonomy":"product_cat","embeddable":true,"href":"https:\/\/secureus.se\/dk\/wp-json\/wp\/v2\/product_cat?post=85710"},{"taxonomy":"product_tag","embeddable":true,"href":"https:\/\/secureus.se\/dk\/wp-json\/wp\/v2\/product_tag?post=85710"}],"curies":[{"name":"wp","href":"https:\/\/api.w.org\/{rel}","templated":true}]}}