{"id":85726,"date":"2023-09-12T12:16:50","date_gmt":"2023-09-12T10:16:50","guid":{"rendered":"https:\/\/secureus.se\/produkt\/electromagnetic-door-suction-acm-md605\/"},"modified":"2026-04-07T12:55:52","modified_gmt":"2026-04-07T10:55:52","slug":"electromagnetic-door-suction-acm-md605","status":"publish","type":"product","link":"https:\/\/secureus.se\/dk\/electromagnetic-door-suction-acm-md605\/","title":{"rendered":"D\u00f8rholder magnet v\u00e6gmontering - udl\u00f8serknap inkl v\u00e6ganker"},"content":{"rendered":"<p id=\"tw-target-text\" class=\"tw-data-text tw-text-large tw-ta\" dir=\"ltr\" data-placeholder=\"Translation\"><span class=\"Y2IQFc\" lang=\"sv\">Tekniske parametre: <\/span><\/p>\n<p class=\"tw-data-text tw-text-large tw-ta\" dir=\"ltr\" data-placeholder=\"Translation\"><span class=\"Y2IQFc\" lang=\"sv\">Indgangssp\u00e6nding: DC12V\/24V (valgfrit) <\/span><\/p>\n<p class=\"tw-data-text tw-text-large tw-ta\" dir=\"ltr\" data-placeholder=\"Translation\"><span class=\"Y2IQFc\" lang=\"sv\">Arbejdsstr\u00f8m: DC12V\/170mA eller DC24V\/85mA <\/span><\/p>\n<p class=\"tw-data-text tw-text-large tw-ta\" dir=\"ltr\" data-placeholder=\"Translation\"><span class=\"Y2IQFc\" lang=\"sv\">Holdekraft: 60 kg\u00a0<\/span><\/p>\n<p class=\"tw-data-text tw-text-large tw-ta\" dir=\"ltr\" data-placeholder=\"Translation\"><span class=\"Y2IQFc\" lang=\"sv\">Tr\u00e6k i en lige linje Driftstemperatur: 0 ~ 55 \u2103 <\/span><\/p>\n<p class=\"tw-data-text tw-text-large tw-ta\" dir=\"ltr\" data-placeholder=\"Translation\"><span class=\"Y2IQFc\" lang=\"sv\">Driftsfugtighed: 0~95% <\/span><\/p>\n<p class=\"tw-data-text tw-text-large tw-ta\" dir=\"ltr\" data-placeholder=\"Translation\"><span class=\"Y2IQFc\" lang=\"sv\">V\u00e6gt: 1 kg Egenskaber: <\/span><\/p>\n<p class=\"tw-data-text tw-text-large tw-ta\" dir=\"ltr\" data-placeholder=\"Translation\"><span class=\"Y2IQFc\" lang=\"sv\">Dobbeltsp\u00e6nding: DC12V\/24V (valgfrit) <\/span><\/p>\n<p class=\"tw-data-text tw-text-large tw-ta\" dir=\"ltr\" data-placeholder=\"Translation\"><span class=\"Y2IQFc\" lang=\"sv\">N\u00f8dudl\u00f8serknap eller testknap <\/span><\/p>\n<p class=\"tw-data-text tw-text-large tw-ta\" dir=\"ltr\" data-placeholder=\"Translation\"><span class=\"Y2IQFc\" lang=\"sv\">v\u00e6gmonteret <\/span><\/p>\n<p class=\"tw-data-text tw-text-large tw-ta\" dir=\"ltr\" data-placeholder=\"Translation\"><span class=\"Y2IQFc\" lang=\"sv\">Lavt str\u00f8mdesign <\/span><\/p>\n<p class=\"tw-data-text tw-text-large tw-ta\" dir=\"ltr\" data-placeholder=\"Translation\"><span class=\"Y2IQFc\" lang=\"sv\">Fejlsikre sikkerhedsindstillinger <\/span><\/p>\n<p class=\"tw-data-text tw-text-large tw-ta\" dir=\"ltr\" data-placeholder=\"Translation\"><span class=\"Y2IQFc\" lang=\"sv\">B\u00e6redygtig drift<\/span><\/p>\n<p>&nbsp;<\/p>","protected":false},"excerpt":{"rendered":"<p>V\u00e6gmonteret magnetisk d\u00f8rholder komplet med med knap til lukning, beregnet til brandd\u00f8rslukning<\/p>","protected":false},"featured_media":140862,"template":"","meta":{"_acf_changed":false},"product_brand":[],"product_cat":[1560],"product_tag":[2958],"class_list":{"0":"post-85726","1":"product","2":"type-product","3":"status-publish","4":"has-post-thumbnail","6":"product_cat-branddorrstangning","7":"product_tag-stonehouse-produkt","8":"product_shipping_class-tunga-paket","9":"pa_brands-stonehouse-security","10":"tm-no-options","12":"first","13":"outofstock","14":"sale","15":"featured","16":"taxable","17":"shipping-taxable","18":"purchasable","19":"product-type-simple"},"acf":[],"_links":{"self":[{"href":"https:\/\/secureus.se\/dk\/wp-json\/wp\/v2\/product\/85726","targetHints":{"allow":["GET"]}}],"collection":[{"href":"https:\/\/secureus.se\/dk\/wp-json\/wp\/v2\/product"}],"about":[{"href":"https:\/\/secureus.se\/dk\/wp-json\/wp\/v2\/types\/product"}],"wp:featuredmedia":[{"embeddable":true,"href":"https:\/\/secureus.se\/dk\/wp-json\/wp\/v2\/media\/140862"}],"wp:attachment":[{"href":"https:\/\/secureus.se\/dk\/wp-json\/wp\/v2\/media?parent=85726"}],"wp:term":[{"taxonomy":"product_brand","embeddable":true,"href":"https:\/\/secureus.se\/dk\/wp-json\/wp\/v2\/product_brand?post=85726"},{"taxonomy":"product_cat","embeddable":true,"href":"https:\/\/secureus.se\/dk\/wp-json\/wp\/v2\/product_cat?post=85726"},{"taxonomy":"product_tag","embeddable":true,"href":"https:\/\/secureus.se\/dk\/wp-json\/wp\/v2\/product_tag?post=85726"}],"curies":[{"name":"wp","href":"https:\/\/api.w.org\/{rel}","templated":true}]}}