{"id":85734,"date":"2023-09-05T17:13:16","date_gmt":"2023-09-05T15:13:16","guid":{"rendered":"https:\/\/secureus.se\/produkt\/rokdetektor-2351e\/"},"modified":"2026-04-01T14:40:40","modified_gmt":"2026-04-01T12:40:40","slug":"rokdetektor-2351e","status":"publish","type":"product","link":"https:\/\/secureus.se\/dk\/rokdetektor-2351e\/","title":{"rendered":"R\u00f8gdetektor 2351E \u2013 Systemsensor"},"content":{"rendered":"<p>2351E r\u00f8gdetektoren er en del af serie 300 konventionelle r\u00f8gdetektorer, der bruger den nyeste teknologi til at tilbyde p\u00e5lidelig og effektiv brandbeskyttelsesteknologi. Med avancerede funktioner s\u00e5som automatisk driftkompensation og justerbar f\u00f8lsomhed er 2351E designet til at minimere falske alarmer og forl\u00e6nge serviceintervaller. Den har et lavt str\u00f8mforbrug og er kompatibel med serie 100 basisinstallationer, hvilket g\u00f8r det nemt at opgradere og vedligeholde i eksisterende systemer.<\/p>\n<p>Med sin dobbeltsidede tofarvede LED viser den status for detektoren \u2013 gr\u00f8n for normal drift og r\u00f8d i tilf\u00e6lde af alarm. Den kan bruges med forskellige baser for at give anvendelsesfleksibilitet og er ideel til steder, hvor sikkerhed og p\u00e5lidelighed er afg\u00f8rende.<\/p>\n<p><strong>Funktioner:<\/strong><\/p>\n<ul>\n<li>Lav profil design<\/li>\n<li>Str\u00f8mforbrug: 120 \u00b5A (50 mA i tilf\u00e6lde af alarm)<\/li>\n<li>D\u00e6kningsomr\u00e5de: 102 x 32,5 mm<\/li>\n<li>Temperaturomr\u00e5de: -30\u00b0C til +70\u00b0C<\/li>\n<li>Kompatibel med serie 100 basisinstallationer<\/li>\n<li>Certificeret i henhold til EN54-7<\/li>\n<\/ul>\n<p><strong>Kompatible basismodeller:<\/strong><\/p>\n<ul>\n<li>B401 standard base<\/li>\n<li>B401R modstandsbase<\/li>\n<li>B401DG dyb bas<\/li>\n<\/ul>\n<p>Denne r\u00f8gdetektor er velegnet til b\u00e5de nye installationer og opgraderinger i eksisterende systemer og er designet til at opfylde kravene i SBF110.<\/p>","protected":false},"excerpt":{"rendered":"<p>R\u00f8gdetektor 2351E er en konventionel optisk r\u00f8gdetektor med et moderne design, ideel til installation i b\u00e5de kommercielle og industrielle milj\u00f8er. Den tilbyder h\u00f8j p\u00e5lidelighed og er udstyret med dobbeltsidede LED&#039;er for tydelig statusindikation. Opfylder kravene i SBF110 og er CPD certificeret i henhold til EN54-7.<\/p>","protected":false},"featured_media":140510,"template":"","meta":{"_acf_changed":false},"product_brand":[],"product_cat":[4754,3373],"product_tag":[2959],"class_list":{"0":"post-85734","1":"product","2":"type-product","3":"status-publish","4":"has-post-thumbnail","6":"product_cat-system-sensor-300-serien","7":"product_cat-rokdetektorer","8":"product_tag-certifierad-en54","9":"product_shipping_class-postnord-varubrev","10":"pa_brands-system-sensor","11":"tm-no-options","13":"first","14":"instock","15":"sale","16":"featured","17":"taxable","18":"shipping-taxable","19":"purchasable","20":"product-type-simple"},"acf":[],"_links":{"self":[{"href":"https:\/\/secureus.se\/dk\/wp-json\/wp\/v2\/product\/85734","targetHints":{"allow":["GET"]}}],"collection":[{"href":"https:\/\/secureus.se\/dk\/wp-json\/wp\/v2\/product"}],"about":[{"href":"https:\/\/secureus.se\/dk\/wp-json\/wp\/v2\/types\/product"}],"wp:featuredmedia":[{"embeddable":true,"href":"https:\/\/secureus.se\/dk\/wp-json\/wp\/v2\/media\/140510"}],"wp:attachment":[{"href":"https:\/\/secureus.se\/dk\/wp-json\/wp\/v2\/media?parent=85734"}],"wp:term":[{"taxonomy":"product_brand","embeddable":true,"href":"https:\/\/secureus.se\/dk\/wp-json\/wp\/v2\/product_brand?post=85734"},{"taxonomy":"product_cat","embeddable":true,"href":"https:\/\/secureus.se\/dk\/wp-json\/wp\/v2\/product_cat?post=85734"},{"taxonomy":"product_tag","embeddable":true,"href":"https:\/\/secureus.se\/dk\/wp-json\/wp\/v2\/product_tag?post=85734"}],"curies":[{"name":"wp","href":"https:\/\/api.w.org\/{rel}","templated":true}]}}