{"id":85900,"date":"2023-02-22T11:42:57","date_gmt":"2023-02-22T10:42:57","guid":{"rendered":"https:\/\/secureus.se\/produkt\/apollo-xp95-optisk-detektor\/"},"modified":"2026-04-14T20:39:34","modified_gmt":"2026-04-14T18:39:34","slug":"apollo-xp95-optisk-detektor","status":"publish","type":"product","link":"https:\/\/secureus.se\/dk\/apollo-xp95-optisk-detektor\/","title":{"rendered":"R\u00f8gdetektor Apollo XP95 Optical 55000-620APO"},"content":{"rendered":"<h1>R\u00f8gdetektor Apollo XP95 Optisk<\/h1>\n<p>Apollo XP95 optiske r\u00f8gdetektor bruger lysspredning til at detektere r\u00f8g i brandfarlige omgivelser.<\/p>\n<p>Den er udstyret med en intern pulserende infrar\u00f8d LED og en fotodiode, der er placeret i en vinkel for at fange det spredte lys.<\/p>\n<p>Under normale forhold uden r\u00f8g modtager fotodioden intet lys fra LED&#039;en og sender et tilsvarende analogt signal.<\/p>\n<p>N\u00e5r der kommer r\u00f8g ind i detektorkammeret, spredes lyset og fotodioden registrerer dette, hvilket \u00f8ger signalet og aktiverer alarmen.<\/p>\n<p class=\"\" data-start=\"847\" data-end=\"1195\">Detektoren har en tydelig r\u00f8d indikator-LED, der lyser, n\u00e5r den er i alarmtilstand.<\/p>\n<p class=\"\" data-start=\"847\" data-end=\"1195\">Den er designet til at give p\u00e5lidelig branddetektion i omr\u00e5der med varierende temperaturer, fra -20\u00b0C til +60\u00b0C, og er s\u00e6rligt velegnet til flugtveje.<\/p>\n<p class=\"\" data-start=\"847\" data-end=\"1195\">Den er uf\u00f8lsom over for vind og atmosf\u00e6riske tryk\u00e6ndringer, hvilket g\u00f8r den stabil under forskellige forhold.<\/p>\n<p class=\"\" data-start=\"1197\" data-end=\"1372\">Med en lang garanti p\u00e5 10 \u00e5r er denne detektor en p\u00e5lidelig l\u00f8sning til brandoverv\u00e5gning i bygninger som hoteller, kontorer, restauranter og andre mellemstore til store bygninger.<\/p>","protected":false},"excerpt":{"rendered":"<p>Apollo XP95 optiske r\u00f8gdetektor bruger lysspredning fra en infrar\u00f8d LED til hurtigt og effektivt at detektere langsomt br\u00e6ndende og ulmende brande.<\/p>\n<p>Den har en indikator-LED, der lyser r\u00f8dt i tilf\u00e6lde af alarm.<\/p>","protected":false},"featured_media":141561,"template":"","meta":{"_acf_changed":false},"product_brand":[],"product_cat":[4751],"product_tag":[2704],"class_list":{"0":"post-85900","1":"product","2":"type-product","3":"status-publish","4":"has-post-thumbnail","6":"product_cat-xp95-serien","7":"product_tag-utvalda-produkter-fran-apollo","8":"product_shipping_class-postnord-varubrev","9":"pa_brands-apollo-fire-detectors","10":"tm-no-options","12":"first","13":"instock","14":"sale","15":"featured","16":"taxable","17":"shipping-taxable","18":"purchasable","19":"product-type-simple"},"acf":[],"_links":{"self":[{"href":"https:\/\/secureus.se\/dk\/wp-json\/wp\/v2\/product\/85900","targetHints":{"allow":["GET"]}}],"collection":[{"href":"https:\/\/secureus.se\/dk\/wp-json\/wp\/v2\/product"}],"about":[{"href":"https:\/\/secureus.se\/dk\/wp-json\/wp\/v2\/types\/product"}],"wp:featuredmedia":[{"embeddable":true,"href":"https:\/\/secureus.se\/dk\/wp-json\/wp\/v2\/media\/141561"}],"wp:attachment":[{"href":"https:\/\/secureus.se\/dk\/wp-json\/wp\/v2\/media?parent=85900"}],"wp:term":[{"taxonomy":"product_brand","embeddable":true,"href":"https:\/\/secureus.se\/dk\/wp-json\/wp\/v2\/product_brand?post=85900"},{"taxonomy":"product_cat","embeddable":true,"href":"https:\/\/secureus.se\/dk\/wp-json\/wp\/v2\/product_cat?post=85900"},{"taxonomy":"product_tag","embeddable":true,"href":"https:\/\/secureus.se\/dk\/wp-json\/wp\/v2\/product_tag?post=85900"}],"curies":[{"name":"wp","href":"https:\/\/api.w.org\/{rel}","templated":true}]}}