{"id":86558,"date":"2023-09-27T18:01:31","date_gmt":"2023-09-27T16:01:31","guid":{"rendered":"https:\/\/secureus.se\/produkt\/motorlas-841c-35-hi-o-halvsats\/"},"modified":"2025-10-21T11:58:48","modified_gmt":"2025-10-21T09:58:48","slug":"motorlas-841c-35-hi-o-halvsats","status":"publish","type":"product","link":"https:\/\/secureus.se\/dk\/motorlas-841c-35-hi-o-halvsats\/","title":{"rendered":"Motorl\u00e5s 841C-35 Hi-O Half Kit"},"content":{"rendered":"<p><b>Beskrivelse:<br \/>\n<\/b><br \/>\nASSA ABLOY motorl\u00e5s 841C-35 er tilpasset d\u00f8re med ASSA ABLOY modul\u00e6re udsparinger. Den er velegnet som nat- og sikkerhedsafl\u00e5sning i d\u00f8re med h\u00f8je sikkerhedskrav inden for handel, kontorer og industri. Dagl\u00e5ste eller h\u00f8jfrekvente d\u00f8re b\u00f8r suppleres med en dagl\u00e5s, f.eks. elektrisk trykl\u00e5s eller elektrisk endeplade. Motorl\u00e5s 841C er en Hi-O enhed, der forbindes til en DAC630 eller DAC530. Hi-O betyder, at enhederne har en indbygget mikrocomputer og kommunikerer med hinanden til plug-and-play installation, synkronisering af d\u00f8rbetjening, overv\u00e5gning af adf\u00e6rd og til at sende diagnostiske informationer. Matchende cylindertilbeh\u00f8r ASSA sikkerhedstilbeh\u00f8r 4559 SCD Classic, samt fjederbelastet drejecylinder evt.<\/p>\n<div><\/div>\n<div><b>Egenskaber:<\/b><\/div>\n<div>\n<ul>\n<li>Dorndybde 35 mm.<\/li>\n<li>Certificeret i henhold til SSF3522-1093, klasse 4<\/li>\n<li>\u00c5bningshastighed under 1\/3 sekund.<\/li>\n<li>L\u00e5sen kan altid \u00e5bnes med n\u00f8gle\/knop.<\/li>\n<li>Indbygget d\u00f8rpositionssensor (magnet i endeplade).<\/li>\n<li>Kan kombineres med andre Hi-O enheder uden styreenhed, f.eks. dagl\u00e5s, d\u00f8rautomatik og kortl\u00e6ser<\/li>\n<li>Motorl\u00e5s Temp \u2013 20 \u00b0C \u2013 + 70 \u00b0C<\/li>\n<li>Egnet styreenhed t\u00e5ler temperatur +5 \u00b0C \u2013 +40 \u00b0C, 20 \u2013 90 % relativ fugtighed, ikke-kondenserende<\/li>\n<\/ul>\n<p><b>Teknisk data:<\/b><\/p>\n<ul>\n<li>Driftssp\u00e6nding: 12-24 VDC stab -5%+15%<\/li>\n<li>Str\u00f8mforbrug: Hvile 50 mA Max 445 mA ved 24 VDC<\/li>\n<li>Certificeret i henhold til EN14846<\/li>\n<\/ul>\n<\/div>","protected":false},"excerpt":{"rendered":"<p>Beskrivelse: ASSA ABLOY motorl\u00e5s 841C-35 er tilpasset d\u00f8re med ASSA ABLOY modul\u00e6re udsparinger. Den er velegnet som nat- og sikkerhedsafl\u00e5sning i d\u00f8re med h\u00f8je sikkerhedskrav inden for handel, kontorer og industri.<\/p>","protected":false},"featured_media":139626,"template":"","meta":{"_acf_changed":false},"product_brand":[],"product_cat":[2874],"product_tag":[4547,4543,4540,4541,4542,4863,4554,4550],"class_list":{"0":"post-86558","1":"product","2":"type-product","3":"status-publish","4":"has-post-thumbnail","6":"product_cat-motorlas","7":"product_tag-dorndjup-35mm","8":"product_tag-komplett-sats-ja","9":"product_tag-krypterad-kommunikation-ja","10":"product_tag-nodutrymning-ja","11":"product_tag-panikutrymning-nej","12":"product_tag-pf","13":"product_tag-smalprofil","14":"product_tag-spanning-ac-dc","15":"product_shipping_class-tunga-paket","16":"pa_brands-abloy","17":"tm-no-options","19":"first","20":"onbackorder","21":"sale","22":"taxable","23":"shipping-taxable","24":"purchasable","25":"product-type-simple"},"acf":[],"_links":{"self":[{"href":"https:\/\/secureus.se\/dk\/wp-json\/wp\/v2\/product\/86558","targetHints":{"allow":["GET"]}}],"collection":[{"href":"https:\/\/secureus.se\/dk\/wp-json\/wp\/v2\/product"}],"about":[{"href":"https:\/\/secureus.se\/dk\/wp-json\/wp\/v2\/types\/product"}],"wp:featuredmedia":[{"embeddable":true,"href":"https:\/\/secureus.se\/dk\/wp-json\/wp\/v2\/media\/139626"}],"wp:attachment":[{"href":"https:\/\/secureus.se\/dk\/wp-json\/wp\/v2\/media?parent=86558"}],"wp:term":[{"taxonomy":"product_brand","embeddable":true,"href":"https:\/\/secureus.se\/dk\/wp-json\/wp\/v2\/product_brand?post=86558"},{"taxonomy":"product_cat","embeddable":true,"href":"https:\/\/secureus.se\/dk\/wp-json\/wp\/v2\/product_cat?post=86558"},{"taxonomy":"product_tag","embeddable":true,"href":"https:\/\/secureus.se\/dk\/wp-json\/wp\/v2\/product_tag?post=86558"}],"curies":[{"name":"wp","href":"https:\/\/api.w.org\/{rel}","templated":true}]}}