{"id":86564,"date":"2023-09-27T18:01:22","date_gmt":"2023-09-27T16:01:22","guid":{"rendered":"https:\/\/secureus.se\/produkt\/motorlashus-841c-70-hi-o\/"},"modified":"2025-10-21T11:58:55","modified_gmt":"2025-10-21T09:58:55","slug":"motorlashus-841c-70-hi-o","status":"publish","type":"product","link":"https:\/\/secureus.se\/dk\/motorlashus-841c-70-hi-o\/","title":{"rendered":"Motorl\u00e5sehus 841C-70 Hi-O"},"content":{"rendered":"<p>ASSA ABLOY Motorl\u00e5s 841C er velafpr\u00f8vet og popul\u00e6r p\u00e5 markedet. Den er velegnet som nat- og sikkerhedsafl\u00e5sning i d\u00f8re med h\u00f8je sikkerhedskrav inden for handel, kontorer og industri. Dagl\u00e5ste eller h\u00f8jfrekvente d\u00f8re b\u00f8r suppleres med en dagl\u00e5s, f.eks. elektrisk trykl\u00e5s eller elektrisk endeplade. 841C er en Hi-O-enhed, der forbindes til en DAC630 eller DAC530. Hi-O betyder, at enhederne har en indbygget mikrocomputer og kommunikerer med hinanden til plug-and-play installation, synkronisering af d\u00f8rbetjening, overv\u00e5gning af adf\u00e6rd og til at sende diagnostiske informationer.<\/p>\n<div>\n<div><\/div>\n<div>\n<p><b>Egenskaber:\u00a0\u00a0<\/b><\/p>\n<ul>\n<li>Dorndybde 70 mm.<\/li>\n<li>\u00c5bningshastighed under 1\/3 sekund.<\/li>\n<li>L\u00e5sen kan altid \u00e5bnes med n\u00f8gle\/knop.<\/li>\n<li>Indbygget d\u00f8rpositionssensor (magnet i endeplade).<\/li>\n<li>Certificeret i henhold til EN 14846<\/li>\n<li>Certificeret i henhold til SSF 3522, klasse 4<\/li>\n<li>Kan kombineres med andre Hi-O enheder uden styreenhed, f.eks. dagl\u00e5s, d\u00f8rautomatik og kortl\u00e6ser<\/li>\n<li>Brandgodkendt E\/EI 120 (ikke som brandsikringsfunktion)<\/li>\n<li>Motorl\u00e5s Temp \u2013 20 \u00b0C \u2013 + 70 \u00b0C<\/li>\n<li>Egnet styreenhed t\u00e5ler temperatur +5 \u00b0C \u2013 +40 \u00b0C, 20 \u2013 90 % relativ fugtighed, ikke-kondenserende<\/li>\n<li>Med tilslutningskabel EA226 10 meter<\/li>\n<\/ul>\n<p><b>Teknisk data:\u00a0<\/b><\/p>\n<ul>\n<li>Driftssp\u00e6nding: 12-24 VDC stab -5%+15%<\/li>\n<li>Str\u00f8mforbrug: Hvile 50 mA Max 445 mA ved 24 VDC<\/li>\n<li>Certificeret i henhold til EN14846<\/li>\n<\/ul>\n<\/div>\n<\/div>","protected":false},"excerpt":{"rendered":"<p>ASSA ABLOY Motorl\u00e5s 841C \u00e4r v\u00e4lbepr\u00f6vat och popul\u00e4rt p\u00e5 marknaden. Det passar bra som natt- och s\u00e4kerhets-l\u00e5sning i d\u00f6rrar med h\u00f6ga s\u00e4kerhetskrav inom handel, kontor och industri. Dagl\u00e5sta eller h\u00f6gfrekventa<\/p>","protected":false},"featured_media":139498,"template":"","meta":{"_acf_changed":false},"product_brand":[],"product_cat":[2874],"product_tag":[4110,4549,4540,4544,4542,4863,4550],"class_list":{"0":"post-86564","1":"product","2":"type-product","3":"status-publish","4":"has-post-thumbnail","6":"product_cat-motorlas","7":"product_tag-4110","8":"product_tag-dorndjup-70mm","9":"product_tag-krypterad-kommunikation-ja","10":"product_tag-nodutrymning-nej","11":"product_tag-panikutrymning-nej","12":"product_tag-pf","13":"product_tag-spanning-ac-dc","14":"product_shipping_class-tunga-paket","15":"pa_brands-abloy","16":"tm-no-options","18":"first","19":"onbackorder","20":"sale","21":"taxable","22":"shipping-taxable","23":"purchasable","24":"product-type-simple"},"acf":[],"_links":{"self":[{"href":"https:\/\/secureus.se\/dk\/wp-json\/wp\/v2\/product\/86564","targetHints":{"allow":["GET"]}}],"collection":[{"href":"https:\/\/secureus.se\/dk\/wp-json\/wp\/v2\/product"}],"about":[{"href":"https:\/\/secureus.se\/dk\/wp-json\/wp\/v2\/types\/product"}],"wp:featuredmedia":[{"embeddable":true,"href":"https:\/\/secureus.se\/dk\/wp-json\/wp\/v2\/media\/139498"}],"wp:attachment":[{"href":"https:\/\/secureus.se\/dk\/wp-json\/wp\/v2\/media?parent=86564"}],"wp:term":[{"taxonomy":"product_brand","embeddable":true,"href":"https:\/\/secureus.se\/dk\/wp-json\/wp\/v2\/product_brand?post=86564"},{"taxonomy":"product_cat","embeddable":true,"href":"https:\/\/secureus.se\/dk\/wp-json\/wp\/v2\/product_cat?post=86564"},{"taxonomy":"product_tag","embeddable":true,"href":"https:\/\/secureus.se\/dk\/wp-json\/wp\/v2\/product_tag?post=86564"}],"curies":[{"name":"wp","href":"https:\/\/api.w.org\/{rel}","templated":true}]}}