{"id":86624,"date":"2023-10-27T10:44:49","date_gmt":"2023-10-27T08:44:49","guid":{"rendered":"https:\/\/secureus.se\/produkt\/fargo-dtc4500e-plastic-card-printer-with-lamination-iso-magnetic-encoder-and-locking-hoppers-dual-sided\/"},"modified":"2026-03-26T10:08:59","modified_gmt":"2026-03-26T09:08:59","slug":"kortskrivare-fargo-dtc4500e-duplex-2","status":"publish","type":"product","link":"https:\/\/secureus.se\/dk\/kortskrivare-fargo-dtc4500e-duplex-2\/","title":{"rendered":"Kortprinter Fargo DTC4500e Duplex - med laminering, magnetisk ISO-koder og l\u00e5sbare bakker"},"content":{"rendered":"<p><strong>Maksimal ydeevne med Fargo DTC4500e:<\/strong> Fargo DTC4500e dobbeltsidet ID-kortprinter er designet til organisationer, der kr\u00e6ver h\u00f8j kapacitet og fleksibilitet i deres ID-kortudskrivning. Med en robust og p\u00e5lidelig printmotor leverer denne printer hastighed, kraft og alsidighed.<\/p>\n<p><strong>Funktioner og fordele:<\/strong><\/p>\n<ul>\n<li><strong>H\u00f8j kapacitet:<\/strong> Udstyret med store ruller, der giver mulighed for dobbelt s\u00e5 mange farvekort, f\u00f8r rullen skal skiftes, hvilket sparer tid og \u00f8ger effektiviteten.<\/li>\n<li><strong>Sikkerhed:<\/strong> Den patenterede sikkerhedsl\u00f8sning og l\u00e5sbare bakker beskytter b\u00e5de tomme og printede ID-kort.<\/li>\n<li><strong>Fleksibilitet:<\/strong> Modularitet i design tillader feltopgraderinger til laminering og kortkodningsteknologi.<\/li>\n<li><strong>Forbindelser:<\/strong> Integreres nemt i eksisterende IT-infrastrukturer via USB og Ethernet, hvilket tillader centraliseret eller fjernudstedelse af ID-kort.<\/li>\n<\/ul>\n<p><strong>Teknisk specifikation:<\/strong><\/p>\n<ul>\n<li><strong>Udskrivningshastighed:<\/strong> Op til 120 kort i timen (farvetryk, dobbeltsidet).<\/li>\n<li><strong>Kapacitet:<\/strong> Dual-input kortf\u00f8der til 200 kort og output p\u00e5 op til 100 kort.<\/li>\n<li><strong>Korttype:<\/strong> ISO 7810 format, CR80, ID-1 st\u00f8rrelse, kompatibel med PVC, PET og PC-kort.<\/li>\n<\/ul>\n<p>Med sin tre-\u00e5rige garanti og holdbare design tilbyder Fargo DTC4500e en p\u00e5lidelig og langsigtet l\u00f8sning til alle dine ID-kortudskrivningsbehov.<\/p>","protected":false},"excerpt":{"rendered":"<p>Fargo DTC4500e er en dobbeltsidet ID-kortprinter med USB, Ethernet og ISO Magnetic Stripe Encoder.<\/p>\n<p>Den er udstyret med afl\u00e5selige trug for ekstra sikkerhed og tre \u00e5rs producentgaranti.<\/p>\n<p>Denne printer tilbyder h\u00f8j volumen og h\u00f8j kvalitet, hvilket g\u00f8r den til den perfekte l\u00f8sning til dine ID-kortbehov.<\/p>","protected":false},"featured_media":138642,"template":"","meta":{"_acf_changed":false},"product_brand":[],"product_cat":[3206],"product_tag":[2830,3172,3177,4863,3069],"class_list":{"0":"post-86624","1":"product","2":"type-product","3":"status-publish","4":"has-post-thumbnail","6":"product_cat-fargo","7":"product_tag-kortprinter-direct-to-card","8":"product_tag-dubbelsidig-dual-side","9":"product_tag-fargo","10":"product_tag-pf","11":"product_tag-trade-produkt","12":"product_shipping_class-tunga-paket","13":"pa_brands-fargo","14":"pa_fabrikat-kortskrivare-fargo","15":"tm-no-options","17":"first","18":"outofstock","19":"sale","20":"taxable","21":"shipping-taxable","22":"purchasable","23":"product-type-simple"},"acf":[],"_links":{"self":[{"href":"https:\/\/secureus.se\/dk\/wp-json\/wp\/v2\/product\/86624","targetHints":{"allow":["GET"]}}],"collection":[{"href":"https:\/\/secureus.se\/dk\/wp-json\/wp\/v2\/product"}],"about":[{"href":"https:\/\/secureus.se\/dk\/wp-json\/wp\/v2\/types\/product"}],"wp:featuredmedia":[{"embeddable":true,"href":"https:\/\/secureus.se\/dk\/wp-json\/wp\/v2\/media\/138642"}],"wp:attachment":[{"href":"https:\/\/secureus.se\/dk\/wp-json\/wp\/v2\/media?parent=86624"}],"wp:term":[{"taxonomy":"product_brand","embeddable":true,"href":"https:\/\/secureus.se\/dk\/wp-json\/wp\/v2\/product_brand?post=86624"},{"taxonomy":"product_cat","embeddable":true,"href":"https:\/\/secureus.se\/dk\/wp-json\/wp\/v2\/product_cat?post=86624"},{"taxonomy":"product_tag","embeddable":true,"href":"https:\/\/secureus.se\/dk\/wp-json\/wp\/v2\/product_tag?post=86624"}],"curies":[{"name":"wp","href":"https:\/\/api.w.org\/{rel}","templated":true}]}}