{"id":87181,"date":"2023-11-03T12:01:28","date_gmt":"2023-11-03T11:01:28","guid":{"rendered":"https:\/\/secureus.se\/produkt\/blank-salto-1k-contactless-cards-pack-of-100\/"},"modified":"2026-04-08T16:23:59","modified_gmt":"2026-04-08T14:23:59","slug":"salto-1k-rfid-kontaktlosa-kort-100-pack","status":"publish","type":"product","link":"https:\/\/secureus.se\/dk\/salto-1k-rfid-kontaktlosa-kort-100-pack\/","title":{"rendered":"Salto 1K RFID kontaktl\u00f8se kort - 100-pak, 13,56 MHz"},"content":{"rendered":"<h1>Salto 1K RFID kontaktl\u00f8se kort - 100-pak, 13,56 MHz<\/h1>\n<p>Salto 1K kontaktl\u00f8se kort er RFID-kort, der er kompatible med Salto E9-seriens sikkerhedssystemer og tilbyder h\u00f8j sikkerhed og fleksibilitet til en r\u00e6kke applikationer. Med 1 KB hukommelseskapacitet og en frekvens p\u00e5 13,56 MHz kan disse kort bruges til adgangskontrol, billedidentifikation og billetl\u00f8sninger. Den blanke overflade g\u00f8r, at kortene kan tilpasses med logoer, fotos eller andre identifikationsoplysninger, hvilket er ideelt til arbejdspladser og arrangementer. Kortene underst\u00f8tter ogs\u00e5 SALTO Virtual Network (SVN), som giver ekstra funktioner og fjernstyring af adgangstilladelser. S\u00e6lges i pakker med 100 stk. og i standard CR80 kreditkortformat (85,60 x 53,98 mm).<\/p>\n<p><strong>funktioner og fordele<\/strong>:<\/p>\n<ul>\n<li>Kompatibel med Salto E9 sikkerhedssystem<\/li>\n<li>1 KB hukommelseskapacitet<\/li>\n<li>Blanke overflader til tilpasning (foto-id, logoer)<\/li>\n<li>Fungerer ved 13,56 MHz frekvens<\/li>\n<li>SALTO Virtual Network (SVN) kompatibel<\/li>\n<li>S\u00e6lges i pakker af 100 stk<\/li>\n<li>Standard CR80 kreditkortst\u00f8rrelse (85,60 x 53,98 mm)<\/li>\n<\/ul>\n<p><strong>Teknisk specifikation<\/strong>:<\/p>\n<ul>\n<li style=\"list-style-type: none\">\n<ul>\n<li><strong>Hukommelseskapacitet<\/strong>: 1 KB<\/li>\n<li><strong>Frekvens<\/strong>: 13,56 MHz<\/li>\n<li><strong>St\u00f8rrelse<\/strong>: 85,60 x 53,98 mm (CR80)<\/li>\n<li><strong>V\u00e6gt (emballage)<\/strong>: 0,63 kg<\/li>\n<\/ul>\n<\/li>\n<\/ul>","protected":false},"excerpt":{"rendered":"<p>Salto 1K kontaktl\u00f8se RFID-kort er designet til brug med Salto E9-seriens sikkerhedssystemer.<\/p>\n<p>Med en hukommelseskapacitet p\u00e5 1 KB og 13,56 MHz frekvens er disse kort perfekte til adgangskontrol, billedidentifikation og billetl\u00f8sninger.<\/p>\n<p>Den blanke overflade g\u00f8r det muligt at tilpasse kortene efter behov.<\/p>\n<p>S\u00e6lges i pakker af 100 stk og er standard CR80 st\u00f8rrelse.<\/p>","protected":false},"featured_media":139134,"template":"","meta":{"_acf_changed":false},"product_brand":[],"product_cat":[1711,4231],"product_tag":[4538,3077,2151,3084,3069],"class_list":{"0":"post-87181","1":"product","2":"type-product","3":"status-publish","4":"has-post-thumbnail","6":"product_cat-rfid-kort","7":"product_cat-rfid-kort-salto","8":"product_tag-100-pack-lopnummer-rfid-kort","9":"product_tag-rfid-desfire","10":"product_tag-rfid-salto","11":"product_tag-trade-rfid-kort","12":"product_tag-trade-produkt","13":"product_shipping_class-postnord-varubrev","14":"pa_brands-salto","15":"pa_plastkort-teknik-salto","16":"tm-no-options","18":"first","19":"instock","20":"sale","21":"taxable","22":"shipping-taxable","23":"purchasable","24":"product-type-simple"},"acf":[],"_links":{"self":[{"href":"https:\/\/secureus.se\/dk\/wp-json\/wp\/v2\/product\/87181","targetHints":{"allow":["GET"]}}],"collection":[{"href":"https:\/\/secureus.se\/dk\/wp-json\/wp\/v2\/product"}],"about":[{"href":"https:\/\/secureus.se\/dk\/wp-json\/wp\/v2\/types\/product"}],"wp:featuredmedia":[{"embeddable":true,"href":"https:\/\/secureus.se\/dk\/wp-json\/wp\/v2\/media\/139134"}],"wp:attachment":[{"href":"https:\/\/secureus.se\/dk\/wp-json\/wp\/v2\/media?parent=87181"}],"wp:term":[{"taxonomy":"product_brand","embeddable":true,"href":"https:\/\/secureus.se\/dk\/wp-json\/wp\/v2\/product_brand?post=87181"},{"taxonomy":"product_cat","embeddable":true,"href":"https:\/\/secureus.se\/dk\/wp-json\/wp\/v2\/product_cat?post=87181"},{"taxonomy":"product_tag","embeddable":true,"href":"https:\/\/secureus.se\/dk\/wp-json\/wp\/v2\/product_tag?post=87181"}],"curies":[{"name":"wp","href":"https:\/\/api.w.org\/{rel}","templated":true}]}}