{"id":87283,"date":"2023-11-13T15:40:27","date_gmt":"2023-11-13T14:40:27","guid":{"rendered":"https:\/\/secureus.se\/?post_type=product&#038;p=87283"},"modified":"2026-04-05T17:36:30","modified_gmt":"2026-04-05T15:36:30","slug":"ajax-fireprotect-2-rb-rok-och-temperaturvarnare-vit","status":"publish","type":"product","link":"https:\/\/secureus.se\/dk\/ajax-fireprotect-2-rb-rok-och-temperaturvarnare-vit\/","title":{"rendered":"Ajax FireProtect 2 RB - R\u00f8g- og temperaturdetektor (Hvid)"},"content":{"rendered":"<div class=\"flex max-w-full flex-col flex-grow\">\n<div class=\"min-h-8 text-message flex w-full flex-col items-end gap-2 whitespace-normal break-words [.text-message+&amp;]:mt-5\" dir=\"auto\" data-message-author-role=\"assistant\" data-message-id=\"07547225-76d6-4243-a471-36ada24fcf94\" data-message-model-slug=\"gpt-4o-mini\">\n<div class=\"flex w-full flex-col gap-1 empty:hidden first:pt-[3px]\">\n<div class=\"markdown prose w-full break-words dark:prose-invert light\">\n<h3>Ajax FireProtect 2 RB \u00e4r den senaste innovationen fr\u00e5n Ajax inom brands\u00e4kerhet, med avancerad teknik f\u00f6r exakt och p\u00e5litlig branddetektion.<\/h3>\n<p>Denna enhet representerar en ny generation av brandvarnare med en unik r\u00f6kkammare och dubbelspektrumsensorer som s\u00e4rskiljer r\u00f6k fr\u00e5n \u00e5nga, damm och andra element som kan orsaka falsklarm.<\/p>\n<p>Denna f\u00f6rm\u00e5ga att korrekt detektera r\u00f6k och temperaturf\u00f6r\u00e4ndringar g\u00f6r den till en av de mest precisa och p\u00e5litliga brandvarnarna p\u00e5 marknaden.<\/p>\n<p><strong>Innovativ R\u00f6kkammare och Falsklarmsskydd<\/strong><br \/>\nFireProtect 2 RB har en innovativ r\u00f6kkammare som inte kr\u00e4ver reng\u00f6ring.<\/p>\n<p>Detta minskar underh\u00e5ll och g\u00f6r enheten mer h\u00e5llbar och p\u00e5litlig \u00f6ver tid.<\/p>\n<p>R\u00f6kkammaren \u00e4r dammskyddad och insektoverl\u00e4gsen, vilket minimerar riskerna f\u00f6r falsklarm fr\u00e5n yttre faktorer som fukt, damm eller insekter.<\/p>\n<p>Med hj\u00e4lp av dubbelspektrumsensorer och den avancerade HazeFlow 2-programvaran s\u00e4kerst\u00e4lls att branddetektionen \u00e4r b\u00e5de snabb och exakt.<\/p>\n<p><strong>Snabb och Effektiv Branddetektion<\/strong><br \/>\nBrandvarnaren reagerar omedelbart vid f\u00f6rbr\u00e4nning av syntetiska material. Genom att reagera snabbt p\u00e5 uppv\u00e4rmning och f\u00f6r\u00e4ndringar i temperatur, kan den snabbt aktivera larmet och s\u00e4kerst\u00e4lla en snabb respons vid brandh\u00e4ndelser.<\/p>\n<p>Detta g\u00f6r att Ajax FireProtect 2 RB inte bara \u00e4r en p\u00e5litlig detektor utan ocks\u00e5 en livr\u00e4ddare vid brand.<\/p>\n<p><strong>L\u00e5ng Batterilivsl\u00e4ngd och Enkel Anv\u00e4ndning<\/strong><br \/>\nFireProtect 2 RB \u00e4r utrustad med tv\u00e5 CR123A-batterier som har en livsl\u00e4ngd p\u00e5 upp till 7 \u00e5r. N\u00e4r batteriet \u00e4r p\u00e5 v\u00e4g att ta slut f\u00e5r du en p\u00e5minnelse via Ajax-appen, s\u00e5 att du alltid kan byta batteri i god tid.<\/p>\n<p>Enheten \u00e4r ocks\u00e5 helt tr\u00e5dl\u00f6s, vilket g\u00f6r installationen enkel och flexibel. Den kan integreras direkt i ditt Ajax-larmsystem, vilket ger dig en komplett s\u00e4kerhetsl\u00f6sning.<\/p>\n<p><strong>Kompatibilitet och Enkel Installation<\/strong><br \/>\nAjax FireProtect 2 RB \u00e4r kompatibel med flera olika Ajax-enheter, s\u00e5som Hub Plus, Hub 2, Hub 2 Plus, Hub Hybrid, ReX och ReX 2.<\/p>\n<p>Med en tr\u00e5dl\u00f6s r\u00e4ckvidd p\u00e5 upp till 1700 meter i fri terr\u00e4ng \u00e4r det enkelt att installera den i ditt hem eller f\u00f6retag utan att beh\u00f6va dra kablar.<\/p>\n<p>Den \u00e4r ocks\u00e5 mycket enkel att konfigurera och styra via Ajax-appen.<\/p>\n<p><strong>Tekniska Specifikationer<\/strong>:<\/p>\n<ul>\n<li><strong>Kompatibilitet<\/strong>: Hub Plus, Hub 2, Hub 2 Plus, Hub Hybrid, ReX, ReX 2<\/li>\n<li><strong>Tr\u00e5dl\u00f6s R\u00e4ckvidd<\/strong>: Upp till 1700 meter i fri terr\u00e4ng<\/li>\n<li><strong>Batterityp<\/strong>: 2 x CR123A<\/li>\n<li><strong>Batterilivsl\u00e4ngd<\/strong>: Upp till 7 \u00e5r<\/li>\n<li><strong>Temperaturomr\u00e5de<\/strong>: 0\u00b0C till +50\u00b0C<\/li>\n<li><strong>Luftfuktighet<\/strong>: Upp till 80%<\/li>\n<li><strong>IP-klass<\/strong>: IP20<\/li>\n<li><strong>Ljudstyrka<\/strong>: 85 dB (3 meter)<\/li>\n<li><strong>Larmtr\u00f6skel<\/strong>: +64\u00b0C eller \u00f6kning med 10\u00b0C under mindre \u00e4n 1 minut<\/li>\n<\/ul>\n<p><strong>F\u00f6rpackningen Inneh\u00e5ller<\/strong>:<\/p>\n<ul>\n<li>1 x Ajax FireProtect 2 RB<\/li>\n<li>2 x CR123A-batterier<\/li>\n<li>1 x Monteringskit<\/li>\n<\/ul>\n<p><strong>Slutsats<\/strong>:<br \/>\nAjax FireProtect 2 RB \u00e4r en exceptionell brandvarnare som kombinerar h\u00f6gteknologiska funktioner med anv\u00e4ndarv\u00e4nlighet och p\u00e5litlighet.<\/p>\n<p>Den erbjuder b\u00e5de brands\u00e4kerhet och bekv\u00e4mlighet genom l\u00e5ng batterilivsl\u00e4ngd, exakt detektion och smidig integration med ditt Ajax-larmsystem.<\/p>\n<p>Med sin innovativa design och avancerade sensorteknik \u00e4r FireProtect 2 RB den perfekta l\u00f6sningen f\u00f6r att skydda ditt hem eller f\u00f6retag mot brand.<\/p>\n<\/div>\n<\/div>\n<\/div>\n<\/div>\n<div class=\"mb-2 flex gap-3 empty:hidden -ml-2\">\n<div class=\"items-center justify-start rounded-xl p-1 flex\">\n<div class=\"flex items-center\"><\/div>\n<\/div>\n<\/div>\n","protected":false},"excerpt":{"rendered":"<p>Ajax FireProtect 2 RB er en h\u00f8jtydende r\u00f8g- og temperaturalarm, der eliminerer behovet for regelm\u00e6ssig vedligeholdelse.<\/p>\n<p>Udstyret med et avanceret r\u00f8gkammer og to spektrale sensorer minimerer det risikoen for falske alarmer.<\/p>\n<p>Med en batterilevetid p\u00e5 op til 7 \u00e5r og nem integration i Ajax alarmsystem er det den ultimative l\u00f8sning til brandsikring i dit hjem eller din virksomhed.<\/p>","protected":false},"featured_media":155444,"template":"","meta":{"_acf_changed":false},"product_brand":[],"product_cat":[3159,1319],"product_tag":[3152,3127,4863],"class_list":{"0":"post-87283","1":"product","2":"type-product","3":"status-publish","4":"has-post-thumbnail","6":"product_cat-brandvarnare","7":"product_cat-ajax-larm","8":"product_tag-cr123-tillbehor","9":"product_tag-kontrollprodukt","10":"product_tag-pf","11":"product_shipping_class-postnord-varubrev","12":"pa_brands-ajax-systems","13":"pa_farg-vit","14":"tm-no-options","16":"first","17":"instock","18":"sale","19":"featured","20":"taxable","21":"shipping-taxable","22":"purchasable","23":"product-type-simple"},"acf":[],"_links":{"self":[{"href":"https:\/\/secureus.se\/dk\/wp-json\/wp\/v2\/product\/87283","targetHints":{"allow":["GET"]}}],"collection":[{"href":"https:\/\/secureus.se\/dk\/wp-json\/wp\/v2\/product"}],"about":[{"href":"https:\/\/secureus.se\/dk\/wp-json\/wp\/v2\/types\/product"}],"wp:featuredmedia":[{"embeddable":true,"href":"https:\/\/secureus.se\/dk\/wp-json\/wp\/v2\/media\/155444"}],"wp:attachment":[{"href":"https:\/\/secureus.se\/dk\/wp-json\/wp\/v2\/media?parent=87283"}],"wp:term":[{"taxonomy":"product_brand","embeddable":true,"href":"https:\/\/secureus.se\/dk\/wp-json\/wp\/v2\/product_brand?post=87283"},{"taxonomy":"product_cat","embeddable":true,"href":"https:\/\/secureus.se\/dk\/wp-json\/wp\/v2\/product_cat?post=87283"},{"taxonomy":"product_tag","embeddable":true,"href":"https:\/\/secureus.se\/dk\/wp-json\/wp\/v2\/product_tag?post=87283"}],"curies":[{"name":"wp","href":"https:\/\/api.w.org\/{rel}","templated":true}]}}