{"id":87451,"date":"2023-11-22T17:06:13","date_gmt":"2023-11-22T16:06:13","guid":{"rendered":"https:\/\/secureus.se\/?post_type=product&#038;p=87451"},"modified":"2026-04-18T21:11:15","modified_gmt":"2026-04-18T19:11:15","slug":"tagg-laddbricka-mifare-pro","status":"publish","type":"product","link":"https:\/\/secureus.se\/dk\/tagg-laddbricka-mifare-pro\/","title":{"rendered":"Tag Charging Tag Mifare\u00ae \u2013 Pro"},"content":{"rendered":"<h1>RFID Tag Opladningsbakke Mifare<\/h1>\n<p>Forenkle opladningen af din elbil og \u00f8g sikkerhedsniveauet med vores RFID-tags og ladetags, skr\u00e6ddersyet til MIFARE-standarden og kompatible med ladebokse fra f\u00f8rende m\u00e6rker som Easee &amp; Zaptec.<\/p>\n<h3><strong>N\u00f8glefunktioner:<\/strong><\/h3>\n<ol>\n<li><strong>Nem adgangskontrol:<\/strong>\n<ul>\n<li>Brug vores RFID-tag til nemt at l\u00e5se din ladeboks og regulere brugeradgangen. Perfekt til at begr\u00e6nse brugen p\u00e5 uoverv\u00e5gede steder s\u00e5som sommerhuse.<\/li>\n<\/ul>\n<\/li>\n<li><strong>Sikkerhed i fokus:<\/strong>\n<ul>\n<li>Beskyt din ladeboks med vores MIFARE standard RFID-tag, ideel til brugere, der prioriterer sikkerhed, is\u00e6r p\u00e5 steder, hvor ladeboksen er udsat i l\u00e6ngere tid uden opsyn.<\/li>\n<\/ul>\n<\/li>\n<li><strong>Glat installation:<\/strong>\n<ul>\n<li>Integrer RFID-tag&#039;et nemt ved at f\u00f8lge klare instruktioner i din ladeboks-app. Ingen kompliceret proces, bare enkel og smidig brug.<\/li>\n<\/ul>\n<\/li>\n<li><strong>Optimal effektivitet med opladningsbakken:<\/strong>\n<ul>\n<li>\u00d8g opladningshastigheden med op til 40% med vores effektive ladebakke, hvilket resulterer i hurtigere og mere omkostningseffektiv opladning til din elbil.<\/li>\n<\/ul>\n<\/li>\n<\/ol>\n<h3><strong>Anvendelsesomr\u00e5der:<\/strong><\/h3>\n<ul>\n<li><strong>Fritidsopladning:<\/strong>\n<ul>\n<li>Perfekt til sommerhuse eller steder, hvor ladeboksen kan st\u00e5 uden opsyn. RFID-tagget giver dig kontrol over ladeboksens brug og \u00f8ger sikkerheden.<\/li>\n<\/ul>\n<\/li>\n<li><strong>Sikker virksomhedsopladning:<\/strong>\n<ul>\n<li>Ideel til virksomheder, der skal sikre, at kun autoriserede brugere har adgang til opladningsinfrastrukturen.<\/li>\n<\/ul>\n<\/li>\n<\/ul>\n<p>Optimer din elbilsopladning med vores p\u00e5lidelige RFID-tags og opladningsm\u00e6rker. Afgiv din ordre i dag for en sikrere og mere j\u00e6vn opladningsoplevelse med Easee!<\/p>\n<h3 class=\"title3_container__95KRM\"><strong>Zaptec<\/strong><\/h3>\n<ol>\n<li>\n<p class=\"editorial-body_container__B1_Rn\">\u00c5bn Zaptec-appen<\/p>\n<\/li>\n<li>\n<p class=\"editorial-body_container__B1_Rn\">G\u00e5 til\u00a0<strong>Mine n\u00f8glebrikker<\/strong><\/p>\n<\/li>\n<li>\n<p class=\"editorial-body_container__B1_Rn\">V\u00e6lge\u00a0<strong>Tilf\u00f8j ny<\/strong><\/p>\n<\/li>\n<\/ol>\n<h3 class=\"title3_container__95KRM\"><strong>Let<\/strong><\/h3>\n<ol>\n<li>\n<p class=\"editorial-body_container__B1_Rn\">\u00c5bn Easee-appen<\/p>\n<\/li>\n<li>\n<p class=\"editorial-body_container__B1_Rn\">\u00c5bn menuen i \u00f8verste venstre hj\u00f8rne<\/p>\n<\/li>\n<li>\n<p class=\"editorial-body_container__B1_Rn\">V\u00e6lge\u00a0<strong>Nemme n\u00f8gler<\/strong> og godt\u00a0<strong>Tilf\u00f8je<\/strong> fra \u00f8verste h\u00f8jre hj\u00f8rne<\/p>\n<\/li>\n<li>\n<p class=\"editorial-body_container__B1_Rn\">V\u00e6lg din ladeboks<\/p>\n<\/li>\n<li>\n<p class=\"editorial-body_container__B1_Rn\">Hold din RFID mod markeringen p\u00e5 opladningsboksen eller scan den med din telefon<\/p>\n<\/li>\n<li>\n<p class=\"editorial-body_container__B1_Rn\">Navngiv dit RFID-tag s\u00e5som &quot;Opladningsbakke&quot;<\/p>\n<\/li>\n<\/ol>","protected":false},"excerpt":{"rendered":"<p>RFID-tag \/ opladningspad i sort. Taggen er af MIFARE-standard og fungerer med alle opladningsbokse, der underst\u00f8tter MIFARE, inklusive Easee &amp; Zaptec. Dette produkt har en certificeret chip fra NXP\u00ae.<\/p>\n<p>Hvis du \u00f8nsker et nummer p\u00e5 tagget for nemt at tilf\u00f8je det til din app, skal du klikke p\u00e5 &quot;Tilpas produkt&quot; og v\u00e6lge &quot;Chippet UID&quot;. Vi graverer derefter det unikke n\u00f8glenummer, der findes p\u00e5 tagget, inden levering.<\/p>","protected":false},"featured_media":158677,"template":"","meta":{"_acf_changed":false},"product_brand":[],"product_cat":[3091,4784,4815,4814],"product_tag":[3090,4146],"class_list":{"0":"post-87451","1":"product","2":"type-product","3":"status-publish","4":"has-post-thumbnail","6":"product_cat-elbilsladdning","7":"product_cat-mifare1k","8":"product_cat-easee-taggar","9":"product_cat-zaptec-taggar","10":"product_tag-laddbricka","11":"product_tag-nxp","12":"product_shipping_class-postnord-varubrev","13":"pa_brands-stonehouse-security","14":"pa_chip-teknik-mifare1k","15":"tm-has-options","17":"first","18":"instock","19":"taxable","20":"shipping-taxable","21":"purchasable","22":"product-type-simple"},"acf":[],"_links":{"self":[{"href":"https:\/\/secureus.se\/dk\/wp-json\/wp\/v2\/product\/87451","targetHints":{"allow":["GET"]}}],"collection":[{"href":"https:\/\/secureus.se\/dk\/wp-json\/wp\/v2\/product"}],"about":[{"href":"https:\/\/secureus.se\/dk\/wp-json\/wp\/v2\/types\/product"}],"wp:featuredmedia":[{"embeddable":true,"href":"https:\/\/secureus.se\/dk\/wp-json\/wp\/v2\/media\/158677"}],"wp:attachment":[{"href":"https:\/\/secureus.se\/dk\/wp-json\/wp\/v2\/media?parent=87451"}],"wp:term":[{"taxonomy":"product_brand","embeddable":true,"href":"https:\/\/secureus.se\/dk\/wp-json\/wp\/v2\/product_brand?post=87451"},{"taxonomy":"product_cat","embeddable":true,"href":"https:\/\/secureus.se\/dk\/wp-json\/wp\/v2\/product_cat?post=87451"},{"taxonomy":"product_tag","embeddable":true,"href":"https:\/\/secureus.se\/dk\/wp-json\/wp\/v2\/product_tag?post=87451"}],"curies":[{"name":"wp","href":"https:\/\/api.w.org\/{rel}","templated":true}]}}