{"id":87759,"date":"2023-03-28T14:23:51","date_gmt":"2023-03-28T12:23:51","guid":{"rendered":"https:\/\/secureus.se\/produkt\/apollo-pp2526-discovery-brandknapp-inomhusbruk-en-54-11-certifierad-rod\/"},"modified":"2026-04-23T13:30:10","modified_gmt":"2026-04-23T11:30:10","slug":"apollo-pp2526-discovery-brandknapp-inomhusbruk-en-54-11-certifierad-rod","status":"publish","type":"product","link":"https:\/\/secureus.se\/dk\/apollo-pp2526-discovery-brandknapp-inomhusbruk-en-54-11-certifierad-rod\/","title":{"rendered":"Apollo PP2526 Discovery Fire knap, indend\u00f8rs brug, EN 54-11 certificeret, r\u00f8d"},"content":{"rendered":"<h1>Apollo PP2526 Discovery Fire knap, indend\u00f8rs brug, EN 54-11 certificeret, r\u00f8d<\/h1>\n<p class=\"\" data-start=\"396\" data-end=\"765\">Apollo PP2526 Discovery Intelligent Manual Call Point er designet til nemt at aktivere en brandalarm ved at trykke p\u00e5 den nulstillelige knap.<\/p>\n<p class=\"\" data-start=\"396\" data-end=\"765\">N\u00e5r den er aktiveret, giver den en konstant r\u00f8d LED for alarmstatus, mens den blinker gr\u00f8nt for pollingstatus og gult for fejl.<\/p>\n<p class=\"\" data-start=\"396\" data-end=\"765\">Dette g\u00f8r det nemt at overv\u00e5ge og verificere enhedens funktionalitet.<\/p>\n<p class=\"\" data-start=\"767\" data-end=\"1208\">Denne manuelle alarmcentral er velegnet til b\u00e5de semi-fors\u00e6nket og overflademonteret montering og har en IP44-klassificering for beskyttelse mod snavs og fugt.<\/p>\n<p class=\"\" data-start=\"767\" data-end=\"1208\">Med en sp\u00e6nding p\u00e5 17-35 V DC og kompatibilitet med XP95, Discovery og CoreProtocol-systemer tilbyder denne enhed h\u00f8j ydeevne og p\u00e5lidelighed.<\/p>\n<p class=\"\" data-start=\"767\" data-end=\"1208\">Den leveres med en &quot;Plug and Play&quot;-forbindelse for hurtig og nem installation og et kontinuitetslink til at teste kablerne f\u00f8r installation.<\/p>\n<p class=\"\" data-start=\"1210\" data-end=\"1343\">Med 10 \u00e5rs garanti og et robust polykarbonathus er denne manuelle alarmcentral en holdbar og sikker l\u00f8sning til brandalarmsystemer.<\/p>","protected":false},"excerpt":{"rendered":"<p>Apollo PP2526 Discovery Intelligent Manual Call Point bruges til manuelt at starte en alarm i branddetekteringssystemet.<\/p>\n<p>Den har en nulstillelig funktion, 170\u00b0 synlig LED og er certificeret i henhold til EN 54-11.<\/p>","protected":false},"featured_media":140460,"template":"","meta":{"_acf_changed":false},"product_brand":[],"product_cat":[4748],"product_tag":[],"class_list":{"0":"post-87759","1":"product","2":"type-product","3":"status-publish","4":"has-post-thumbnail","6":"product_cat-discovery-serien","7":"product_shipping_class-postnord-varubrev","8":"pa_brands-apollo-fire-detectors","9":"tm-no-options","11":"first","12":"instock","13":"sale","14":"featured","15":"taxable","16":"shipping-taxable","17":"purchasable","18":"product-type-simple"},"acf":[],"_links":{"self":[{"href":"https:\/\/secureus.se\/dk\/wp-json\/wp\/v2\/product\/87759","targetHints":{"allow":["GET"]}}],"collection":[{"href":"https:\/\/secureus.se\/dk\/wp-json\/wp\/v2\/product"}],"about":[{"href":"https:\/\/secureus.se\/dk\/wp-json\/wp\/v2\/types\/product"}],"wp:featuredmedia":[{"embeddable":true,"href":"https:\/\/secureus.se\/dk\/wp-json\/wp\/v2\/media\/140460"}],"wp:attachment":[{"href":"https:\/\/secureus.se\/dk\/wp-json\/wp\/v2\/media?parent=87759"}],"wp:term":[{"taxonomy":"product_brand","embeddable":true,"href":"https:\/\/secureus.se\/dk\/wp-json\/wp\/v2\/product_brand?post=87759"},{"taxonomy":"product_cat","embeddable":true,"href":"https:\/\/secureus.se\/dk\/wp-json\/wp\/v2\/product_cat?post=87759"},{"taxonomy":"product_tag","embeddable":true,"href":"https:\/\/secureus.se\/dk\/wp-json\/wp\/v2\/product_tag?post=87759"}],"curies":[{"name":"wp","href":"https:\/\/api.w.org\/{rel}","templated":true}]}}