{"id":87767,"date":"2023-09-14T14:45:32","date_gmt":"2023-09-14T12:45:32","guid":{"rendered":"https:\/\/secureus.se\/produkt\/siren-blixt-multiton-rod-en54-utom-inomhus-2\/"},"modified":"2026-03-12T13:13:03","modified_gmt":"2026-03-12T12:13:03","slug":"siren-blixt-multiton-rod-en54-utom-inomhus-bs-ah03127-s_low","status":"publish","type":"product","link":"https:\/\/secureus.se\/dk\/siren-blixt-multiton-rod-en54-utom-inomhus-bs-ah03127-s_low\/","title":{"rendered":"Sirene\/Flash Multitone R\u00f8d EN54, Udend\u00f8rs\/indend\u00f8rs BS-AH03127-S_LOW"},"content":{"rendered":"<h3 class=\"\" data-start=\"196\" data-end=\"289\"><strong data-start=\"200\" data-end=\"289\">Sirene med blink \u2013 R\u00f8d (BS-AH03127-S_LOW) \u2013 EN54-certificeret til indend\u00f8rs og udend\u00f8rs brug<\/strong><\/h3>\n<p class=\"\" data-start=\"291\" data-end=\"589\">En kraftfuld kombination af lyd- og lysalarmer \u2013 perfekt til industrilokaler, lagerbygninger, parkeringshuse og andre milj\u00f8er, hvor der kr\u00e6ves tydelige advarsler.<br data-start=\"436\" data-end=\"439\" \/>Sirenen\/Blitzen BS-AH03127-S_LOW er en avanceret alarmenhed med et lydniveau p\u00e5 op til 114 dB og st\u00e6rk visuel indikation via blitz, certificeret i henhold til EN54.<\/p>\n<hr class=\"\" data-start=\"591\" data-end=\"594\" \/>\n<h4 class=\"\" data-start=\"596\" data-end=\"616\"><strong data-start=\"601\" data-end=\"616\">Egenskaber:<\/strong><\/h4>\n<ul data-start=\"617\" data-end=\"1222\">\n<li class=\"\" data-start=\"617\" data-end=\"690\">\n<p class=\"\" data-start=\"619\" data-end=\"690\">\ud83d\udd0a <strong data-start=\"622\" data-end=\"656\">H\u00f8j lydstyrke op til 114 dB<\/strong> \u2013 kan h\u00f8res selv i st\u00f8jende omgivelser.<\/p>\n<\/li>\n<li class=\"\" data-start=\"691\" data-end=\"769\">\n<p class=\"\" data-start=\"693\" data-end=\"769\">\ud83d\udca1 <strong data-start=\"696\" data-end=\"737\">Integreret blitz med h\u00f8jtydende objektiv<\/strong> \u2013 for tydelig visuel advarsel.<\/p>\n<\/li>\n<li class=\"\" data-start=\"770\" data-end=\"856\">\n<p class=\"\" data-start=\"772\" data-end=\"856\">\ud83d\udd27 <strong data-start=\"775\" data-end=\"797\">Nem installation<\/strong> \u2013 dobbelte tilslutningsterminaler for nem serieforbindelse.<\/p>\n<\/li>\n<li class=\"\" data-start=\"857\" data-end=\"915\">\n<p class=\"\" data-start=\"859\" data-end=\"915\">\ud83c\udf9b\ufe0f <strong data-start=\"863\" data-end=\"880\">Lydstyrkekontrol<\/strong> \u2013 juster lydniveauet efter behov.<\/p>\n<\/li>\n<li class=\"\" data-start=\"916\" data-end=\"1001\">\n<p class=\"\" data-start=\"918\" data-end=\"1001\">\ud83d\udd04 <strong data-start=\"921\" data-end=\"939\">32 signaltoner<\/strong> \u2013 nemt at v\u00e6lge via DIP-switch, der passer til forskellige scenarier.<\/p>\n<\/li>\n<li class=\"\" data-start=\"1002\" data-end=\"1060\">\n<p class=\"\" data-start=\"1004\" data-end=\"1060\">\u26a1 <strong data-start=\"1006\" data-end=\"1030\">Lavt str\u00f8mforbrug<\/strong> \u2013 kun 14,5 mA under drift.<\/p>\n<\/li>\n<li class=\"\" data-start=\"1061\" data-end=\"1132\">\n<p class=\"\" data-start=\"1063\" data-end=\"1132\">\ud83d\udee1\ufe0f <strong data-start=\"1067\" data-end=\"1087\">Beskyttelsesklasse IP44<\/strong> \u2013 kan h\u00e5ndtere b\u00e5de indend\u00f8rs og udend\u00f8rs milj\u00f8er.<\/p>\n<\/li>\n<li class=\"\" data-start=\"1133\" data-end=\"1222\">\n<p class=\"\" data-start=\"1135\" data-end=\"1222\">\u2705 <strong data-start=\"1137\" data-end=\"1157\">EN54-certificeret<\/strong> \u2013 godkendt i henhold til europ\u00e6iske standarder for brandalarmudstyr.<\/p>\n<\/li>\n<\/ul>\n<hr class=\"\" data-start=\"1224\" data-end=\"1227\" \/>\n<h4 class=\"\" data-start=\"1229\" data-end=\"1258\"><strong data-start=\"1234\" data-end=\"1258\">Teknisk information:<\/strong><\/h4>\n<div class=\"_tableContainer_16hzy_1\">\n<div class=\"_tableWrapper_16hzy_14 group flex w-fit flex-col-reverse\">\n<table class=\"w-fit min-w-(--thread-content-width)\" data-start=\"1260\" data-end=\"1744\">\n<thead data-start=\"1260\" data-end=\"1285\">\n<tr data-start=\"1260\" data-end=\"1285\">\n<th data-start=\"1260\" data-end=\"1276\" data-col-size=\"sm\">Specifikation<\/th>\n<th data-start=\"1276\" data-end=\"1285\" data-col-size=\"sm\">V\u00e6rdi<\/th>\n<\/tr>\n<\/thead>\n<tbody data-start=\"1312\" data-end=\"1744\">\n<tr data-start=\"1312\" data-end=\"1345\">\n<td data-start=\"1312\" data-end=\"1325\" data-col-size=\"sm\"><strong data-start=\"1314\" data-end=\"1324\">Model<\/strong><\/td>\n<td data-start=\"1325\" data-end=\"1345\" data-col-size=\"sm\">BS-AH03127-S_LOW<\/td>\n<\/tr>\n<tr data-start=\"1346\" data-end=\"1380\">\n<td data-start=\"1346\" data-end=\"1356\" data-col-size=\"sm\"><strong data-start=\"1348\" data-end=\"1355\">Type<\/strong><\/td>\n<td data-start=\"1356\" data-end=\"1380\" data-col-size=\"sm\">Brandsirene med blitz<\/td>\n<\/tr>\n<tr data-start=\"1381\" data-end=\"1406\">\n<td data-start=\"1381\" data-end=\"1396\" data-col-size=\"sm\"><strong data-start=\"1383\" data-end=\"1395\">Sp\u00e6nding<\/strong><\/td>\n<td data-start=\"1396\" data-end=\"1406\" data-col-size=\"sm\">24V DC<\/td>\n<\/tr>\n<tr data-start=\"1407\" data-end=\"1449\">\n<td data-start=\"1407\" data-end=\"1438\" data-col-size=\"sm\"><strong data-start=\"1409\" data-end=\"1437\">Str\u00f8mforbrug (alarm)<\/strong><\/td>\n<td data-col-size=\"sm\" data-start=\"1438\" data-end=\"1449\">14,5mA<\/td>\n<\/tr>\n<tr data-start=\"1450\" data-end=\"1496\">\n<td data-start=\"1450\" data-end=\"1465\" data-col-size=\"sm\"><strong data-start=\"1452\" data-end=\"1464\">Lydniveau<\/strong><\/td>\n<td data-col-size=\"sm\" data-start=\"1465\" data-end=\"1496\">Op til 114 dB p\u00e5 1 meters afstand<\/td>\n<\/tr>\n<tr data-start=\"1497\" data-end=\"1529\">\n<td data-start=\"1497\" data-end=\"1515\" data-col-size=\"sm\"><strong data-start=\"1499\" data-end=\"1514\">Biptoner<\/strong><\/td>\n<td data-col-size=\"sm\" data-start=\"1515\" data-end=\"1529\">32 kan v\u00e6lges<\/td>\n<\/tr>\n<tr data-start=\"1530\" data-end=\"1548\">\n<td data-start=\"1530\" data-end=\"1541\" data-col-size=\"sm\"><strong data-start=\"1532\" data-end=\"1540\">Farve<\/strong><\/td>\n<td data-col-size=\"sm\" data-start=\"1541\" data-end=\"1548\">R\u00d8D<\/td>\n<\/tr>\n<tr data-start=\"1549\" data-end=\"1580\">\n<td data-start=\"1549\" data-end=\"1565\" data-col-size=\"sm\"><strong data-start=\"1551\" data-end=\"1564\">Montering<\/strong><\/td>\n<td data-start=\"1565\" data-end=\"1580\" data-col-size=\"sm\">Overflade montering<\/td>\n<\/tr>\n<tr data-start=\"1581\" data-end=\"1607\">\n<td data-start=\"1581\" data-end=\"1599\" data-col-size=\"sm\"><strong data-start=\"1583\" data-end=\"1598\">Beskyttelsesklasse<\/strong><\/td>\n<td data-col-size=\"sm\" data-start=\"1599\" data-end=\"1607\">IP44<\/td>\n<\/tr>\n<tr data-start=\"1608\" data-end=\"1651\">\n<td data-start=\"1608\" data-end=\"1631\" data-col-size=\"sm\"><strong data-start=\"1610\" data-end=\"1630\">Dimensioner (\u00d8 x H x D)<\/strong><\/td>\n<td data-col-size=\"sm\" data-start=\"1631\" data-end=\"1651\">93 x 110 x 90 mm<\/td>\n<\/tr>\n<tr data-start=\"1652\" data-end=\"1672\">\n<td data-start=\"1652\" data-end=\"1663\" data-col-size=\"sm\"><strong data-start=\"1654\" data-end=\"1662\">V\u00e6gt<\/strong><\/td>\n<td data-start=\"1663\" data-end=\"1672\" data-col-size=\"sm\">278 g<\/td>\n<\/tr>\n<tr data-start=\"1673\" data-end=\"1716\">\n<td data-start=\"1673\" data-end=\"1696\" data-col-size=\"sm\"><strong data-start=\"1675\" data-end=\"1695\">Arbejdstemperatur<\/strong><\/td>\n<td data-col-size=\"sm\" data-start=\"1696\" data-end=\"1716\">-25\u00b0C til +80\u00b0C<\/td>\n<\/tr>\n<tr data-start=\"1717\" data-end=\"1744\">\n<td data-start=\"1717\" data-end=\"1736\" data-col-size=\"sm\"><strong data-start=\"1719\" data-end=\"1735\">Certificering<\/strong><\/td>\n<td data-col-size=\"sm\" data-start=\"1736\" data-end=\"1744\">EN54<\/td>\n<\/tr>\n<\/tbody>\n<\/table>\n<div class=\"sticky end-(--thread-content-margin) h-0 self-end select-none\">\n<div class=\"absolute end-0 flex items-end\"><\/div>\n<\/div>\n<\/div>\n<\/div>\n<hr class=\"\" data-start=\"1746\" data-end=\"1749\" \/>\n<h4 class=\"\" data-start=\"1751\" data-end=\"1794\"><strong data-start=\"1756\" data-end=\"1794\">Anbefalede anvendelser:<\/strong><\/h4>\n<ul data-start=\"1795\" data-end=\"1976\">\n<li class=\"\" data-start=\"1795\" data-end=\"1837\">\n<p class=\"\" data-start=\"1797\" data-end=\"1837\">Fabrikker og industrianl\u00e6g<\/p>\n<\/li>\n<li class=\"\" data-start=\"1838\" data-end=\"1866\">\n<p class=\"\" data-start=\"1840\" data-end=\"1866\">Lagerbygninger og logistikcentre<\/p>\n<\/li>\n<li class=\"\" data-start=\"1867\" data-end=\"1918\">\n<p class=\"\" data-start=\"1869\" data-end=\"1918\">Parkeringshuse og st\u00f8rre erhvervsbygninger<\/p>\n<\/li>\n<li class=\"\" data-start=\"1919\" data-end=\"1976\">\n<p class=\"\" data-start=\"1921\" data-end=\"1976\">Offentlige milj\u00f8er, hvor b\u00e5de lyd- og lysalarmer er p\u00e5kr\u00e6vet<\/p>\n<\/li>\n<\/ul>\n<hr class=\"\" data-start=\"1978\" data-end=\"1981\" \/>\n<h4 class=\"\" data-start=\"1983\" data-end=\"2017\"><strong data-start=\"1988\" data-end=\"2017\">Installation og vedligeholdelse:<\/strong><\/h4>\n<p class=\"\" data-start=\"2018\" data-end=\"2310\">Monteres et sted, hvor b\u00e5de lyd og lys kan spredes frit uden forhindringer. S\u00f8rg for en stabil str\u00f8mforsyning og korrekt tilslutning i henhold til instruktionerne.<br data-start=\"2164\" data-end=\"2167\" \/>For optimal ydeevne skal du regelm\u00e6ssigt kontrollere, at intet blokerer lyd- eller lysudsendelserne, og reng\u00f8re enheden efter behov med en t\u00f8r, bl\u00f8d klud.<\/p>","protected":false},"excerpt":{"rendered":"<p>Kraftig sirene med blitz (114 dB) til indend\u00f8rs\/udend\u00f8rs brug \u2013 32 signaltoner, lavt str\u00f8mforbrug og EN54-certificeret. Perfekt til industri, lagerbygninger og offentlige milj\u00f8er.<\/p>","protected":false},"featured_media":140358,"template":"","meta":{"_acf_changed":false},"product_brand":[],"product_cat":[1825,5097],"product_tag":[2959,3042],"class_list":{"0":"post-87767","1":"product","2":"type-product","3":"status-publish","4":"has-post-thumbnail","6":"product_cat-sirener-brand","7":"product_cat-kombisiren-blixt-brand","8":"product_tag-certifierad-en54","9":"product_tag-kombi-siren-blixt","10":"pa_farg-rod","11":"tm-no-options","13":"first","14":"onbackorder","15":"sale","16":"featured","17":"taxable","18":"shipping-taxable","19":"purchasable","20":"product-type-simple"},"acf":[],"_links":{"self":[{"href":"https:\/\/secureus.se\/dk\/wp-json\/wp\/v2\/product\/87767","targetHints":{"allow":["GET"]}}],"collection":[{"href":"https:\/\/secureus.se\/dk\/wp-json\/wp\/v2\/product"}],"about":[{"href":"https:\/\/secureus.se\/dk\/wp-json\/wp\/v2\/types\/product"}],"wp:featuredmedia":[{"embeddable":true,"href":"https:\/\/secureus.se\/dk\/wp-json\/wp\/v2\/media\/140358"}],"wp:attachment":[{"href":"https:\/\/secureus.se\/dk\/wp-json\/wp\/v2\/media?parent=87767"}],"wp:term":[{"taxonomy":"product_brand","embeddable":true,"href":"https:\/\/secureus.se\/dk\/wp-json\/wp\/v2\/product_brand?post=87767"},{"taxonomy":"product_cat","embeddable":true,"href":"https:\/\/secureus.se\/dk\/wp-json\/wp\/v2\/product_cat?post=87767"},{"taxonomy":"product_tag","embeddable":true,"href":"https:\/\/secureus.se\/dk\/wp-json\/wp\/v2\/product_tag?post=87767"}],"curies":[{"name":"wp","href":"https:\/\/api.w.org\/{rel}","templated":true}]}}