{"id":89250,"date":"2024-01-04T15:43:11","date_gmt":"2024-01-04T14:43:11","guid":{"rendered":"https:\/\/secureus.se\/produkt\/fonsterbroms-160s-4-l1100mm-hoger\/"},"modified":"2026-03-25T15:42:00","modified_gmt":"2026-03-25T14:42:00","slug":"fonsterbroms-dorrbroms-160s-4-l1100mm-hoger","status":"publish","type":"product","link":"https:\/\/secureus.se\/dk\/fonsterbroms-dorrbroms-160s-4-l1100mm-hoger\/","title":{"rendered":"ASSA Fix 160S\/4 Vinduesbremse \/ D\u00f8rbremse \u2013 H\u00f8jre \u2013 452 mm"},"content":{"rendered":"<div>ASSA ABLOY 160S er en vinduesbremse til vinduer og vinduesd\u00f8re sammen med en spaniel, der har transmission (angivet med F i betegnelsen). Anvendes generelt til vinduer &amp; vinduesd\u00f8re sammen med ASSA\/FIX-spanjolet som har transmission til d\u00f8rbremse. 160S er typegodkendt som b\u00f8rnesikker l\u00e5seanordning iht. Boligstyrelsens Bygningsreglement, BBR, dette g\u00e6lder n\u00e5r n\u00f8glen tages ud af betjeningsgreb 4570 (k\u00f8bes separat). Bruges til at holde vinduer og terrassed\u00f8re \u00e5bne i den \u00f8nskede ventilationsposition. Vinduesbremse 160S har aftageligt karmbeslag og monteres med karmbeslag 5580 eller 5550T, som k\u00f8bes separat.<\/div>\n<div><b><br \/>\nEgenskaber:<\/b><\/div>\n<div>\n<ul>\n<li>Typegodkendt b\u00f8rnesikringsl\u00e5s iht. BBR<\/li>\n<li>G\u00e6lder hvis n\u00f8glen tages ud af betjeningsgreb 4570<\/li>\n<li>Med aftageligt rammebeslag (150 og 150S har fast beslag)<\/li>\n<li>Til vinduer og vinduesd\u00f8re, der skal have sikkerhedsbeslag.<\/li>\n<li>Betjenes med h\u00e5ndtaget p\u00e5 spanielen.<\/li>\n<li>Med h\u00e5ndtaget i lukket position holdes buen med friktion i den \u00f8nskede ventilationsposition.<\/li>\n<li>For at beskytte rammen og h\u00e6ngslerne glider vinduesbremsen ved overbelastning.<\/li>\n<li>Med h\u00e5ndtaget i \u00e5ben position har st\u00e6vnen frigang.<\/li>\n<li>Holdefriktionen \u00f8ges med en st\u00f8rre \u00e5bningsvinkel.<\/li>\n<li>H\u00f8jre eller venstre bestemmes afh\u00e6ngigt af spagnolet og d\u00f8rh\u00e6ngsel.<\/li>\n<\/ul>\n<\/div>\n<div><b><br \/>\nFunktion:<\/b><\/div>\n<div>\n<ul>\n<li>L\u00e5sestemplet, der begr\u00e6nser \u00e5bningen til den tilladte ventilationsposition for b\u00f8rnesikkerhed (maks. 100 mm \u00e5bningsspalte).<\/li>\n<li>For at \u00e5bne forbi l\u00e5sepositionen skal den aftagelige n\u00f8gle inds\u00e6ttes og \u00e5bnes.<\/li>\n<li>N\u00f8glen drejes, f\u00f8r st\u00e6vnen n\u00e5r sp\u00e6rrepositionen, n\u00e5r st\u00e6vnen \u00e5bner.<\/li>\n<li>L\u00e5sefunktionen genoptages automatisk, n\u00e5r buen lukkes og n\u00f8glen tages ud.<\/li>\n<\/ul>\n<\/div>\n<div><b><br \/>\nDimensioner st\u00f8rrelse 160S\/4:<\/b><\/div>\n<div>\n<ul>\n<li>Buebredde: 801-1100 mm<\/li>\n<li>L\u00e5seskaftl\u00e6ngde ved maksimal buebredde: 907 mm.<\/li>\n<li>Bremsekassel\u00e6ngde: 452 mm.<\/li>\n<li>Arml\u00e6ngde: 450 mm.<\/li>\n<li>Bredde: 20 mm<\/li>\n<\/ul>\n<p><strong>Se billederne for at finde ud af, hvilken model du skal bruge. Det f\u00f8rste billede i diasshowet viser altid den specifikke bremse, du i \u00f8jeblikket er p\u00e5.\u00a0<\/strong><\/p>\n<p><strong>At produktet hedder &quot;H\u00f8jre&quot; eller &quot;Venstre&quot; har intet at g\u00f8re med, om din d\u00f8r er venstre- eller h\u00f8jreh\u00e6ngt. Som et eksempel betyder en &quot;Venstre&quot; at bremsegrebet er i venstre side inde i bremseboksen\/kassen, n\u00e5r den \u00e5bne side af kassen vender opad.\u00a0<\/strong><\/p>\n<p><strong>Mange bestiller det forkerte produkt af denne type, s\u00e5 hvis du er usikker p\u00e5, om det, du har derhjemme, matcher billedet, beder vi dig v\u00e6re ekstra opm\u00e6rksom.<\/strong><\/p>\n<\/div>","protected":false},"excerpt":{"rendered":"<div style=\"background: #f6f8fa;padding: 14px;border-radius: 6px;margin: 15px 0\">\n<p><strong>\u2714 Denne model er RIGTIGT<\/strong><\/p>\n<p>Kontroll\u00e9r din eksisterende vinduesbremse, f\u00f8r du bestiller. N\u00e5r du holder bremseboksen med \u00e5bningen opad og den korte side mod dig selv, <strong>Bremsestiften er p\u00e5 h\u00f8jre side ved k\u00f8b af denne model.<\/strong><\/p>\n<p><img decoding=\"async\" style=\"max-width: 300px;width: 100%;margin-top: 10px;border-radius: 6px\" src=\"https:\/\/secureus.se\/wp-content\/uploads\/2026\/03\/hoger-vanster-enkel.jpg\" alt=\"F\u00f8r venstre eller h\u00f8jre rudebremse\" \/><\/p>\n<\/div>","protected":false},"featured_media":138905,"template":"","meta":{"_acf_changed":false},"product_brand":[],"product_cat":[3126,4795],"product_tag":[4100,4108,4102,4863],"class_list":{"0":"post-89250","1":"product","2":"type-product","3":"status-publish","4":"has-post-thumbnail","6":"product_cat-fonsterbroms","7":"product_cat-assa-fix-160s","8":"product_tag-4100","9":"product_tag-4108","10":"product_tag-hoger","11":"product_tag-pf","12":"product_shipping_class-tunga-paket","13":"pa_brands-abloy","14":"tm-no-options","16":"first","17":"outofstock","18":"taxable","19":"shipping-taxable","20":"purchasable","21":"product-type-simple"},"acf":[],"_links":{"self":[{"href":"https:\/\/secureus.se\/dk\/wp-json\/wp\/v2\/product\/89250","targetHints":{"allow":["GET"]}}],"collection":[{"href":"https:\/\/secureus.se\/dk\/wp-json\/wp\/v2\/product"}],"about":[{"href":"https:\/\/secureus.se\/dk\/wp-json\/wp\/v2\/types\/product"}],"wp:featuredmedia":[{"embeddable":true,"href":"https:\/\/secureus.se\/dk\/wp-json\/wp\/v2\/media\/138905"}],"wp:attachment":[{"href":"https:\/\/secureus.se\/dk\/wp-json\/wp\/v2\/media?parent=89250"}],"wp:term":[{"taxonomy":"product_brand","embeddable":true,"href":"https:\/\/secureus.se\/dk\/wp-json\/wp\/v2\/product_brand?post=89250"},{"taxonomy":"product_cat","embeddable":true,"href":"https:\/\/secureus.se\/dk\/wp-json\/wp\/v2\/product_cat?post=89250"},{"taxonomy":"product_tag","embeddable":true,"href":"https:\/\/secureus.se\/dk\/wp-json\/wp\/v2\/product_tag?post=89250"}],"curies":[{"name":"wp","href":"https:\/\/api.w.org\/{rel}","templated":true}]}}