{"id":89256,"date":"2024-01-04T15:43:15","date_gmt":"2024-01-04T14:43:15","guid":{"rendered":"https:\/\/secureus.se\/produkt\/fonsterbroms-150-1-l400mm-vanster\/"},"modified":"2026-05-05T17:16:56","modified_gmt":"2026-05-05T15:16:56","slug":"fonsterbroms-dorrbroms-150-1-l400mm-vanster","status":"publish","type":"product","link":"https:\/\/secureus.se\/dk\/fonsterbroms-dorrbroms-150-1-l400mm-vanster\/","title":{"rendered":"ASSA Fix 150\/1 Vinduesbremse \/ D\u00f8rbremse \u2013 Venstre \u2013 202 mm"},"content":{"rendered":"<p><strong>ASSA Fix 150\/1<\/strong> er en klassiker <strong>Vinduesbremse til vinduer og terrassed\u00f8re<\/strong> som bruges sammen med <strong>ASSA espagnolet med transfer<\/strong>Bremsen g\u00f8r det muligt for d\u00f8ren eller vinduet at forblive i en \u00e5ben ventilationsposition i stedet for at sm\u00e6kke i eller \u00e5bne helt.<\/p>\n<p>Den betjenes via espagnoleth\u00e5ndtaget og skaber friktion i bremsestangen, s\u00e5 d\u00f8ren kan holdes i den \u00f8nskede position.<\/p>\n<h3>Egenskaber<\/h3>\n<ul>\n<li>Fast rammemontering<\/li>\n<li>Anvendes sammen med ASSA\/FIX espagnolet med transfer<\/li>\n<li>Passer til vinduer og franske d\u00f8re<\/li>\n<li>Betjenes via espagnoletgrebet<\/li>\n<li>Holder d\u00f8ren i ventilationsposition<\/li>\n<li>Glider ved overbelastning for at beskytte h\u00e6ngsler og beslag<\/li>\n<\/ul>\n<h3>Dimensioner \u2013 ASSA Fix 150\/1<\/h3>\n<ul>\n<li>Til buebredde: 301\u2013400 mm<\/li>\n<li>L\u00e5seskaftl\u00e6ngde ved maksimal buebredde: 357 mm<\/li>\n<li>Bremsekassens l\u00e6ngde: 202 mm<\/li>\n<li>Arml\u00e6ngde: 140 mm<\/li>\n<li>Bremsekassens bredde: 20 mm<\/li>\n<\/ul>\n<h3>Vigtigt om venstre og h\u00f8jre<\/h3>\n<p>Navnet <strong>venstre eller h\u00f8jre<\/strong> har intet at g\u00f8re med om d\u00f8ren er venstre- eller h\u00f8jreh\u00e6ngt.<br \/>\nVarianten bestemmes i stedet af <strong>bremsestiftens position inde i bremseboksen<\/strong>.<\/p>\n<p>\u2022 Pind p\u00e5 venstre side = venstre model<br \/>\n\u2022 Pin p\u00e5 h\u00f8jre side = h\u00f8jre model<\/p>\n<p>Hold bremseboksen med \u00e5bningen opad og den korte side mod dig selv, n\u00e5r du kontrollerer dette.<\/p>\n<div style=\"background: #f6f8fa;padding: 14px;border-radius: 6px;margin: 18px 0\">\n<p><strong>Er du ikke sikker p\u00e5, hvilken model du har brug for?<\/strong><br \/>\nSammenlign din eksisterende bremse med produktbillederne, eller se hele sortimentet.<a style=\"font-weight: bold\" href=\"https:\/\/secureus.se\/dk\/fonsterbroms\/\"><br \/>\nSe alle rudebremser her \u2192<br \/>\n<\/a><\/p>\n<\/div>","protected":false},"excerpt":{"rendered":"<div style=\"background: #f6f8fa;padding: 14px;border-radius: 6px;margin: 15px 0\">\n<p><strong>\u2714 Denne model er VENSTRE<\/strong><\/p>\n<p>\nKontroller venligst din eksisterende vinduesbremse inden bestilling.<br \/>\nTjek ogs\u00e5 at <strong>bremseboksl\u00e6ngde og beslag<\/strong> passer til din eksisterende bremse.\n<\/p>\n<p>\nFor at kontrollere h\u00f8jre\/venstre: start fra <strong>bunden af bremsekassen<\/strong> og forestil dig det <strong>pinden peger v\u00e6k fra dig<\/strong>.<br \/>\nKig derefter p\u00e5 bremseboksen.\n<\/p>\n<p>\nVed k\u00f8b af denne model, <strong>bremsestiften er p\u00e5 venstre side<\/strong>.\n<\/p>\n<p>\n<strong>Venstre side = venstre model<\/strong><br \/>\n<strong>H\u00f8jre side = h\u00f8jre model<\/strong>\n<\/p>\n<p>\n<strong>Tips hvis bremsen er installeret:<\/strong><br \/>\nKig ind i bremseboksen nedefra, og forestil dig, at stangen peger v\u00e6k fra dig.\n<\/p>\n<p style=\"margin-bottom: 0\">\n<strong>Det er vigtigt:<\/strong> Se ikke fra stokkens retning, s\u00e5 vil venstre og h\u00f8jre v\u00e6re omvendt.\n<\/p>\n<p><img decoding=\"async\" style=\"max-width: 300px;width: 100%;margin-top: 12px;border-radius: 6px\" src=\"https:\/\/secureus.se\/wp-content\/uploads\/2026\/03\/hoger-vanster-enkel.jpg\" alt=\"F\u00f8r venstre eller h\u00f8jre rudebremse\" \/><\/p>\n<\/div>","protected":false},"featured_media":138881,"template":"","meta":{"_acf_changed":false},"product_brand":[],"product_cat":[3126,4793],"product_tag":[4101,4106,4863,4099],"class_list":{"0":"post-89256","1":"product","2":"type-product","3":"status-publish","4":"has-post-thumbnail","6":"product_cat-fonsterbroms","7":"product_cat-assa-fix-150","8":"product_tag-4101","9":"product_tag-4106","10":"product_tag-pf","11":"product_tag-vanster","12":"product_shipping_class-tunga-paket","13":"pa_brands-abloy","14":"tm-no-options","16":"first","17":"onbackorder","18":"sale","19":"taxable","20":"shipping-taxable","21":"purchasable","22":"product-type-simple"},"acf":[],"_links":{"self":[{"href":"https:\/\/secureus.se\/dk\/wp-json\/wp\/v2\/product\/89256","targetHints":{"allow":["GET"]}}],"collection":[{"href":"https:\/\/secureus.se\/dk\/wp-json\/wp\/v2\/product"}],"about":[{"href":"https:\/\/secureus.se\/dk\/wp-json\/wp\/v2\/types\/product"}],"wp:featuredmedia":[{"embeddable":true,"href":"https:\/\/secureus.se\/dk\/wp-json\/wp\/v2\/media\/138881"}],"wp:attachment":[{"href":"https:\/\/secureus.se\/dk\/wp-json\/wp\/v2\/media?parent=89256"}],"wp:term":[{"taxonomy":"product_brand","embeddable":true,"href":"https:\/\/secureus.se\/dk\/wp-json\/wp\/v2\/product_brand?post=89256"},{"taxonomy":"product_cat","embeddable":true,"href":"https:\/\/secureus.se\/dk\/wp-json\/wp\/v2\/product_cat?post=89256"},{"taxonomy":"product_tag","embeddable":true,"href":"https:\/\/secureus.se\/dk\/wp-json\/wp\/v2\/product_tag?post=89256"}],"curies":[{"name":"wp","href":"https:\/\/api.w.org\/{rel}","templated":true}]}}