{"id":89268,"date":"2024-01-04T15:43:18","date_gmt":"2024-01-04T14:43:18","guid":{"rendered":"https:\/\/secureus.se\/produkt\/fonsterbroms-160-4-oppning-91-180-vanster\/"},"modified":"2026-03-25T15:37:42","modified_gmt":"2026-03-25T14:37:42","slug":"fonsterbroms-dorrbroms-160-4-oppning-91-180-vanster","status":"publish","type":"product","link":"https:\/\/secureus.se\/dk\/fonsterbroms-dorrbroms-160-4-oppning-91-180-vanster\/","title":{"rendered":"ASSA Fix 160\/4 Vinduesbremse \/ D\u00f8rbremse \u2013 Venstre \u2013 447 mm \u2013 \u00c5bning 91\u2013180\u00b0"},"content":{"rendered":"<p><strong>ASSA Fix 160\/4<\/strong> er en <strong>Vinduesbremse til vinduer og terrassed\u00f8re<\/strong> som bruges sammen med <strong>ASSA\/FIX espagnolet med transfer<\/strong>Bremsen g\u00f8r det muligt for d\u00f8ren eller vinduet at forblive i en \u00e5ben ventilationsposition i stedet for at sm\u00e6kke i eller \u00e5bne helt.<\/p>\n<p>Den betjenes via espagnoleth\u00e5ndtaget og skaber friktion i bremsestangen, s\u00e5 d\u00f8ren kan holdes i den \u00f8nskede position.<\/p>\n<p>Model <strong>160<\/strong> har <strong>aftagelig rammebeslag<\/strong> og er monteret sammen med rammebeslaget <strong>5580<\/strong> eller <strong>5550T<\/strong> som k\u00f8bes separat.<\/p>\n<h3>Egenskaber<\/h3>\n<ul>\n<li>Aftagelig rammebeslag (150 og 150S har fast beslag)<\/li>\n<li>Anvendes sammen med ASSA\/FIX espagnolet med transfer<\/li>\n<li>Passer til vinduer og franske d\u00f8re<\/li>\n<li>Betjenes via espagnoletgrebet<\/li>\n<li>Holder d\u00f8ren i ventilationsposition<\/li>\n<li>Glider ved overbelastning for at beskytte h\u00e6ngsler og beslag<\/li>\n<li>Frigang i \u00e5ben h\u00e5ndtagsposition<\/li>\n<li>Holdefriktionen \u00f8ges med en st\u00f8rre \u00e5bningsvinkel<\/li>\n<\/ul>\n<h3>Dimensioner \u2013 ASSA Fix 160\/4 \u00c5bning 91\u2013180\u00b0<\/h3>\n<ul>\n<li>For buebredde: 718\u2013969 mm (afh\u00e6ngigt af \u00e5bningsvinkel, se tegning)<\/li>\n<li>L\u00e5seaksell\u00e6ngde: 1083 mm (sk\u00e5ret af kunde)<\/li>\n<li>Bremsekassel\u00e6ngde: 447 mm<\/li>\n<li>Bremsekassens bredde: 20 mm<\/li>\n<\/ul>\n<h3>Vigtigt om venstre og h\u00f8jre<\/h3>\n<p>Navnet <strong>venstre eller h\u00f8jre<\/strong> har intet at g\u00f8re med om d\u00f8ren er venstre- eller h\u00f8jreh\u00e6ngt.<br \/>\nVarianten bestemmes i stedet af <strong>bremsegrebets position inde i bremseboksen<\/strong>.<\/p>\n<p>\u2022 Bremsegreb p\u00e5 venstre side = venstremodel<br \/>\n\u2022 Bremsegreb p\u00e5 h\u00f8jre side = h\u00f8jre model<\/p>\n<p>Hold bremseboksen med \u00e5bningen opad og den korte side mod dig selv, n\u00e5r du kontrollerer dette.<\/p>\n<div style=\"background: #f6f8fa;padding: 14px;border-radius: 6px;margin: 18px 0\">\n<p><strong>Er du ikke sikker p\u00e5, hvilken model du har brug for?<\/strong><br \/>\nSammenlign din eksisterende bremse med produktbillederne, eller se hele sortimentet.<a style=\"font-weight: bold\" href=\"https:\/\/secureus.se\/dk\/fonsterbroms\/\"><br \/>\nSe alle rudebremser her \u2192<\/a><\/p>\n<\/div>","protected":false},"excerpt":{"rendered":"<div style=\"background: #f6f8fa;padding: 14px;border-radius: 6px;margin: 15px 0\">\n<p><strong>\u2714 Denne model er VENSTRE<\/strong><\/p>\n<p>Kontroll\u00e9r din eksisterende vinduesbremse, f\u00f8r du bestiller. N\u00e5r du holder bremseboksen med \u00e5bningen opad og den korte side mod dig selv, <strong>bremsestiften er p\u00e5 venstre side<\/strong>.<\/p>\n<p><img decoding=\"async\" style=\"max-width: 300px;width: 100%;margin-top: 10px;border-radius: 6px\" src=\"https:\/\/secureus.se\/wp-content\/uploads\/2026\/03\/hoger-vanster-enkel.jpg\" alt=\"F\u00f8r venstre eller h\u00f8jre rudebremse\" \/><\/p>\n<\/div>","protected":false},"featured_media":139617,"template":"","meta":{"_acf_changed":false},"product_brand":[],"product_cat":[3126,4794],"product_tag":[4100,4802,4863,4099],"class_list":{"0":"post-89268","1":"product","2":"type-product","3":"status-publish","4":"has-post-thumbnail","6":"product_cat-fonsterbroms","7":"product_cat-assa-fix-160","8":"product_tag-4100","9":"product_tag-447mm","10":"product_tag-pf","11":"product_tag-vanster","12":"product_shipping_class-tunga-paket","13":"pa_brands-abloy","14":"tm-no-options","16":"first","17":"instock","18":"sale","19":"taxable","20":"shipping-taxable","21":"purchasable","22":"product-type-simple"},"acf":[],"_links":{"self":[{"href":"https:\/\/secureus.se\/dk\/wp-json\/wp\/v2\/product\/89268","targetHints":{"allow":["GET"]}}],"collection":[{"href":"https:\/\/secureus.se\/dk\/wp-json\/wp\/v2\/product"}],"about":[{"href":"https:\/\/secureus.se\/dk\/wp-json\/wp\/v2\/types\/product"}],"wp:featuredmedia":[{"embeddable":true,"href":"https:\/\/secureus.se\/dk\/wp-json\/wp\/v2\/media\/139617"}],"wp:attachment":[{"href":"https:\/\/secureus.se\/dk\/wp-json\/wp\/v2\/media?parent=89268"}],"wp:term":[{"taxonomy":"product_brand","embeddable":true,"href":"https:\/\/secureus.se\/dk\/wp-json\/wp\/v2\/product_brand?post=89268"},{"taxonomy":"product_cat","embeddable":true,"href":"https:\/\/secureus.se\/dk\/wp-json\/wp\/v2\/product_cat?post=89268"},{"taxonomy":"product_tag","embeddable":true,"href":"https:\/\/secureus.se\/dk\/wp-json\/wp\/v2\/product_tag?post=89268"}],"curies":[{"name":"wp","href":"https:\/\/api.w.org\/{rel}","templated":true}]}}